{"id":17333,"date":"2025-04-17T10:23:30","date_gmt":"2025-04-17T08:23:30","guid":{"rendered":"https:\/\/onlan-gaming.com\/?post_type=product&#038;p=17333"},"modified":"2025-04-17T14:07:16","modified_gmt":"2025-04-17T12:07:16","slug":"car-holder-support-voiture-pour-console","status":"publish","type":"product","link":"https:\/\/onlan-gaming.com\/es\/product\/car-holder-support-voiture-pour-console\/","title":{"rendered":"Car Holder Support voiture pour Console"},"content":{"rendered":"<ul>\n<li>Compatible Switch 1 &amp; 2<\/li>\n<li>Rotation de 360\u00b0 du support<\/li>\n<li>Inclinaison +20\u00b0\/-20\u00b0<\/li>\n<li>Patins en silicones antid\u00e9rapants<\/li>\n<li>Fixation s\u00e9curis\u00e9e<\/li>\n<\/ul>\n","protected":false},"excerpt":{"rendered":"<p>Le support de voiture Car Holder est \u00a0sp\u00e9cialement con\u00e7u pour la\u00a0<strong>Switch 2<\/strong>. Il est \u00e9galement compatible avec la premi\u00e8re\u00a0<strong>Switch<\/strong>\u00a0ainsi qu&#8217;avec tout type de tablette allant de\u00a0<strong>7 \u00e0 12 pouces<\/strong>. Ce support offre une solution pratique et s\u00e9curis\u00e9e pour profiter de vos appareils en voiture, que ce soit pour le divertissement des passagers ou pour une utilisation professionnelle.<\/p>\n","protected":false},"featured_media":17416,"template":"","meta":{"_acf_changed":false,"footnotes":""},"product_brand":[],"product_cat":[531,552,551],"product_tag":[],"class_list":{"0":"post-17333","1":"product","2":"type-product","3":"status-publish","4":"has-post-thumbnail","6":"product_cat-nintendo","7":"product_cat-switch-1","8":"product_cat-switch-2","10":"first","11":"instock","12":"shipping-taxable","13":"purchasable","14":"product-type-simple"},"acf":[],"yoast_head":"<!-- This site is optimized with the Yoast SEO plugin v25.7 - https:\/\/yoast.com\/wordpress\/plugins\/seo\/ -->\n<title>Car Holder Support voiture pour Console - OnLan Gaming<\/title>\n<meta name=\"robots\" content=\"index, follow, max-snippet:-1, max-image-preview:large, max-video-preview:-1\" \/>\n<link rel=\"canonical\" href=\"https:\/\/onlan-gaming.com\/product\/car-holder-support-voiture-pour-console\/\" \/>\n<meta property=\"og:locale\" content=\"es_ES\" \/>\n<meta property=\"og:type\" content=\"article\" \/>\n<meta property=\"og:title\" content=\"Car Holder Support voiture pour Console - OnLan Gaming\" \/>\n<meta property=\"og:description\" content=\"Le support de voiture Car Holder est \u00a0sp\u00e9cialement con\u00e7u pour la\u00a0Switch 2. Il est \u00e9galement compatible avec la premi\u00e8re\u00a0Switch\u00a0ainsi qu&#039;avec tout type de tablette allant de\u00a07 \u00e0 12 pouces. Ce support offre une solution pratique et s\u00e9curis\u00e9e pour profiter de vos appareils en voiture, que ce soit pour le divertissement des passagers ou pour une utilisation professionnelle.\" \/>\n<meta property=\"og:url\" content=\"https:\/\/onlan-gaming.com\/product\/car-holder-support-voiture-pour-console\/\" \/>\n<meta property=\"og:site_name\" content=\"OnLan Gaming\" \/>\n<meta property=\"article:modified_time\" content=\"2025-04-17T12:07:16+00:00\" \/>\n<meta property=\"og:image\" content=\"https:\/\/onlan-gaming.com\/wp-content\/uploads\/3015220019340_1.png\" \/>\n\t<meta property=\"og:image:width\" content=\"2001\" \/>\n\t<meta property=\"og:image:height\" content=\"2001\" \/>\n\t<meta property=\"og:image:type\" content=\"image\/png\" \/>\n<meta name=\"twitter:card\" content=\"summary_large_image\" \/>\n<script type=\"application\/ld+json\" class=\"yoast-schema-graph\">{\"@context\":\"https:\/\/schema.org\",\"@graph\":[{\"@type\":\"WebPage\",\"@id\":\"https:\/\/onlan-gaming.com\/product\/car-holder-support-voiture-pour-console\/\",\"url\":\"https:\/\/onlan-gaming.com\/product\/car-holder-support-voiture-pour-console\/\",\"name\":\"Car Holder Support voiture pour Console - OnLan Gaming\",\"isPartOf\":{\"@id\":\"https:\/\/onlan-gaming.com\/#website\"},\"primaryImageOfPage\":{\"@id\":\"https:\/\/onlan-gaming.com\/product\/car-holder-support-voiture-pour-console\/#primaryimage\"},\"image\":{\"@id\":\"https:\/\/onlan-gaming.com\/product\/car-holder-support-voiture-pour-console\/#primaryimage\"},\"thumbnailUrl\":\"https:\/\/onlan-gaming.com\/wp-content\/uploads\/3015220019340_1.png\",\"datePublished\":\"2025-04-17T08:23:30+00:00\",\"dateModified\":\"2025-04-17T12:07:16+00:00\",\"breadcrumb\":{\"@id\":\"https:\/\/onlan-gaming.com\/product\/car-holder-support-voiture-pour-console\/#breadcrumb\"},\"inLanguage\":\"es\",\"potentialAction\":[{\"@type\":\"ReadAction\",\"target\":[\"https:\/\/onlan-gaming.com\/product\/car-holder-support-voiture-pour-console\/\"]}]},{\"@type\":\"ImageObject\",\"inLanguage\":\"es\",\"@id\":\"https:\/\/onlan-gaming.com\/product\/car-holder-support-voiture-pour-console\/#primaryimage\",\"url\":\"https:\/\/onlan-gaming.com\/wp-content\/uploads\/3015220019340_1.png\",\"contentUrl\":\"https:\/\/onlan-gaming.com\/wp-content\/uploads\/3015220019340_1.png\",\"width\":2001,\"height\":2001},{\"@type\":\"BreadcrumbList\",\"@id\":\"https:\/\/onlan-gaming.com\/product\/car-holder-support-voiture-pour-console\/#breadcrumb\",\"itemListElement\":[{\"@type\":\"ListItem\",\"position\":1,\"name\":\"Tienda\",\"item\":\"https:\/\/onlan-gaming.com\/es\/tienda\/\"},{\"@type\":\"ListItem\",\"position\":2,\"name\":\"Car Holder Support voiture pour Console\"}]},{\"@type\":\"WebSite\",\"@id\":\"https:\/\/onlan-gaming.com\/#website\",\"url\":\"https:\/\/onlan-gaming.com\/\",\"name\":\"OnLan Gaming\",\"description\":\"\",\"potentialAction\":[{\"@type\":\"SearchAction\",\"target\":{\"@type\":\"EntryPoint\",\"urlTemplate\":\"https:\/\/onlan-gaming.com\/?s={search_term_string}\"},\"query-input\":{\"@type\":\"PropertyValueSpecification\",\"valueRequired\":true,\"valueName\":\"search_term_string\"}}],\"inLanguage\":\"es\"}]}<\/script>\n<!-- \/ Yoast SEO plugin. -->","yoast_head_json":{"title":"Car Holder Support voiture pour Console - OnLan Gaming","robots":{"index":"index","follow":"follow","max-snippet":"max-snippet:-1","max-image-preview":"max-image-preview:large","max-video-preview":"max-video-preview:-1"},"canonical":"https:\/\/onlan-gaming.com\/product\/car-holder-support-voiture-pour-console\/","og_locale":"es_ES","og_type":"article","og_title":"Car Holder Support voiture pour Console - OnLan Gaming","og_description":"Le support de voiture Car Holder est \u00a0sp\u00e9cialement con\u00e7u pour la\u00a0Switch 2. Il est \u00e9galement compatible avec la premi\u00e8re\u00a0Switch\u00a0ainsi qu'avec tout type de tablette allant de\u00a07 \u00e0 12 pouces. Ce support offre une solution pratique et s\u00e9curis\u00e9e pour profiter de vos appareils en voiture, que ce soit pour le divertissement des passagers ou pour une utilisation professionnelle.","og_url":"https:\/\/onlan-gaming.com\/product\/car-holder-support-voiture-pour-console\/","og_site_name":"OnLan Gaming","article_modified_time":"2025-04-17T12:07:16+00:00","og_image":[{"width":2001,"height":2001,"url":"https:\/\/onlan-gaming.com\/wp-content\/uploads\/3015220019340_1.png","type":"image\/png"}],"twitter_card":"summary_large_image","schema":{"@context":"https:\/\/schema.org","@graph":[{"@type":"WebPage","@id":"https:\/\/onlan-gaming.com\/product\/car-holder-support-voiture-pour-console\/","url":"https:\/\/onlan-gaming.com\/product\/car-holder-support-voiture-pour-console\/","name":"Car Holder Support voiture pour Console - OnLan Gaming","isPartOf":{"@id":"https:\/\/onlan-gaming.com\/#website"},"primaryImageOfPage":{"@id":"https:\/\/onlan-gaming.com\/product\/car-holder-support-voiture-pour-console\/#primaryimage"},"image":{"@id":"https:\/\/onlan-gaming.com\/product\/car-holder-support-voiture-pour-console\/#primaryimage"},"thumbnailUrl":"https:\/\/onlan-gaming.com\/wp-content\/uploads\/3015220019340_1.png","datePublished":"2025-04-17T08:23:30+00:00","dateModified":"2025-04-17T12:07:16+00:00","breadcrumb":{"@id":"https:\/\/onlan-gaming.com\/product\/car-holder-support-voiture-pour-console\/#breadcrumb"},"inLanguage":"es","potentialAction":[{"@type":"ReadAction","target":["https:\/\/onlan-gaming.com\/product\/car-holder-support-voiture-pour-console\/"]}]},{"@type":"ImageObject","inLanguage":"es","@id":"https:\/\/onlan-gaming.com\/product\/car-holder-support-voiture-pour-console\/#primaryimage","url":"https:\/\/onlan-gaming.com\/wp-content\/uploads\/3015220019340_1.png","contentUrl":"https:\/\/onlan-gaming.com\/wp-content\/uploads\/3015220019340_1.png","width":2001,"height":2001},{"@type":"BreadcrumbList","@id":"https:\/\/onlan-gaming.com\/product\/car-holder-support-voiture-pour-console\/#breadcrumb","itemListElement":[{"@type":"ListItem","position":1,"name":"Tienda","item":"https:\/\/onlan-gaming.com\/es\/tienda\/"},{"@type":"ListItem","position":2,"name":"Car Holder Support voiture pour Console"}]},{"@type":"WebSite","@id":"https:\/\/onlan-gaming.com\/#website","url":"https:\/\/onlan-gaming.com\/","name":"OnLan Gaming","description":"","potentialAction":[{"@type":"SearchAction","target":{"@type":"EntryPoint","urlTemplate":"https:\/\/onlan-gaming.com\/?s={search_term_string}"},"query-input":{"@type":"PropertyValueSpecification","valueRequired":true,"valueName":"search_term_string"}}],"inLanguage":"es"}]}},"_links":{"self":[{"href":"https:\/\/onlan-gaming.com\/es\/wp-json\/wp\/v2\/product\/17333","targetHints":{"allow":["GET"]}}],"collection":[{"href":"https:\/\/onlan-gaming.com\/es\/wp-json\/wp\/v2\/product"}],"about":[{"href":"https:\/\/onlan-gaming.com\/es\/wp-json\/wp\/v2\/types\/product"}],"version-history":[{"count":3,"href":"https:\/\/onlan-gaming.com\/es\/wp-json\/wp\/v2\/product\/17333\/revisions"}],"predecessor-version":[{"id":17442,"href":"https:\/\/onlan-gaming.com\/es\/wp-json\/wp\/v2\/product\/17333\/revisions\/17442"}],"wp:featuredmedia":[{"embeddable":true,"href":"https:\/\/onlan-gaming.com\/es\/wp-json\/wp\/v2\/media\/17416"}],"wp:attachment":[{"href":"https:\/\/onlan-gaming.com\/es\/wp-json\/wp\/v2\/media?parent=17333"}],"wp:term":[{"taxonomy":"product_brand","embeddable":true,"href":"https:\/\/onlan-gaming.com\/es\/wp-json\/wp\/v2\/product_brand?post=17333"},{"taxonomy":"product_cat","embeddable":true,"href":"https:\/\/onlan-gaming.com\/es\/wp-json\/wp\/v2\/product_cat?post=17333"},{"taxonomy":"product_tag","embeddable":true,"href":"https:\/\/onlan-gaming.com\/es\/wp-json\/wp\/v2\/product_tag?post=17333"}],"curies":[{"name":"wp","href":"https:\/\/api.w.org\/{rel}","templated":true}]}}