{"id":17240,"date":"2024-10-28T11:28:58","date_gmt":"2024-10-28T10:28:58","guid":{"rendered":"https:\/\/onlan-gaming.com\/?post_type=product&#038;p=17240"},"modified":"2024-10-28T11:38:47","modified_gmt":"2024-10-28T10:38:47","slug":"as-300-interceptor-tapis-de-souris-xxl-90x40","status":"publish","type":"product","link":"https:\/\/onlan-gaming.com\/es\/product\/as-300-interceptor-tapis-de-souris-xxl-90x40\/","title":{"rendered":"AS-300 INTERCEPTOR Tapis de Souris XXL 90\u00d740"},"content":{"rendered":"<ul>\n<li>40 cm x 90 cm<\/li>\n<li>Surface de haute pr\u00e9cision<\/li>\n<li>Lavable en machine<\/li>\n<\/ul>\n","protected":false},"excerpt":{"rendered":"<p>Le Tapis AS-300 vous garantit les meilleurs performances gr\u00e2ce \u00e0 sa mati\u00e8re adapt\u00e9e au glissement et \u00e0 la lecture optiques. Sa surface inf\u00e9rieure assure un bon maintient.<\/p>\n","protected":false},"featured_media":17294,"template":"","meta":{"_acf_changed":false,"footnotes":""},"product_brand":[],"product_cat":[524],"product_tag":[],"class_list":{"0":"post-17240","1":"product","2":"type-product","3":"status-publish","4":"has-post-thumbnail","6":"product_cat-tapis-de-souris","8":"first","9":"instock","10":"shipping-taxable","11":"purchasable","12":"product-type-simple"},"acf":[],"yoast_head":"<!-- This site is optimized with the Yoast SEO plugin v25.7 - https:\/\/yoast.com\/wordpress\/plugins\/seo\/ -->\n<title>AS-300 INTERCEPTOR Tapis de Souris XXL 90\u00d740 - OnLan Gaming<\/title>\n<meta name=\"robots\" content=\"index, follow, max-snippet:-1, max-image-preview:large, max-video-preview:-1\" \/>\n<link rel=\"canonical\" href=\"https:\/\/onlan-gaming.com\/product\/as-300-interceptor-tapis-de-souris-xxl-90x40\/\" \/>\n<meta property=\"og:locale\" content=\"es_ES\" \/>\n<meta property=\"og:type\" content=\"article\" \/>\n<meta property=\"og:title\" content=\"AS-300 INTERCEPTOR Tapis de Souris XXL 90\u00d740 - OnLan Gaming\" \/>\n<meta property=\"og:description\" content=\"Le Tapis AS-300 vous garantit les meilleurs performances gr\u00e2ce \u00e0 sa mati\u00e8re adapt\u00e9e au glissement et \u00e0 la lecture optiques. Sa surface inf\u00e9rieure assure un bon maintient.\" \/>\n<meta property=\"og:url\" content=\"https:\/\/onlan-gaming.com\/product\/as-300-interceptor-tapis-de-souris-xxl-90x40\/\" \/>\n<meta property=\"og:site_name\" content=\"OnLan Gaming\" \/>\n<meta property=\"article:modified_time\" content=\"2024-10-28T10:38:47+00:00\" \/>\n<meta property=\"og:image\" content=\"https:\/\/onlan-gaming.com\/wp-content\/uploads\/3015220002045-1-1024x1024.png\" \/>\n\t<meta property=\"og:image:width\" content=\"1024\" \/>\n\t<meta property=\"og:image:height\" content=\"1024\" \/>\n\t<meta property=\"og:image:type\" content=\"image\/png\" \/>\n<meta name=\"twitter:card\" content=\"summary_large_image\" \/>\n<script type=\"application\/ld+json\" class=\"yoast-schema-graph\">{\"@context\":\"https:\/\/schema.org\",\"@graph\":[{\"@type\":\"WebPage\",\"@id\":\"https:\/\/onlan-gaming.com\/product\/as-300-interceptor-tapis-de-souris-xxl-90x40\/\",\"url\":\"https:\/\/onlan-gaming.com\/product\/as-300-interceptor-tapis-de-souris-xxl-90x40\/\",\"name\":\"AS-300 INTERCEPTOR Tapis de Souris XXL 90\u00d740 - OnLan Gaming\",\"isPartOf\":{\"@id\":\"https:\/\/onlan-gaming.com\/#website\"},\"primaryImageOfPage\":{\"@id\":\"https:\/\/onlan-gaming.com\/product\/as-300-interceptor-tapis-de-souris-xxl-90x40\/#primaryimage\"},\"image\":{\"@id\":\"https:\/\/onlan-gaming.com\/product\/as-300-interceptor-tapis-de-souris-xxl-90x40\/#primaryimage\"},\"thumbnailUrl\":\"https:\/\/onlan-gaming.com\/wp-content\/uploads\/3015220002045-1.png\",\"datePublished\":\"2024-10-28T10:28:58+00:00\",\"dateModified\":\"2024-10-28T10:38:47+00:00\",\"breadcrumb\":{\"@id\":\"https:\/\/onlan-gaming.com\/product\/as-300-interceptor-tapis-de-souris-xxl-90x40\/#breadcrumb\"},\"inLanguage\":\"es\",\"potentialAction\":[{\"@type\":\"ReadAction\",\"target\":[\"https:\/\/onlan-gaming.com\/product\/as-300-interceptor-tapis-de-souris-xxl-90x40\/\"]}]},{\"@type\":\"ImageObject\",\"inLanguage\":\"es\",\"@id\":\"https:\/\/onlan-gaming.com\/product\/as-300-interceptor-tapis-de-souris-xxl-90x40\/#primaryimage\",\"url\":\"https:\/\/onlan-gaming.com\/wp-content\/uploads\/3015220002045-1.png\",\"contentUrl\":\"https:\/\/onlan-gaming.com\/wp-content\/uploads\/3015220002045-1.png\",\"width\":6005,\"height\":6001},{\"@type\":\"BreadcrumbList\",\"@id\":\"https:\/\/onlan-gaming.com\/product\/as-300-interceptor-tapis-de-souris-xxl-90x40\/#breadcrumb\",\"itemListElement\":[{\"@type\":\"ListItem\",\"position\":1,\"name\":\"Tienda\",\"item\":\"https:\/\/onlan-gaming.com\/es\/tienda\/\"},{\"@type\":\"ListItem\",\"position\":2,\"name\":\"AS-300 INTERCEPTOR Tapis de Souris XXL 90\u00d740\"}]},{\"@type\":\"WebSite\",\"@id\":\"https:\/\/onlan-gaming.com\/#website\",\"url\":\"https:\/\/onlan-gaming.com\/\",\"name\":\"OnLan Gaming\",\"description\":\"\",\"potentialAction\":[{\"@type\":\"SearchAction\",\"target\":{\"@type\":\"EntryPoint\",\"urlTemplate\":\"https:\/\/onlan-gaming.com\/?s={search_term_string}\"},\"query-input\":{\"@type\":\"PropertyValueSpecification\",\"valueRequired\":true,\"valueName\":\"search_term_string\"}}],\"inLanguage\":\"es\"}]}<\/script>\n<!-- \/ Yoast SEO plugin. -->","yoast_head_json":{"title":"AS-300 INTERCEPTOR Tapis de Souris XXL 90\u00d740 - OnLan Gaming","robots":{"index":"index","follow":"follow","max-snippet":"max-snippet:-1","max-image-preview":"max-image-preview:large","max-video-preview":"max-video-preview:-1"},"canonical":"https:\/\/onlan-gaming.com\/product\/as-300-interceptor-tapis-de-souris-xxl-90x40\/","og_locale":"es_ES","og_type":"article","og_title":"AS-300 INTERCEPTOR Tapis de Souris XXL 90\u00d740 - OnLan Gaming","og_description":"Le Tapis AS-300 vous garantit les meilleurs performances gr\u00e2ce \u00e0 sa mati\u00e8re adapt\u00e9e au glissement et \u00e0 la lecture optiques. Sa surface inf\u00e9rieure assure un bon maintient.","og_url":"https:\/\/onlan-gaming.com\/product\/as-300-interceptor-tapis-de-souris-xxl-90x40\/","og_site_name":"OnLan Gaming","article_modified_time":"2024-10-28T10:38:47+00:00","og_image":[{"width":1024,"height":1024,"url":"https:\/\/onlan-gaming.com\/wp-content\/uploads\/3015220002045-1-1024x1024.png","type":"image\/png"}],"twitter_card":"summary_large_image","schema":{"@context":"https:\/\/schema.org","@graph":[{"@type":"WebPage","@id":"https:\/\/onlan-gaming.com\/product\/as-300-interceptor-tapis-de-souris-xxl-90x40\/","url":"https:\/\/onlan-gaming.com\/product\/as-300-interceptor-tapis-de-souris-xxl-90x40\/","name":"AS-300 INTERCEPTOR Tapis de Souris XXL 90\u00d740 - OnLan Gaming","isPartOf":{"@id":"https:\/\/onlan-gaming.com\/#website"},"primaryImageOfPage":{"@id":"https:\/\/onlan-gaming.com\/product\/as-300-interceptor-tapis-de-souris-xxl-90x40\/#primaryimage"},"image":{"@id":"https:\/\/onlan-gaming.com\/product\/as-300-interceptor-tapis-de-souris-xxl-90x40\/#primaryimage"},"thumbnailUrl":"https:\/\/onlan-gaming.com\/wp-content\/uploads\/3015220002045-1.png","datePublished":"2024-10-28T10:28:58+00:00","dateModified":"2024-10-28T10:38:47+00:00","breadcrumb":{"@id":"https:\/\/onlan-gaming.com\/product\/as-300-interceptor-tapis-de-souris-xxl-90x40\/#breadcrumb"},"inLanguage":"es","potentialAction":[{"@type":"ReadAction","target":["https:\/\/onlan-gaming.com\/product\/as-300-interceptor-tapis-de-souris-xxl-90x40\/"]}]},{"@type":"ImageObject","inLanguage":"es","@id":"https:\/\/onlan-gaming.com\/product\/as-300-interceptor-tapis-de-souris-xxl-90x40\/#primaryimage","url":"https:\/\/onlan-gaming.com\/wp-content\/uploads\/3015220002045-1.png","contentUrl":"https:\/\/onlan-gaming.com\/wp-content\/uploads\/3015220002045-1.png","width":6005,"height":6001},{"@type":"BreadcrumbList","@id":"https:\/\/onlan-gaming.com\/product\/as-300-interceptor-tapis-de-souris-xxl-90x40\/#breadcrumb","itemListElement":[{"@type":"ListItem","position":1,"name":"Tienda","item":"https:\/\/onlan-gaming.com\/es\/tienda\/"},{"@type":"ListItem","position":2,"name":"AS-300 INTERCEPTOR Tapis de Souris XXL 90\u00d740"}]},{"@type":"WebSite","@id":"https:\/\/onlan-gaming.com\/#website","url":"https:\/\/onlan-gaming.com\/","name":"OnLan Gaming","description":"","potentialAction":[{"@type":"SearchAction","target":{"@type":"EntryPoint","urlTemplate":"https:\/\/onlan-gaming.com\/?s={search_term_string}"},"query-input":{"@type":"PropertyValueSpecification","valueRequired":true,"valueName":"search_term_string"}}],"inLanguage":"es"}]}},"_links":{"self":[{"href":"https:\/\/onlan-gaming.com\/es\/wp-json\/wp\/v2\/product\/17240","targetHints":{"allow":["GET"]}}],"collection":[{"href":"https:\/\/onlan-gaming.com\/es\/wp-json\/wp\/v2\/product"}],"about":[{"href":"https:\/\/onlan-gaming.com\/es\/wp-json\/wp\/v2\/types\/product"}],"version-history":[{"count":2,"href":"https:\/\/onlan-gaming.com\/es\/wp-json\/wp\/v2\/product\/17240\/revisions"}],"predecessor-version":[{"id":17303,"href":"https:\/\/onlan-gaming.com\/es\/wp-json\/wp\/v2\/product\/17240\/revisions\/17303"}],"wp:featuredmedia":[{"embeddable":true,"href":"https:\/\/onlan-gaming.com\/es\/wp-json\/wp\/v2\/media\/17294"}],"wp:attachment":[{"href":"https:\/\/onlan-gaming.com\/es\/wp-json\/wp\/v2\/media?parent=17240"}],"wp:term":[{"taxonomy":"product_brand","embeddable":true,"href":"https:\/\/onlan-gaming.com\/es\/wp-json\/wp\/v2\/product_brand?post=17240"},{"taxonomy":"product_cat","embeddable":true,"href":"https:\/\/onlan-gaming.com\/es\/wp-json\/wp\/v2\/product_cat?post=17240"},{"taxonomy":"product_tag","embeddable":true,"href":"https:\/\/onlan-gaming.com\/es\/wp-json\/wp\/v2\/product_tag?post=17240"}],"curies":[{"name":"wp","href":"https:\/\/api.w.org\/{rel}","templated":true}]}}