{"id":17236,"date":"2024-10-28T11:11:56","date_gmt":"2024-10-28T10:11:56","guid":{"rendered":"https:\/\/onlan-gaming.com\/?post_type=product&#038;p=17236"},"modified":"2024-10-28T11:11:58","modified_gmt":"2024-10-28T10:11:58","slug":"as-290-u-tapis-de-souris-xl-rgb-90x30","status":"publish","type":"product","link":"https:\/\/onlan-gaming.com\/es\/product\/as-290-u-tapis-de-souris-xl-rgb-90x30\/","title":{"rendered":"AS-290-U Tapis de Souris XL RGB 90&#215;30"},"content":{"rendered":"<ul>\n<li>30 x 90 cm<\/li>\n<li>Surface de Pr\u00e9cision<\/li>\n<li>Contour RGB<\/li>\n<li>X modes lumineux<\/li>\n<\/ul>\n","protected":false},"excerpt":{"rendered":"<div class=\"woocommerce-product-details__short-description\">\n<p>Le Tapis AS-290-U habille votre bureau avec son contour RGB. Il vous garantit les meilleurs performances gr\u00e2ce \u00e0 sa mati\u00e8re adapt\u00e9e au glissement et \u00e0 la lecture optiques. Sa surface inf\u00e9rieure assure un bon maintient.<\/p>\n<\/div>\n<div class=\"wrap-group-qty\">\n<div class=\"quantity\"><\/div>\n<\/div>\n","protected":false},"featured_media":17285,"template":"","meta":{"_acf_changed":false,"footnotes":""},"product_brand":[],"product_cat":[524],"product_tag":[],"class_list":{"0":"post-17236","1":"product","2":"type-product","3":"status-publish","4":"has-post-thumbnail","6":"product_cat-tapis-de-souris","8":"first","9":"instock","10":"shipping-taxable","11":"purchasable","12":"product-type-simple"},"acf":[],"yoast_head":"<!-- This site is optimized with the Yoast SEO plugin v25.7 - https:\/\/yoast.com\/wordpress\/plugins\/seo\/ -->\n<title>AS-290-U Tapis de Souris XL RGB 90x30 - OnLan Gaming<\/title>\n<meta name=\"robots\" content=\"index, follow, max-snippet:-1, max-image-preview:large, max-video-preview:-1\" \/>\n<link rel=\"canonical\" href=\"https:\/\/onlan-gaming.com\/product\/as-290-u-tapis-de-souris-xl-rgb-90x30\/\" \/>\n<meta property=\"og:locale\" content=\"es_ES\" \/>\n<meta property=\"og:type\" content=\"article\" \/>\n<meta property=\"og:title\" content=\"AS-290-U Tapis de Souris XL RGB 90x30 - OnLan Gaming\" \/>\n<meta property=\"og:description\" content=\"Le Tapis AS-290-U habille votre bureau avec son contour RGB. Il vous garantit les meilleurs performances gr\u00e2ce \u00e0 sa mati\u00e8re adapt\u00e9e au glissement et \u00e0 la lecture optiques. Sa surface inf\u00e9rieure assure un bon maintient.\" \/>\n<meta property=\"og:url\" content=\"https:\/\/onlan-gaming.com\/product\/as-290-u-tapis-de-souris-xl-rgb-90x30\/\" \/>\n<meta property=\"og:site_name\" content=\"OnLan Gaming\" \/>\n<meta property=\"article:modified_time\" content=\"2024-10-28T10:11:58+00:00\" \/>\n<meta property=\"og:image\" content=\"https:\/\/onlan-gaming.com\/wp-content\/uploads\/3015220002038-1-8-1024x1024.png\" \/>\n\t<meta property=\"og:image:width\" content=\"1024\" \/>\n\t<meta property=\"og:image:height\" content=\"1024\" \/>\n\t<meta property=\"og:image:type\" content=\"image\/png\" \/>\n<meta name=\"twitter:card\" content=\"summary_large_image\" \/>\n<script type=\"application\/ld+json\" class=\"yoast-schema-graph\">{\"@context\":\"https:\/\/schema.org\",\"@graph\":[{\"@type\":\"WebPage\",\"@id\":\"https:\/\/onlan-gaming.com\/product\/as-290-u-tapis-de-souris-xl-rgb-90x30\/\",\"url\":\"https:\/\/onlan-gaming.com\/product\/as-290-u-tapis-de-souris-xl-rgb-90x30\/\",\"name\":\"AS-290-U Tapis de Souris XL RGB 90x30 - OnLan Gaming\",\"isPartOf\":{\"@id\":\"https:\/\/onlan-gaming.com\/#website\"},\"primaryImageOfPage\":{\"@id\":\"https:\/\/onlan-gaming.com\/product\/as-290-u-tapis-de-souris-xl-rgb-90x30\/#primaryimage\"},\"image\":{\"@id\":\"https:\/\/onlan-gaming.com\/product\/as-290-u-tapis-de-souris-xl-rgb-90x30\/#primaryimage\"},\"thumbnailUrl\":\"https:\/\/onlan-gaming.com\/wp-content\/uploads\/3015220002038-1-8.png\",\"datePublished\":\"2024-10-28T10:11:56+00:00\",\"dateModified\":\"2024-10-28T10:11:58+00:00\",\"breadcrumb\":{\"@id\":\"https:\/\/onlan-gaming.com\/product\/as-290-u-tapis-de-souris-xl-rgb-90x30\/#breadcrumb\"},\"inLanguage\":\"es\",\"potentialAction\":[{\"@type\":\"ReadAction\",\"target\":[\"https:\/\/onlan-gaming.com\/product\/as-290-u-tapis-de-souris-xl-rgb-90x30\/\"]}]},{\"@type\":\"ImageObject\",\"inLanguage\":\"es\",\"@id\":\"https:\/\/onlan-gaming.com\/product\/as-290-u-tapis-de-souris-xl-rgb-90x30\/#primaryimage\",\"url\":\"https:\/\/onlan-gaming.com\/wp-content\/uploads\/3015220002038-1-8.png\",\"contentUrl\":\"https:\/\/onlan-gaming.com\/wp-content\/uploads\/3015220002038-1-8.png\",\"width\":5832,\"height\":5840},{\"@type\":\"BreadcrumbList\",\"@id\":\"https:\/\/onlan-gaming.com\/product\/as-290-u-tapis-de-souris-xl-rgb-90x30\/#breadcrumb\",\"itemListElement\":[{\"@type\":\"ListItem\",\"position\":1,\"name\":\"Tienda\",\"item\":\"https:\/\/onlan-gaming.com\/es\/tienda\/\"},{\"@type\":\"ListItem\",\"position\":2,\"name\":\"AS-290-U Tapis de Souris XL RGB 90&#215;30\"}]},{\"@type\":\"WebSite\",\"@id\":\"https:\/\/onlan-gaming.com\/#website\",\"url\":\"https:\/\/onlan-gaming.com\/\",\"name\":\"OnLan Gaming\",\"description\":\"\",\"potentialAction\":[{\"@type\":\"SearchAction\",\"target\":{\"@type\":\"EntryPoint\",\"urlTemplate\":\"https:\/\/onlan-gaming.com\/?s={search_term_string}\"},\"query-input\":{\"@type\":\"PropertyValueSpecification\",\"valueRequired\":true,\"valueName\":\"search_term_string\"}}],\"inLanguage\":\"es\"}]}<\/script>\n<!-- \/ Yoast SEO plugin. -->","yoast_head_json":{"title":"AS-290-U Tapis de Souris XL RGB 90x30 - OnLan Gaming","robots":{"index":"index","follow":"follow","max-snippet":"max-snippet:-1","max-image-preview":"max-image-preview:large","max-video-preview":"max-video-preview:-1"},"canonical":"https:\/\/onlan-gaming.com\/product\/as-290-u-tapis-de-souris-xl-rgb-90x30\/","og_locale":"es_ES","og_type":"article","og_title":"AS-290-U Tapis de Souris XL RGB 90x30 - OnLan Gaming","og_description":"Le Tapis AS-290-U habille votre bureau avec son contour RGB. Il vous garantit les meilleurs performances gr\u00e2ce \u00e0 sa mati\u00e8re adapt\u00e9e au glissement et \u00e0 la lecture optiques. Sa surface inf\u00e9rieure assure un bon maintient.","og_url":"https:\/\/onlan-gaming.com\/product\/as-290-u-tapis-de-souris-xl-rgb-90x30\/","og_site_name":"OnLan Gaming","article_modified_time":"2024-10-28T10:11:58+00:00","og_image":[{"width":1024,"height":1024,"url":"https:\/\/onlan-gaming.com\/wp-content\/uploads\/3015220002038-1-8-1024x1024.png","type":"image\/png"}],"twitter_card":"summary_large_image","schema":{"@context":"https:\/\/schema.org","@graph":[{"@type":"WebPage","@id":"https:\/\/onlan-gaming.com\/product\/as-290-u-tapis-de-souris-xl-rgb-90x30\/","url":"https:\/\/onlan-gaming.com\/product\/as-290-u-tapis-de-souris-xl-rgb-90x30\/","name":"AS-290-U Tapis de Souris XL RGB 90x30 - OnLan Gaming","isPartOf":{"@id":"https:\/\/onlan-gaming.com\/#website"},"primaryImageOfPage":{"@id":"https:\/\/onlan-gaming.com\/product\/as-290-u-tapis-de-souris-xl-rgb-90x30\/#primaryimage"},"image":{"@id":"https:\/\/onlan-gaming.com\/product\/as-290-u-tapis-de-souris-xl-rgb-90x30\/#primaryimage"},"thumbnailUrl":"https:\/\/onlan-gaming.com\/wp-content\/uploads\/3015220002038-1-8.png","datePublished":"2024-10-28T10:11:56+00:00","dateModified":"2024-10-28T10:11:58+00:00","breadcrumb":{"@id":"https:\/\/onlan-gaming.com\/product\/as-290-u-tapis-de-souris-xl-rgb-90x30\/#breadcrumb"},"inLanguage":"es","potentialAction":[{"@type":"ReadAction","target":["https:\/\/onlan-gaming.com\/product\/as-290-u-tapis-de-souris-xl-rgb-90x30\/"]}]},{"@type":"ImageObject","inLanguage":"es","@id":"https:\/\/onlan-gaming.com\/product\/as-290-u-tapis-de-souris-xl-rgb-90x30\/#primaryimage","url":"https:\/\/onlan-gaming.com\/wp-content\/uploads\/3015220002038-1-8.png","contentUrl":"https:\/\/onlan-gaming.com\/wp-content\/uploads\/3015220002038-1-8.png","width":5832,"height":5840},{"@type":"BreadcrumbList","@id":"https:\/\/onlan-gaming.com\/product\/as-290-u-tapis-de-souris-xl-rgb-90x30\/#breadcrumb","itemListElement":[{"@type":"ListItem","position":1,"name":"Tienda","item":"https:\/\/onlan-gaming.com\/es\/tienda\/"},{"@type":"ListItem","position":2,"name":"AS-290-U Tapis de Souris XL RGB 90&#215;30"}]},{"@type":"WebSite","@id":"https:\/\/onlan-gaming.com\/#website","url":"https:\/\/onlan-gaming.com\/","name":"OnLan Gaming","description":"","potentialAction":[{"@type":"SearchAction","target":{"@type":"EntryPoint","urlTemplate":"https:\/\/onlan-gaming.com\/?s={search_term_string}"},"query-input":{"@type":"PropertyValueSpecification","valueRequired":true,"valueName":"search_term_string"}}],"inLanguage":"es"}]}},"_links":{"self":[{"href":"https:\/\/onlan-gaming.com\/es\/wp-json\/wp\/v2\/product\/17236","targetHints":{"allow":["GET"]}}],"collection":[{"href":"https:\/\/onlan-gaming.com\/es\/wp-json\/wp\/v2\/product"}],"about":[{"href":"https:\/\/onlan-gaming.com\/es\/wp-json\/wp\/v2\/types\/product"}],"version-history":[{"count":1,"href":"https:\/\/onlan-gaming.com\/es\/wp-json\/wp\/v2\/product\/17236\/revisions"}],"predecessor-version":[{"id":17237,"href":"https:\/\/onlan-gaming.com\/es\/wp-json\/wp\/v2\/product\/17236\/revisions\/17237"}],"wp:featuredmedia":[{"embeddable":true,"href":"https:\/\/onlan-gaming.com\/es\/wp-json\/wp\/v2\/media\/17285"}],"wp:attachment":[{"href":"https:\/\/onlan-gaming.com\/es\/wp-json\/wp\/v2\/media?parent=17236"}],"wp:term":[{"taxonomy":"product_brand","embeddable":true,"href":"https:\/\/onlan-gaming.com\/es\/wp-json\/wp\/v2\/product_brand?post=17236"},{"taxonomy":"product_cat","embeddable":true,"href":"https:\/\/onlan-gaming.com\/es\/wp-json\/wp\/v2\/product_cat?post=17236"},{"taxonomy":"product_tag","embeddable":true,"href":"https:\/\/onlan-gaming.com\/es\/wp-json\/wp\/v2\/product_tag?post=17236"}],"curies":[{"name":"wp","href":"https:\/\/api.w.org\/{rel}","templated":true}]}}