{"id":16777,"date":"2023-09-21T15:33:33","date_gmt":"2023-09-21T13:33:33","guid":{"rendered":"https:\/\/onlan-gaming.com\/?post_type=product&#038;p=16777"},"modified":"2025-09-11T01:36:18","modified_gmt":"2025-09-10T23:36:18","slug":"rp-30-repose-poignet-pour-compact","status":"publish","type":"product","link":"https:\/\/onlan-gaming.com\/es\/product\/rp-30-repose-poignet-pour-compact\/","title":{"rendered":"RP-30 Repose Poignet pour Compact"},"content":{"rendered":"","protected":false},"excerpt":{"rendered":"<p>Le repose poignet compact RP-30 vous offre une ergonomie id\u00e9ale pour taper au clavier. Sa mati\u00e8re \u00e0 m\u00e9moire de forme vous permet lors de vos longues sessions de ne pas mettre \u00e0 l&#8217;\u00e9preuve vos poignets.<\/p>\n","protected":false},"featured_media":16974,"template":"","meta":{"_acf_changed":false,"footnotes":""},"product_brand":[],"product_cat":[546],"product_tag":[507],"class_list":{"0":"post-16777","1":"product","2":"type-product","3":"status-publish","4":"has-post-thumbnail","6":"product_cat-divers","7":"product_tag-onlan","9":"first","10":"instock","11":"shipping-taxable","12":"purchasable","13":"product-type-simple"},"acf":[],"yoast_head":"<!-- This site is optimized with the Yoast SEO plugin v25.7 - https:\/\/yoast.com\/wordpress\/plugins\/seo\/ -->\n<title>RP-30 Repose Poignet pour Compact - OnLan Gaming<\/title>\n<meta name=\"robots\" content=\"index, follow, max-snippet:-1, max-image-preview:large, max-video-preview:-1\" \/>\n<link rel=\"canonical\" href=\"https:\/\/onlan-gaming.com\/product\/rp-30-repose-poignet-pour-compact\/\" \/>\n<meta property=\"og:locale\" content=\"es_ES\" \/>\n<meta property=\"og:type\" content=\"article\" \/>\n<meta property=\"og:title\" content=\"RP-30 Repose Poignet pour Compact - OnLan Gaming\" \/>\n<meta property=\"og:description\" content=\"Le repose poignet compact RP-30 vous offre une ergonomie id\u00e9ale pour taper au clavier. Sa mati\u00e8re \u00e0 m\u00e9moire de forme vous permet lors de vos longues sessions de ne pas mettre \u00e0 l&#039;\u00e9preuve vos poignets.\" \/>\n<meta property=\"og:url\" content=\"https:\/\/onlan-gaming.com\/product\/rp-30-repose-poignet-pour-compact\/\" \/>\n<meta property=\"og:site_name\" content=\"OnLan Gaming\" \/>\n<meta property=\"article:modified_time\" content=\"2025-09-10T23:36:18+00:00\" \/>\n<meta property=\"og:image\" content=\"https:\/\/onlan-gaming.com\/wp-content\/uploads\/3015220970535_RP-30-2.png\" \/>\n\t<meta property=\"og:image:width\" content=\"1902\" \/>\n\t<meta property=\"og:image:height\" content=\"1902\" \/>\n\t<meta property=\"og:image:type\" content=\"image\/png\" \/>\n<meta name=\"twitter:card\" content=\"summary_large_image\" \/>\n<script type=\"application\/ld+json\" class=\"yoast-schema-graph\">{\"@context\":\"https:\/\/schema.org\",\"@graph\":[{\"@type\":\"WebPage\",\"@id\":\"https:\/\/onlan-gaming.com\/product\/rp-30-repose-poignet-pour-compact\/\",\"url\":\"https:\/\/onlan-gaming.com\/product\/rp-30-repose-poignet-pour-compact\/\",\"name\":\"RP-30 Repose Poignet pour Compact - OnLan Gaming\",\"isPartOf\":{\"@id\":\"https:\/\/onlan-gaming.com\/#website\"},\"primaryImageOfPage\":{\"@id\":\"https:\/\/onlan-gaming.com\/product\/rp-30-repose-poignet-pour-compact\/#primaryimage\"},\"image\":{\"@id\":\"https:\/\/onlan-gaming.com\/product\/rp-30-repose-poignet-pour-compact\/#primaryimage\"},\"thumbnailUrl\":\"https:\/\/onlan-gaming.com\/wp-content\/uploads\/3015220970535_RP-30-2.png\",\"datePublished\":\"2023-09-21T13:33:33+00:00\",\"dateModified\":\"2025-09-10T23:36:18+00:00\",\"breadcrumb\":{\"@id\":\"https:\/\/onlan-gaming.com\/product\/rp-30-repose-poignet-pour-compact\/#breadcrumb\"},\"inLanguage\":\"es\",\"potentialAction\":[{\"@type\":\"ReadAction\",\"target\":[\"https:\/\/onlan-gaming.com\/product\/rp-30-repose-poignet-pour-compact\/\"]}]},{\"@type\":\"ImageObject\",\"inLanguage\":\"es\",\"@id\":\"https:\/\/onlan-gaming.com\/product\/rp-30-repose-poignet-pour-compact\/#primaryimage\",\"url\":\"https:\/\/onlan-gaming.com\/wp-content\/uploads\/3015220970535_RP-30-2.png\",\"contentUrl\":\"https:\/\/onlan-gaming.com\/wp-content\/uploads\/3015220970535_RP-30-2.png\",\"width\":1902,\"height\":1902},{\"@type\":\"BreadcrumbList\",\"@id\":\"https:\/\/onlan-gaming.com\/product\/rp-30-repose-poignet-pour-compact\/#breadcrumb\",\"itemListElement\":[{\"@type\":\"ListItem\",\"position\":1,\"name\":\"Tienda\",\"item\":\"https:\/\/onlan-gaming.com\/es\/tienda\/\"},{\"@type\":\"ListItem\",\"position\":2,\"name\":\"RP-30 Repose Poignet pour Compact\"}]},{\"@type\":\"WebSite\",\"@id\":\"https:\/\/onlan-gaming.com\/#website\",\"url\":\"https:\/\/onlan-gaming.com\/\",\"name\":\"OnLan Gaming\",\"description\":\"\",\"potentialAction\":[{\"@type\":\"SearchAction\",\"target\":{\"@type\":\"EntryPoint\",\"urlTemplate\":\"https:\/\/onlan-gaming.com\/?s={search_term_string}\"},\"query-input\":{\"@type\":\"PropertyValueSpecification\",\"valueRequired\":true,\"valueName\":\"search_term_string\"}}],\"inLanguage\":\"es\"}]}<\/script>\n<!-- \/ Yoast SEO plugin. -->","yoast_head_json":{"title":"RP-30 Repose Poignet pour Compact - OnLan Gaming","robots":{"index":"index","follow":"follow","max-snippet":"max-snippet:-1","max-image-preview":"max-image-preview:large","max-video-preview":"max-video-preview:-1"},"canonical":"https:\/\/onlan-gaming.com\/product\/rp-30-repose-poignet-pour-compact\/","og_locale":"es_ES","og_type":"article","og_title":"RP-30 Repose Poignet pour Compact - OnLan Gaming","og_description":"Le repose poignet compact RP-30 vous offre une ergonomie id\u00e9ale pour taper au clavier. Sa mati\u00e8re \u00e0 m\u00e9moire de forme vous permet lors de vos longues sessions de ne pas mettre \u00e0 l'\u00e9preuve vos poignets.","og_url":"https:\/\/onlan-gaming.com\/product\/rp-30-repose-poignet-pour-compact\/","og_site_name":"OnLan Gaming","article_modified_time":"2025-09-10T23:36:18+00:00","og_image":[{"width":1902,"height":1902,"url":"https:\/\/onlan-gaming.com\/wp-content\/uploads\/3015220970535_RP-30-2.png","type":"image\/png"}],"twitter_card":"summary_large_image","schema":{"@context":"https:\/\/schema.org","@graph":[{"@type":"WebPage","@id":"https:\/\/onlan-gaming.com\/product\/rp-30-repose-poignet-pour-compact\/","url":"https:\/\/onlan-gaming.com\/product\/rp-30-repose-poignet-pour-compact\/","name":"RP-30 Repose Poignet pour Compact - OnLan Gaming","isPartOf":{"@id":"https:\/\/onlan-gaming.com\/#website"},"primaryImageOfPage":{"@id":"https:\/\/onlan-gaming.com\/product\/rp-30-repose-poignet-pour-compact\/#primaryimage"},"image":{"@id":"https:\/\/onlan-gaming.com\/product\/rp-30-repose-poignet-pour-compact\/#primaryimage"},"thumbnailUrl":"https:\/\/onlan-gaming.com\/wp-content\/uploads\/3015220970535_RP-30-2.png","datePublished":"2023-09-21T13:33:33+00:00","dateModified":"2025-09-10T23:36:18+00:00","breadcrumb":{"@id":"https:\/\/onlan-gaming.com\/product\/rp-30-repose-poignet-pour-compact\/#breadcrumb"},"inLanguage":"es","potentialAction":[{"@type":"ReadAction","target":["https:\/\/onlan-gaming.com\/product\/rp-30-repose-poignet-pour-compact\/"]}]},{"@type":"ImageObject","inLanguage":"es","@id":"https:\/\/onlan-gaming.com\/product\/rp-30-repose-poignet-pour-compact\/#primaryimage","url":"https:\/\/onlan-gaming.com\/wp-content\/uploads\/3015220970535_RP-30-2.png","contentUrl":"https:\/\/onlan-gaming.com\/wp-content\/uploads\/3015220970535_RP-30-2.png","width":1902,"height":1902},{"@type":"BreadcrumbList","@id":"https:\/\/onlan-gaming.com\/product\/rp-30-repose-poignet-pour-compact\/#breadcrumb","itemListElement":[{"@type":"ListItem","position":1,"name":"Tienda","item":"https:\/\/onlan-gaming.com\/es\/tienda\/"},{"@type":"ListItem","position":2,"name":"RP-30 Repose Poignet pour Compact"}]},{"@type":"WebSite","@id":"https:\/\/onlan-gaming.com\/#website","url":"https:\/\/onlan-gaming.com\/","name":"OnLan Gaming","description":"","potentialAction":[{"@type":"SearchAction","target":{"@type":"EntryPoint","urlTemplate":"https:\/\/onlan-gaming.com\/?s={search_term_string}"},"query-input":{"@type":"PropertyValueSpecification","valueRequired":true,"valueName":"search_term_string"}}],"inLanguage":"es"}]}},"_links":{"self":[{"href":"https:\/\/onlan-gaming.com\/es\/wp-json\/wp\/v2\/product\/16777","targetHints":{"allow":["GET"]}}],"collection":[{"href":"https:\/\/onlan-gaming.com\/es\/wp-json\/wp\/v2\/product"}],"about":[{"href":"https:\/\/onlan-gaming.com\/es\/wp-json\/wp\/v2\/types\/product"}],"version-history":[{"count":3,"href":"https:\/\/onlan-gaming.com\/es\/wp-json\/wp\/v2\/product\/16777\/revisions"}],"predecessor-version":[{"id":17145,"href":"https:\/\/onlan-gaming.com\/es\/wp-json\/wp\/v2\/product\/16777\/revisions\/17145"}],"wp:featuredmedia":[{"embeddable":true,"href":"https:\/\/onlan-gaming.com\/es\/wp-json\/wp\/v2\/media\/16974"}],"wp:attachment":[{"href":"https:\/\/onlan-gaming.com\/es\/wp-json\/wp\/v2\/media?parent=16777"}],"wp:term":[{"taxonomy":"product_brand","embeddable":true,"href":"https:\/\/onlan-gaming.com\/es\/wp-json\/wp\/v2\/product_brand?post=16777"},{"taxonomy":"product_cat","embeddable":true,"href":"https:\/\/onlan-gaming.com\/es\/wp-json\/wp\/v2\/product_cat?post=16777"},{"taxonomy":"product_tag","embeddable":true,"href":"https:\/\/onlan-gaming.com\/es\/wp-json\/wp\/v2\/product_tag?post=16777"}],"curies":[{"name":"wp","href":"https:\/\/api.w.org\/{rel}","templated":true}]}}