{"id":16775,"date":"2023-09-21T15:33:33","date_gmt":"2023-09-21T13:33:33","guid":{"rendered":"https:\/\/onlan-gaming.com\/?post_type=product&#038;p=16775"},"modified":"2025-04-13T02:28:29","modified_gmt":"2025-04-13T00:28:29","slug":"cs-100-4k-camera-streaming-4k","status":"publish","type":"product","link":"https:\/\/onlan-gaming.com\/es\/product\/cs-100-4k-camera-streaming-4k\/","title":{"rendered":"CS-100 4K Camera Streaming 4K"},"content":{"rendered":"","protected":false},"excerpt":{"rendered":"<p>Passez \u00e0 la 4K avec la Webcam CS-100! Avec son grand capteur elle assure une excellente qualit\u00e9 d&#8217;image pour vos stream (ou vos rendez vous en visio-conf\u00e9rence). Elle peut se fixer au dessus de votre \u00e9cran ou sur un tr\u00e9pied avec son pas de vis. Elle in clut aussi un volet de confidentialit\u00e9 pour que vous ne soyez fim\u00e9 que quand vous le souhaitez. Si vous n&#8217;avez pas de micro, pas de souci car nous en avons int\u00e9gr\u00e9 un qui saura vous enregistrer.<\/p>\n","protected":false},"featured_media":16950,"template":"","meta":{"_acf_changed":false,"footnotes":""},"product_brand":[],"product_cat":[525],"product_tag":[507],"class_list":{"0":"post-16775","1":"product","2":"type-product","3":"status-publish","4":"has-post-thumbnail","6":"product_cat-webcam","7":"product_tag-onlan","9":"first","10":"outofstock","11":"shipping-taxable","12":"purchasable","13":"product-type-simple"},"acf":[],"yoast_head":"<!-- This site is optimized with the Yoast SEO plugin v25.7 - https:\/\/yoast.com\/wordpress\/plugins\/seo\/ -->\n<title>CS-100 4K Camera Streaming 4K - OnLan Gaming<\/title>\n<meta name=\"robots\" content=\"index, follow, max-snippet:-1, max-image-preview:large, max-video-preview:-1\" \/>\n<link rel=\"canonical\" href=\"https:\/\/onlan-gaming.com\/product\/cs-100-4k-camera-streaming-4k\/\" \/>\n<meta property=\"og:locale\" content=\"es_ES\" \/>\n<meta property=\"og:type\" content=\"article\" \/>\n<meta property=\"og:title\" content=\"CS-100 4K Camera Streaming 4K - OnLan Gaming\" \/>\n<meta property=\"og:description\" content=\"Passez \u00e0 la 4K avec la Webcam CS-100! Avec son grand capteur elle assure une excellente qualit\u00e9 d&#039;image pour vos stream (ou vos rendez vous en visio-conf\u00e9rence). Elle peut se fixer au dessus de votre \u00e9cran ou sur un tr\u00e9pied avec son pas de vis. Elle in clut aussi un volet de confidentialit\u00e9 pour que vous ne soyez fim\u00e9 que quand vous le souhaitez. Si vous n&#039;avez pas de micro, pas de souci car nous en avons int\u00e9gr\u00e9 un qui saura vous enregistrer.\" \/>\n<meta property=\"og:url\" content=\"https:\/\/onlan-gaming.com\/product\/cs-100-4k-camera-streaming-4k\/\" \/>\n<meta property=\"og:site_name\" content=\"OnLan Gaming\" \/>\n<meta property=\"article:modified_time\" content=\"2025-04-13T00:28:29+00:00\" \/>\n<meta property=\"og:image\" content=\"https:\/\/onlan-gaming.com\/wp-content\/uploads\/3015220970528_CS-100-4k-1.png\" \/>\n\t<meta property=\"og:image:width\" content=\"797\" \/>\n\t<meta property=\"og:image:height\" content=\"798\" \/>\n\t<meta property=\"og:image:type\" content=\"image\/png\" \/>\n<meta name=\"twitter:card\" content=\"summary_large_image\" \/>\n<script type=\"application\/ld+json\" class=\"yoast-schema-graph\">{\"@context\":\"https:\/\/schema.org\",\"@graph\":[{\"@type\":\"WebPage\",\"@id\":\"https:\/\/onlan-gaming.com\/product\/cs-100-4k-camera-streaming-4k\/\",\"url\":\"https:\/\/onlan-gaming.com\/product\/cs-100-4k-camera-streaming-4k\/\",\"name\":\"CS-100 4K Camera Streaming 4K - OnLan Gaming\",\"isPartOf\":{\"@id\":\"https:\/\/onlan-gaming.com\/#website\"},\"primaryImageOfPage\":{\"@id\":\"https:\/\/onlan-gaming.com\/product\/cs-100-4k-camera-streaming-4k\/#primaryimage\"},\"image\":{\"@id\":\"https:\/\/onlan-gaming.com\/product\/cs-100-4k-camera-streaming-4k\/#primaryimage\"},\"thumbnailUrl\":\"https:\/\/onlan-gaming.com\/wp-content\/uploads\/3015220970528_CS-100-4k-1.png\",\"datePublished\":\"2023-09-21T13:33:33+00:00\",\"dateModified\":\"2025-04-13T00:28:29+00:00\",\"breadcrumb\":{\"@id\":\"https:\/\/onlan-gaming.com\/product\/cs-100-4k-camera-streaming-4k\/#breadcrumb\"},\"inLanguage\":\"es\",\"potentialAction\":[{\"@type\":\"ReadAction\",\"target\":[\"https:\/\/onlan-gaming.com\/product\/cs-100-4k-camera-streaming-4k\/\"]}]},{\"@type\":\"ImageObject\",\"inLanguage\":\"es\",\"@id\":\"https:\/\/onlan-gaming.com\/product\/cs-100-4k-camera-streaming-4k\/#primaryimage\",\"url\":\"https:\/\/onlan-gaming.com\/wp-content\/uploads\/3015220970528_CS-100-4k-1.png\",\"contentUrl\":\"https:\/\/onlan-gaming.com\/wp-content\/uploads\/3015220970528_CS-100-4k-1.png\",\"width\":797,\"height\":798},{\"@type\":\"BreadcrumbList\",\"@id\":\"https:\/\/onlan-gaming.com\/product\/cs-100-4k-camera-streaming-4k\/#breadcrumb\",\"itemListElement\":[{\"@type\":\"ListItem\",\"position\":1,\"name\":\"Tienda\",\"item\":\"https:\/\/onlan-gaming.com\/es\/tienda\/\"},{\"@type\":\"ListItem\",\"position\":2,\"name\":\"CS-100 4K Camera Streaming 4K\"}]},{\"@type\":\"WebSite\",\"@id\":\"https:\/\/onlan-gaming.com\/#website\",\"url\":\"https:\/\/onlan-gaming.com\/\",\"name\":\"OnLan Gaming\",\"description\":\"\",\"potentialAction\":[{\"@type\":\"SearchAction\",\"target\":{\"@type\":\"EntryPoint\",\"urlTemplate\":\"https:\/\/onlan-gaming.com\/?s={search_term_string}\"},\"query-input\":{\"@type\":\"PropertyValueSpecification\",\"valueRequired\":true,\"valueName\":\"search_term_string\"}}],\"inLanguage\":\"es\"}]}<\/script>\n<!-- \/ Yoast SEO plugin. -->","yoast_head_json":{"title":"CS-100 4K Camera Streaming 4K - OnLan Gaming","robots":{"index":"index","follow":"follow","max-snippet":"max-snippet:-1","max-image-preview":"max-image-preview:large","max-video-preview":"max-video-preview:-1"},"canonical":"https:\/\/onlan-gaming.com\/product\/cs-100-4k-camera-streaming-4k\/","og_locale":"es_ES","og_type":"article","og_title":"CS-100 4K Camera Streaming 4K - OnLan Gaming","og_description":"Passez \u00e0 la 4K avec la Webcam CS-100! Avec son grand capteur elle assure une excellente qualit\u00e9 d'image pour vos stream (ou vos rendez vous en visio-conf\u00e9rence). Elle peut se fixer au dessus de votre \u00e9cran ou sur un tr\u00e9pied avec son pas de vis. Elle in clut aussi un volet de confidentialit\u00e9 pour que vous ne soyez fim\u00e9 que quand vous le souhaitez. Si vous n'avez pas de micro, pas de souci car nous en avons int\u00e9gr\u00e9 un qui saura vous enregistrer.","og_url":"https:\/\/onlan-gaming.com\/product\/cs-100-4k-camera-streaming-4k\/","og_site_name":"OnLan Gaming","article_modified_time":"2025-04-13T00:28:29+00:00","og_image":[{"width":797,"height":798,"url":"https:\/\/onlan-gaming.com\/wp-content\/uploads\/3015220970528_CS-100-4k-1.png","type":"image\/png"}],"twitter_card":"summary_large_image","schema":{"@context":"https:\/\/schema.org","@graph":[{"@type":"WebPage","@id":"https:\/\/onlan-gaming.com\/product\/cs-100-4k-camera-streaming-4k\/","url":"https:\/\/onlan-gaming.com\/product\/cs-100-4k-camera-streaming-4k\/","name":"CS-100 4K Camera Streaming 4K - OnLan Gaming","isPartOf":{"@id":"https:\/\/onlan-gaming.com\/#website"},"primaryImageOfPage":{"@id":"https:\/\/onlan-gaming.com\/product\/cs-100-4k-camera-streaming-4k\/#primaryimage"},"image":{"@id":"https:\/\/onlan-gaming.com\/product\/cs-100-4k-camera-streaming-4k\/#primaryimage"},"thumbnailUrl":"https:\/\/onlan-gaming.com\/wp-content\/uploads\/3015220970528_CS-100-4k-1.png","datePublished":"2023-09-21T13:33:33+00:00","dateModified":"2025-04-13T00:28:29+00:00","breadcrumb":{"@id":"https:\/\/onlan-gaming.com\/product\/cs-100-4k-camera-streaming-4k\/#breadcrumb"},"inLanguage":"es","potentialAction":[{"@type":"ReadAction","target":["https:\/\/onlan-gaming.com\/product\/cs-100-4k-camera-streaming-4k\/"]}]},{"@type":"ImageObject","inLanguage":"es","@id":"https:\/\/onlan-gaming.com\/product\/cs-100-4k-camera-streaming-4k\/#primaryimage","url":"https:\/\/onlan-gaming.com\/wp-content\/uploads\/3015220970528_CS-100-4k-1.png","contentUrl":"https:\/\/onlan-gaming.com\/wp-content\/uploads\/3015220970528_CS-100-4k-1.png","width":797,"height":798},{"@type":"BreadcrumbList","@id":"https:\/\/onlan-gaming.com\/product\/cs-100-4k-camera-streaming-4k\/#breadcrumb","itemListElement":[{"@type":"ListItem","position":1,"name":"Tienda","item":"https:\/\/onlan-gaming.com\/es\/tienda\/"},{"@type":"ListItem","position":2,"name":"CS-100 4K Camera Streaming 4K"}]},{"@type":"WebSite","@id":"https:\/\/onlan-gaming.com\/#website","url":"https:\/\/onlan-gaming.com\/","name":"OnLan Gaming","description":"","potentialAction":[{"@type":"SearchAction","target":{"@type":"EntryPoint","urlTemplate":"https:\/\/onlan-gaming.com\/?s={search_term_string}"},"query-input":{"@type":"PropertyValueSpecification","valueRequired":true,"valueName":"search_term_string"}}],"inLanguage":"es"}]}},"_links":{"self":[{"href":"https:\/\/onlan-gaming.com\/es\/wp-json\/wp\/v2\/product\/16775","targetHints":{"allow":["GET"]}}],"collection":[{"href":"https:\/\/onlan-gaming.com\/es\/wp-json\/wp\/v2\/product"}],"about":[{"href":"https:\/\/onlan-gaming.com\/es\/wp-json\/wp\/v2\/types\/product"}],"version-history":[{"count":2,"href":"https:\/\/onlan-gaming.com\/es\/wp-json\/wp\/v2\/product\/16775\/revisions"}],"predecessor-version":[{"id":17480,"href":"https:\/\/onlan-gaming.com\/es\/wp-json\/wp\/v2\/product\/16775\/revisions\/17480"}],"wp:featuredmedia":[{"embeddable":true,"href":"https:\/\/onlan-gaming.com\/es\/wp-json\/wp\/v2\/media\/16950"}],"wp:attachment":[{"href":"https:\/\/onlan-gaming.com\/es\/wp-json\/wp\/v2\/media?parent=16775"}],"wp:term":[{"taxonomy":"product_brand","embeddable":true,"href":"https:\/\/onlan-gaming.com\/es\/wp-json\/wp\/v2\/product_brand?post=16775"},{"taxonomy":"product_cat","embeddable":true,"href":"https:\/\/onlan-gaming.com\/es\/wp-json\/wp\/v2\/product_cat?post=16775"},{"taxonomy":"product_tag","embeddable":true,"href":"https:\/\/onlan-gaming.com\/es\/wp-json\/wp\/v2\/product_tag?post=16775"}],"curies":[{"name":"wp","href":"https:\/\/api.w.org\/{rel}","templated":true}]}}