{"id":16739,"date":"2023-09-21T15:33:14","date_gmt":"2023-09-21T13:33:14","guid":{"rendered":"https:\/\/onlan-gaming.com\/?post_type=product&#038;p=16739"},"modified":"2025-04-29T01:36:12","modified_gmt":"2025-04-28T23:36:12","slug":"as-7-tapis-de-souris-medium","status":"publish","type":"product","link":"https:\/\/onlan-gaming.com\/es\/product\/as-7-tapis-de-souris-medium\/","title":{"rendered":"AS-7 Tapis de souris Medium"},"content":{"rendered":"<ul>\n<li>27cm x 32cm<\/li>\n<li>Surface de haute pr\u00e9cision<\/li>\n<li>Lavable en machine<\/li>\n<\/ul>\n","protected":false},"excerpt":{"rendered":"<p>Avec sa mati\u00e8re optimis\u00e9e pour la glisse et la lecture des capteurs optiques, le Tapis AS-7 vous garanti de tirer le meilleur de votre souris gaming. Sa surface inf\u00e9rieure adh\u00e9rente assure qu&#8217;il restera bien en place sur votre bureau et ses dimensions 32&#215;27 cm sont id\u00e9ales pour tous les styles de jeux. Le parfait compagnon de vos victoires !<\/p>\n","protected":false},"featured_media":15667,"template":"","meta":{"_acf_changed":false,"footnotes":""},"product_brand":[],"product_cat":[524],"product_tag":[507],"class_list":{"0":"post-16739","1":"product","2":"type-product","3":"status-publish","4":"has-post-thumbnail","6":"product_cat-tapis-de-souris","7":"product_tag-onlan","9":"first","10":"outofstock","11":"shipping-taxable","12":"purchasable","13":"product-type-simple"},"acf":[],"yoast_head":"<!-- This site is optimized with the Yoast SEO plugin v25.7 - https:\/\/yoast.com\/wordpress\/plugins\/seo\/ -->\n<title>AS-7 Tapis de souris Medium - OnLan Gaming<\/title>\n<meta name=\"robots\" content=\"index, follow, max-snippet:-1, max-image-preview:large, max-video-preview:-1\" \/>\n<link rel=\"canonical\" href=\"https:\/\/onlan-gaming.com\/product\/as-7-tapis-de-souris-medium\/\" \/>\n<meta property=\"og:locale\" content=\"es_ES\" \/>\n<meta property=\"og:type\" content=\"article\" \/>\n<meta property=\"og:title\" content=\"AS-7 Tapis de souris Medium - OnLan Gaming\" \/>\n<meta property=\"og:description\" content=\"Avec sa mati\u00e8re optimis\u00e9e pour la glisse et la lecture des capteurs optiques, le Tapis AS-7 vous garanti de tirer le meilleur de votre souris gaming. Sa surface inf\u00e9rieure adh\u00e9rente assure qu&#039;il restera bien en place sur votre bureau et ses dimensions 32x27 cm sont id\u00e9ales pour tous les styles de jeux. Le parfait compagnon de vos victoires !\" \/>\n<meta property=\"og:url\" content=\"https:\/\/onlan-gaming.com\/product\/as-7-tapis-de-souris-medium\/\" \/>\n<meta property=\"og:site_name\" content=\"OnLan Gaming\" \/>\n<meta property=\"article:modified_time\" content=\"2025-04-28T23:36:12+00:00\" \/>\n<meta property=\"og:image\" content=\"https:\/\/onlan-gaming.com\/wp-content\/uploads\/ONLAN_3015220943256_1-5-1024x1024.png\" \/>\n\t<meta property=\"og:image:width\" content=\"1024\" \/>\n\t<meta property=\"og:image:height\" content=\"1024\" \/>\n\t<meta property=\"og:image:type\" content=\"image\/png\" \/>\n<meta name=\"twitter:card\" content=\"summary_large_image\" \/>\n<script type=\"application\/ld+json\" class=\"yoast-schema-graph\">{\"@context\":\"https:\/\/schema.org\",\"@graph\":[{\"@type\":\"WebPage\",\"@id\":\"https:\/\/onlan-gaming.com\/product\/as-7-tapis-de-souris-medium\/\",\"url\":\"https:\/\/onlan-gaming.com\/product\/as-7-tapis-de-souris-medium\/\",\"name\":\"AS-7 Tapis de souris Medium - OnLan Gaming\",\"isPartOf\":{\"@id\":\"https:\/\/onlan-gaming.com\/#website\"},\"primaryImageOfPage\":{\"@id\":\"https:\/\/onlan-gaming.com\/product\/as-7-tapis-de-souris-medium\/#primaryimage\"},\"image\":{\"@id\":\"https:\/\/onlan-gaming.com\/product\/as-7-tapis-de-souris-medium\/#primaryimage\"},\"thumbnailUrl\":\"https:\/\/onlan-gaming.com\/wp-content\/uploads\/ONLAN_3015220943256_1-5.png\",\"datePublished\":\"2023-09-21T13:33:14+00:00\",\"dateModified\":\"2025-04-28T23:36:12+00:00\",\"breadcrumb\":{\"@id\":\"https:\/\/onlan-gaming.com\/product\/as-7-tapis-de-souris-medium\/#breadcrumb\"},\"inLanguage\":\"es\",\"potentialAction\":[{\"@type\":\"ReadAction\",\"target\":[\"https:\/\/onlan-gaming.com\/product\/as-7-tapis-de-souris-medium\/\"]}]},{\"@type\":\"ImageObject\",\"inLanguage\":\"es\",\"@id\":\"https:\/\/onlan-gaming.com\/product\/as-7-tapis-de-souris-medium\/#primaryimage\",\"url\":\"https:\/\/onlan-gaming.com\/wp-content\/uploads\/ONLAN_3015220943256_1-5.png\",\"contentUrl\":\"https:\/\/onlan-gaming.com\/wp-content\/uploads\/ONLAN_3015220943256_1-5.png\",\"width\":1600,\"height\":1600},{\"@type\":\"BreadcrumbList\",\"@id\":\"https:\/\/onlan-gaming.com\/product\/as-7-tapis-de-souris-medium\/#breadcrumb\",\"itemListElement\":[{\"@type\":\"ListItem\",\"position\":1,\"name\":\"Tienda\",\"item\":\"https:\/\/onlan-gaming.com\/es\/tienda\/\"},{\"@type\":\"ListItem\",\"position\":2,\"name\":\"AS-7 Tapis de souris Medium\"}]},{\"@type\":\"WebSite\",\"@id\":\"https:\/\/onlan-gaming.com\/#website\",\"url\":\"https:\/\/onlan-gaming.com\/\",\"name\":\"OnLan Gaming\",\"description\":\"\",\"potentialAction\":[{\"@type\":\"SearchAction\",\"target\":{\"@type\":\"EntryPoint\",\"urlTemplate\":\"https:\/\/onlan-gaming.com\/?s={search_term_string}\"},\"query-input\":{\"@type\":\"PropertyValueSpecification\",\"valueRequired\":true,\"valueName\":\"search_term_string\"}}],\"inLanguage\":\"es\"}]}<\/script>\n<!-- \/ Yoast SEO plugin. -->","yoast_head_json":{"title":"AS-7 Tapis de souris Medium - OnLan Gaming","robots":{"index":"index","follow":"follow","max-snippet":"max-snippet:-1","max-image-preview":"max-image-preview:large","max-video-preview":"max-video-preview:-1"},"canonical":"https:\/\/onlan-gaming.com\/product\/as-7-tapis-de-souris-medium\/","og_locale":"es_ES","og_type":"article","og_title":"AS-7 Tapis de souris Medium - OnLan Gaming","og_description":"Avec sa mati\u00e8re optimis\u00e9e pour la glisse et la lecture des capteurs optiques, le Tapis AS-7 vous garanti de tirer le meilleur de votre souris gaming. Sa surface inf\u00e9rieure adh\u00e9rente assure qu'il restera bien en place sur votre bureau et ses dimensions 32x27 cm sont id\u00e9ales pour tous les styles de jeux. Le parfait compagnon de vos victoires !","og_url":"https:\/\/onlan-gaming.com\/product\/as-7-tapis-de-souris-medium\/","og_site_name":"OnLan Gaming","article_modified_time":"2025-04-28T23:36:12+00:00","og_image":[{"width":1024,"height":1024,"url":"https:\/\/onlan-gaming.com\/wp-content\/uploads\/ONLAN_3015220943256_1-5-1024x1024.png","type":"image\/png"}],"twitter_card":"summary_large_image","schema":{"@context":"https:\/\/schema.org","@graph":[{"@type":"WebPage","@id":"https:\/\/onlan-gaming.com\/product\/as-7-tapis-de-souris-medium\/","url":"https:\/\/onlan-gaming.com\/product\/as-7-tapis-de-souris-medium\/","name":"AS-7 Tapis de souris Medium - OnLan Gaming","isPartOf":{"@id":"https:\/\/onlan-gaming.com\/#website"},"primaryImageOfPage":{"@id":"https:\/\/onlan-gaming.com\/product\/as-7-tapis-de-souris-medium\/#primaryimage"},"image":{"@id":"https:\/\/onlan-gaming.com\/product\/as-7-tapis-de-souris-medium\/#primaryimage"},"thumbnailUrl":"https:\/\/onlan-gaming.com\/wp-content\/uploads\/ONLAN_3015220943256_1-5.png","datePublished":"2023-09-21T13:33:14+00:00","dateModified":"2025-04-28T23:36:12+00:00","breadcrumb":{"@id":"https:\/\/onlan-gaming.com\/product\/as-7-tapis-de-souris-medium\/#breadcrumb"},"inLanguage":"es","potentialAction":[{"@type":"ReadAction","target":["https:\/\/onlan-gaming.com\/product\/as-7-tapis-de-souris-medium\/"]}]},{"@type":"ImageObject","inLanguage":"es","@id":"https:\/\/onlan-gaming.com\/product\/as-7-tapis-de-souris-medium\/#primaryimage","url":"https:\/\/onlan-gaming.com\/wp-content\/uploads\/ONLAN_3015220943256_1-5.png","contentUrl":"https:\/\/onlan-gaming.com\/wp-content\/uploads\/ONLAN_3015220943256_1-5.png","width":1600,"height":1600},{"@type":"BreadcrumbList","@id":"https:\/\/onlan-gaming.com\/product\/as-7-tapis-de-souris-medium\/#breadcrumb","itemListElement":[{"@type":"ListItem","position":1,"name":"Tienda","item":"https:\/\/onlan-gaming.com\/es\/tienda\/"},{"@type":"ListItem","position":2,"name":"AS-7 Tapis de souris Medium"}]},{"@type":"WebSite","@id":"https:\/\/onlan-gaming.com\/#website","url":"https:\/\/onlan-gaming.com\/","name":"OnLan Gaming","description":"","potentialAction":[{"@type":"SearchAction","target":{"@type":"EntryPoint","urlTemplate":"https:\/\/onlan-gaming.com\/?s={search_term_string}"},"query-input":{"@type":"PropertyValueSpecification","valueRequired":true,"valueName":"search_term_string"}}],"inLanguage":"es"}]}},"_links":{"self":[{"href":"https:\/\/onlan-gaming.com\/es\/wp-json\/wp\/v2\/product\/16739","targetHints":{"allow":["GET"]}}],"collection":[{"href":"https:\/\/onlan-gaming.com\/es\/wp-json\/wp\/v2\/product"}],"about":[{"href":"https:\/\/onlan-gaming.com\/es\/wp-json\/wp\/v2\/types\/product"}],"version-history":[{"count":2,"href":"https:\/\/onlan-gaming.com\/es\/wp-json\/wp\/v2\/product\/16739\/revisions"}],"predecessor-version":[{"id":17232,"href":"https:\/\/onlan-gaming.com\/es\/wp-json\/wp\/v2\/product\/16739\/revisions\/17232"}],"wp:featuredmedia":[{"embeddable":true,"href":"https:\/\/onlan-gaming.com\/es\/wp-json\/wp\/v2\/media\/15667"}],"wp:attachment":[{"href":"https:\/\/onlan-gaming.com\/es\/wp-json\/wp\/v2\/media?parent=16739"}],"wp:term":[{"taxonomy":"product_brand","embeddable":true,"href":"https:\/\/onlan-gaming.com\/es\/wp-json\/wp\/v2\/product_brand?post=16739"},{"taxonomy":"product_cat","embeddable":true,"href":"https:\/\/onlan-gaming.com\/es\/wp-json\/wp\/v2\/product_cat?post=16739"},{"taxonomy":"product_tag","embeddable":true,"href":"https:\/\/onlan-gaming.com\/es\/wp-json\/wp\/v2\/product_tag?post=16739"}],"curies":[{"name":"wp","href":"https:\/\/api.w.org\/{rel}","templated":true}]}}