{"id":16737,"date":"2023-09-21T15:33:13","date_gmt":"2023-09-21T13:33:13","guid":{"rendered":"https:\/\/onlan-gaming.com\/?post_type=product&#038;p=16737"},"modified":"2025-09-18T01:36:07","modified_gmt":"2025-09-17T23:36:07","slug":"mc-30-micro-streaming-expert","status":"publish","type":"product","link":"https:\/\/onlan-gaming.com\/es\/product\/mc-30-micro-streaming-expert\/","title":{"rendered":"MC-30 Micro Streaming Expert"},"content":{"rendered":"<ul>\n<li>R\u00e9ponse de fr\u00e9quence : 20Hz-20kHz<\/li>\n<li>unilat\u00e9ral<\/li>\n<li>Sensibilit\u00e9 : -39dB \u00b12 dB<\/li>\n<li>Imp\u00e9dance : 33 O\u00b1 30%<\/li>\n<li>S\/N Ratio: 78 dB<\/li>\n<li>Cordon USB : 1.8m<\/li>\n<li>R\u00e9tro-\u00e9clairage 7 couleurs<\/li>\n<\/ul>\n","protected":false},"excerpt":{"rendered":"<p>Le Micro MC-30 vous permet de poser votre voix avec une grande qualit\u00e9 sur vos streams. Mont\u00e9 sur un tr\u00e9pied adapt\u00e9, il b\u00e9n\u00e9ficie d&#8217;une monture suspendue anti-choc qui va l&#8217;isoler des bruits de bureau. Son filtre anti-pop vous permettra de vous exprimer suffisamment proche de votre micro pour partager votre meilleure voix. Son r\u00e9tro\u00e9clairage en fait le compagnon id\u00e9al d&#8217;un setup gaming. Ne l&#8217;oubliez pas, dans le streaming le son est aussi important que l&#8217;image.<\/p>\n","protected":false},"featured_media":15637,"template":"","meta":{"_acf_changed":false,"footnotes":""},"product_brand":[],"product_cat":[523],"product_tag":[507],"class_list":{"0":"post-16737","1":"product","2":"type-product","3":"status-publish","4":"has-post-thumbnail","6":"product_cat-microphone","7":"product_tag-onlan","9":"first","10":"outofstock","11":"shipping-taxable","12":"purchasable","13":"product-type-simple"},"acf":[],"yoast_head":"<!-- This site is optimized with the Yoast SEO plugin v25.7 - https:\/\/yoast.com\/wordpress\/plugins\/seo\/ -->\n<title>MC-30 Micro Streaming Expert - OnLan Gaming<\/title>\n<meta name=\"robots\" content=\"index, follow, max-snippet:-1, max-image-preview:large, max-video-preview:-1\" \/>\n<link rel=\"canonical\" href=\"https:\/\/onlan-gaming.com\/product\/mc-30-micro-streaming-expert\/\" \/>\n<meta property=\"og:locale\" content=\"es_ES\" \/>\n<meta property=\"og:type\" content=\"article\" \/>\n<meta property=\"og:title\" content=\"MC-30 Micro Streaming Expert - OnLan Gaming\" \/>\n<meta property=\"og:description\" content=\"Le Micro MC-30 vous permet de poser votre voix avec une grande qualit\u00e9 sur vos streams. Mont\u00e9 sur un tr\u00e9pied adapt\u00e9, il b\u00e9n\u00e9ficie d&#039;une monture suspendue anti-choc qui va l&#039;isoler des bruits de bureau. Son filtre anti-pop vous permettra de vous exprimer suffisamment proche de votre micro pour partager votre meilleure voix. Son r\u00e9tro\u00e9clairage en fait le compagnon id\u00e9al d&#039;un setup gaming. Ne l&#039;oubliez pas, dans le streaming le son est aussi important que l&#039;image.\" \/>\n<meta property=\"og:url\" content=\"https:\/\/onlan-gaming.com\/product\/mc-30-micro-streaming-expert\/\" \/>\n<meta property=\"og:site_name\" content=\"OnLan Gaming\" \/>\n<meta property=\"article:modified_time\" content=\"2025-09-17T23:36:07+00:00\" \/>\n<meta property=\"og:image\" content=\"https:\/\/onlan-gaming.com\/wp-content\/uploads\/ONLAN_3015220943249_1-4.png\" \/>\n\t<meta property=\"og:image:width\" content=\"1600\" \/>\n\t<meta property=\"og:image:height\" content=\"1600\" \/>\n\t<meta property=\"og:image:type\" content=\"image\/png\" \/>\n<meta name=\"twitter:card\" content=\"summary_large_image\" \/>\n<script type=\"application\/ld+json\" class=\"yoast-schema-graph\">{\"@context\":\"https:\/\/schema.org\",\"@graph\":[{\"@type\":\"WebPage\",\"@id\":\"https:\/\/onlan-gaming.com\/product\/mc-30-micro-streaming-expert\/\",\"url\":\"https:\/\/onlan-gaming.com\/product\/mc-30-micro-streaming-expert\/\",\"name\":\"MC-30 Micro Streaming Expert - OnLan Gaming\",\"isPartOf\":{\"@id\":\"https:\/\/onlan-gaming.com\/#website\"},\"primaryImageOfPage\":{\"@id\":\"https:\/\/onlan-gaming.com\/product\/mc-30-micro-streaming-expert\/#primaryimage\"},\"image\":{\"@id\":\"https:\/\/onlan-gaming.com\/product\/mc-30-micro-streaming-expert\/#primaryimage\"},\"thumbnailUrl\":\"https:\/\/onlan-gaming.com\/wp-content\/uploads\/ONLAN_3015220943249_1-4.png\",\"datePublished\":\"2023-09-21T13:33:13+00:00\",\"dateModified\":\"2025-09-17T23:36:07+00:00\",\"breadcrumb\":{\"@id\":\"https:\/\/onlan-gaming.com\/product\/mc-30-micro-streaming-expert\/#breadcrumb\"},\"inLanguage\":\"es\",\"potentialAction\":[{\"@type\":\"ReadAction\",\"target\":[\"https:\/\/onlan-gaming.com\/product\/mc-30-micro-streaming-expert\/\"]}]},{\"@type\":\"ImageObject\",\"inLanguage\":\"es\",\"@id\":\"https:\/\/onlan-gaming.com\/product\/mc-30-micro-streaming-expert\/#primaryimage\",\"url\":\"https:\/\/onlan-gaming.com\/wp-content\/uploads\/ONLAN_3015220943249_1-4.png\",\"contentUrl\":\"https:\/\/onlan-gaming.com\/wp-content\/uploads\/ONLAN_3015220943249_1-4.png\",\"width\":1600,\"height\":1600},{\"@type\":\"BreadcrumbList\",\"@id\":\"https:\/\/onlan-gaming.com\/product\/mc-30-micro-streaming-expert\/#breadcrumb\",\"itemListElement\":[{\"@type\":\"ListItem\",\"position\":1,\"name\":\"Tienda\",\"item\":\"https:\/\/onlan-gaming.com\/es\/tienda\/\"},{\"@type\":\"ListItem\",\"position\":2,\"name\":\"MC-30 Micro Streaming Expert\"}]},{\"@type\":\"WebSite\",\"@id\":\"https:\/\/onlan-gaming.com\/#website\",\"url\":\"https:\/\/onlan-gaming.com\/\",\"name\":\"OnLan Gaming\",\"description\":\"\",\"potentialAction\":[{\"@type\":\"SearchAction\",\"target\":{\"@type\":\"EntryPoint\",\"urlTemplate\":\"https:\/\/onlan-gaming.com\/?s={search_term_string}\"},\"query-input\":{\"@type\":\"PropertyValueSpecification\",\"valueRequired\":true,\"valueName\":\"search_term_string\"}}],\"inLanguage\":\"es\"}]}<\/script>\n<!-- \/ Yoast SEO plugin. -->","yoast_head_json":{"title":"MC-30 Micro Streaming Expert - OnLan Gaming","robots":{"index":"index","follow":"follow","max-snippet":"max-snippet:-1","max-image-preview":"max-image-preview:large","max-video-preview":"max-video-preview:-1"},"canonical":"https:\/\/onlan-gaming.com\/product\/mc-30-micro-streaming-expert\/","og_locale":"es_ES","og_type":"article","og_title":"MC-30 Micro Streaming Expert - OnLan Gaming","og_description":"Le Micro MC-30 vous permet de poser votre voix avec une grande qualit\u00e9 sur vos streams. Mont\u00e9 sur un tr\u00e9pied adapt\u00e9, il b\u00e9n\u00e9ficie d'une monture suspendue anti-choc qui va l'isoler des bruits de bureau. Son filtre anti-pop vous permettra de vous exprimer suffisamment proche de votre micro pour partager votre meilleure voix. Son r\u00e9tro\u00e9clairage en fait le compagnon id\u00e9al d'un setup gaming. Ne l'oubliez pas, dans le streaming le son est aussi important que l'image.","og_url":"https:\/\/onlan-gaming.com\/product\/mc-30-micro-streaming-expert\/","og_site_name":"OnLan Gaming","article_modified_time":"2025-09-17T23:36:07+00:00","og_image":[{"width":1600,"height":1600,"url":"https:\/\/onlan-gaming.com\/wp-content\/uploads\/ONLAN_3015220943249_1-4.png","type":"image\/png"}],"twitter_card":"summary_large_image","schema":{"@context":"https:\/\/schema.org","@graph":[{"@type":"WebPage","@id":"https:\/\/onlan-gaming.com\/product\/mc-30-micro-streaming-expert\/","url":"https:\/\/onlan-gaming.com\/product\/mc-30-micro-streaming-expert\/","name":"MC-30 Micro Streaming Expert - OnLan Gaming","isPartOf":{"@id":"https:\/\/onlan-gaming.com\/#website"},"primaryImageOfPage":{"@id":"https:\/\/onlan-gaming.com\/product\/mc-30-micro-streaming-expert\/#primaryimage"},"image":{"@id":"https:\/\/onlan-gaming.com\/product\/mc-30-micro-streaming-expert\/#primaryimage"},"thumbnailUrl":"https:\/\/onlan-gaming.com\/wp-content\/uploads\/ONLAN_3015220943249_1-4.png","datePublished":"2023-09-21T13:33:13+00:00","dateModified":"2025-09-17T23:36:07+00:00","breadcrumb":{"@id":"https:\/\/onlan-gaming.com\/product\/mc-30-micro-streaming-expert\/#breadcrumb"},"inLanguage":"es","potentialAction":[{"@type":"ReadAction","target":["https:\/\/onlan-gaming.com\/product\/mc-30-micro-streaming-expert\/"]}]},{"@type":"ImageObject","inLanguage":"es","@id":"https:\/\/onlan-gaming.com\/product\/mc-30-micro-streaming-expert\/#primaryimage","url":"https:\/\/onlan-gaming.com\/wp-content\/uploads\/ONLAN_3015220943249_1-4.png","contentUrl":"https:\/\/onlan-gaming.com\/wp-content\/uploads\/ONLAN_3015220943249_1-4.png","width":1600,"height":1600},{"@type":"BreadcrumbList","@id":"https:\/\/onlan-gaming.com\/product\/mc-30-micro-streaming-expert\/#breadcrumb","itemListElement":[{"@type":"ListItem","position":1,"name":"Tienda","item":"https:\/\/onlan-gaming.com\/es\/tienda\/"},{"@type":"ListItem","position":2,"name":"MC-30 Micro Streaming Expert"}]},{"@type":"WebSite","@id":"https:\/\/onlan-gaming.com\/#website","url":"https:\/\/onlan-gaming.com\/","name":"OnLan Gaming","description":"","potentialAction":[{"@type":"SearchAction","target":{"@type":"EntryPoint","urlTemplate":"https:\/\/onlan-gaming.com\/?s={search_term_string}"},"query-input":{"@type":"PropertyValueSpecification","valueRequired":true,"valueName":"search_term_string"}}],"inLanguage":"es"}]}},"_links":{"self":[{"href":"https:\/\/onlan-gaming.com\/es\/wp-json\/wp\/v2\/product\/16737","targetHints":{"allow":["GET"]}}],"collection":[{"href":"https:\/\/onlan-gaming.com\/es\/wp-json\/wp\/v2\/product"}],"about":[{"href":"https:\/\/onlan-gaming.com\/es\/wp-json\/wp\/v2\/types\/product"}],"version-history":[{"count":2,"href":"https:\/\/onlan-gaming.com\/es\/wp-json\/wp\/v2\/product\/16737\/revisions"}],"predecessor-version":[{"id":17139,"href":"https:\/\/onlan-gaming.com\/es\/wp-json\/wp\/v2\/product\/16737\/revisions\/17139"}],"wp:featuredmedia":[{"embeddable":true,"href":"https:\/\/onlan-gaming.com\/es\/wp-json\/wp\/v2\/media\/15637"}],"wp:attachment":[{"href":"https:\/\/onlan-gaming.com\/es\/wp-json\/wp\/v2\/media?parent=16737"}],"wp:term":[{"taxonomy":"product_brand","embeddable":true,"href":"https:\/\/onlan-gaming.com\/es\/wp-json\/wp\/v2\/product_brand?post=16737"},{"taxonomy":"product_cat","embeddable":true,"href":"https:\/\/onlan-gaming.com\/es\/wp-json\/wp\/v2\/product_cat?post=16737"},{"taxonomy":"product_tag","embeddable":true,"href":"https:\/\/onlan-gaming.com\/es\/wp-json\/wp\/v2\/product_tag?post=16737"}],"curies":[{"name":"wp","href":"https:\/\/api.w.org\/{rel}","templated":true}]}}