{"id":16733,"date":"2023-09-21T15:33:11","date_gmt":"2023-09-21T13:33:11","guid":{"rendered":"https:\/\/onlan-gaming.com\/?post_type=product&#038;p=16733"},"modified":"2025-04-13T02:28:09","modified_gmt":"2025-04-13T00:28:09","slug":"so-5-souris-gaming-compacte","status":"publish","type":"product","link":"https:\/\/onlan-gaming.com\/es\/product\/so-5-souris-gaming-compacte\/","title":{"rendered":"SO-5 Souris Gaming Compacte"},"content":{"rendered":"<ul>\n<li>12800 DPI Max<\/li>\n<li>Design ergonomique<\/li>\n<li>R\u00e9tro-\u00e9clairage 7 couleurs<\/li>\n<li>Taux de fr\u00e9quence 125 &#8211; 1000Hz<\/li>\n<li>Cordon tress\u00e9 1,8m<\/li>\n<li>Acc\u00e9l\u00e9ration : 20G<\/li>\n<\/ul>\n","protected":false},"excerpt":{"rendered":"<p>La SO-5 est une souris compact aux lignes nerveuses qui poss\u00e8de une prise en main ergonomique. Elle inclut toutes les sp\u00e9cificit\u00e9s indispensables aux jeux vid\u00e9o exigeants. Son cordon tress\u00e9 vous garanti la meilleure durabilit\u00e9. De 800 \u00e0 12 800 DPI, choisissez la pr\u00e9cision qui vous correspond le mieux et changez quand bon vous semble, en fonction des situations.<\/p>\n","protected":false},"featured_media":16829,"template":"","meta":{"_acf_changed":false,"footnotes":""},"product_brand":[],"product_cat":[522],"product_tag":[507],"class_list":{"0":"post-16733","1":"product","2":"type-product","3":"status-publish","4":"has-post-thumbnail","6":"product_cat-souris","7":"product_tag-onlan","9":"first","10":"outofstock","11":"shipping-taxable","12":"purchasable","13":"product-type-simple"},"acf":[],"yoast_head":"<!-- This site is optimized with the Yoast SEO plugin v25.7 - https:\/\/yoast.com\/wordpress\/plugins\/seo\/ -->\n<title>SO-5 Souris Gaming Compacte - OnLan Gaming<\/title>\n<meta name=\"robots\" content=\"index, follow, max-snippet:-1, max-image-preview:large, max-video-preview:-1\" \/>\n<link rel=\"canonical\" href=\"https:\/\/onlan-gaming.com\/product\/so-5-souris-gaming-compacte\/\" \/>\n<meta property=\"og:locale\" content=\"es_ES\" \/>\n<meta property=\"og:type\" content=\"article\" \/>\n<meta property=\"og:title\" content=\"SO-5 Souris Gaming Compacte - OnLan Gaming\" \/>\n<meta property=\"og:description\" content=\"La SO-5 est une souris compact aux lignes nerveuses qui poss\u00e8de une prise en main ergonomique. Elle inclut toutes les sp\u00e9cificit\u00e9s indispensables aux jeux vid\u00e9o exigeants. Son cordon tress\u00e9 vous garanti la meilleure durabilit\u00e9. De 800 \u00e0 12 800 DPI, choisissez la pr\u00e9cision qui vous correspond le mieux et changez quand bon vous semble, en fonction des situations.\" \/>\n<meta property=\"og:url\" content=\"https:\/\/onlan-gaming.com\/product\/so-5-souris-gaming-compacte\/\" \/>\n<meta property=\"og:site_name\" content=\"OnLan Gaming\" \/>\n<meta property=\"article:modified_time\" content=\"2025-04-13T00:28:09+00:00\" \/>\n<meta property=\"og:image\" content=\"https:\/\/onlan-gaming.com\/wp-content\/uploads\/OL-SO-5.png\" \/>\n\t<meta property=\"og:image:width\" content=\"1205\" \/>\n\t<meta property=\"og:image:height\" content=\"1206\" \/>\n\t<meta property=\"og:image:type\" content=\"image\/png\" \/>\n<meta name=\"twitter:card\" content=\"summary_large_image\" \/>\n<script type=\"application\/ld+json\" class=\"yoast-schema-graph\">{\"@context\":\"https:\/\/schema.org\",\"@graph\":[{\"@type\":\"WebPage\",\"@id\":\"https:\/\/onlan-gaming.com\/product\/so-5-souris-gaming-compacte\/\",\"url\":\"https:\/\/onlan-gaming.com\/product\/so-5-souris-gaming-compacte\/\",\"name\":\"SO-5 Souris Gaming Compacte - OnLan Gaming\",\"isPartOf\":{\"@id\":\"https:\/\/onlan-gaming.com\/#website\"},\"primaryImageOfPage\":{\"@id\":\"https:\/\/onlan-gaming.com\/product\/so-5-souris-gaming-compacte\/#primaryimage\"},\"image\":{\"@id\":\"https:\/\/onlan-gaming.com\/product\/so-5-souris-gaming-compacte\/#primaryimage\"},\"thumbnailUrl\":\"https:\/\/onlan-gaming.com\/wp-content\/uploads\/OL-SO-5.png\",\"datePublished\":\"2023-09-21T13:33:11+00:00\",\"dateModified\":\"2025-04-13T00:28:09+00:00\",\"breadcrumb\":{\"@id\":\"https:\/\/onlan-gaming.com\/product\/so-5-souris-gaming-compacte\/#breadcrumb\"},\"inLanguage\":\"es\",\"potentialAction\":[{\"@type\":\"ReadAction\",\"target\":[\"https:\/\/onlan-gaming.com\/product\/so-5-souris-gaming-compacte\/\"]}]},{\"@type\":\"ImageObject\",\"inLanguage\":\"es\",\"@id\":\"https:\/\/onlan-gaming.com\/product\/so-5-souris-gaming-compacte\/#primaryimage\",\"url\":\"https:\/\/onlan-gaming.com\/wp-content\/uploads\/OL-SO-5.png\",\"contentUrl\":\"https:\/\/onlan-gaming.com\/wp-content\/uploads\/OL-SO-5.png\",\"width\":1205,\"height\":1206},{\"@type\":\"BreadcrumbList\",\"@id\":\"https:\/\/onlan-gaming.com\/product\/so-5-souris-gaming-compacte\/#breadcrumb\",\"itemListElement\":[{\"@type\":\"ListItem\",\"position\":1,\"name\":\"Tienda\",\"item\":\"https:\/\/onlan-gaming.com\/es\/tienda\/\"},{\"@type\":\"ListItem\",\"position\":2,\"name\":\"SO-5 Souris Gaming Compacte\"}]},{\"@type\":\"WebSite\",\"@id\":\"https:\/\/onlan-gaming.com\/#website\",\"url\":\"https:\/\/onlan-gaming.com\/\",\"name\":\"OnLan Gaming\",\"description\":\"\",\"potentialAction\":[{\"@type\":\"SearchAction\",\"target\":{\"@type\":\"EntryPoint\",\"urlTemplate\":\"https:\/\/onlan-gaming.com\/?s={search_term_string}\"},\"query-input\":{\"@type\":\"PropertyValueSpecification\",\"valueRequired\":true,\"valueName\":\"search_term_string\"}}],\"inLanguage\":\"es\"}]}<\/script>\n<!-- \/ Yoast SEO plugin. -->","yoast_head_json":{"title":"SO-5 Souris Gaming Compacte - OnLan Gaming","robots":{"index":"index","follow":"follow","max-snippet":"max-snippet:-1","max-image-preview":"max-image-preview:large","max-video-preview":"max-video-preview:-1"},"canonical":"https:\/\/onlan-gaming.com\/product\/so-5-souris-gaming-compacte\/","og_locale":"es_ES","og_type":"article","og_title":"SO-5 Souris Gaming Compacte - OnLan Gaming","og_description":"La SO-5 est une souris compact aux lignes nerveuses qui poss\u00e8de une prise en main ergonomique. Elle inclut toutes les sp\u00e9cificit\u00e9s indispensables aux jeux vid\u00e9o exigeants. Son cordon tress\u00e9 vous garanti la meilleure durabilit\u00e9. De 800 \u00e0 12 800 DPI, choisissez la pr\u00e9cision qui vous correspond le mieux et changez quand bon vous semble, en fonction des situations.","og_url":"https:\/\/onlan-gaming.com\/product\/so-5-souris-gaming-compacte\/","og_site_name":"OnLan Gaming","article_modified_time":"2025-04-13T00:28:09+00:00","og_image":[{"width":1205,"height":1206,"url":"https:\/\/onlan-gaming.com\/wp-content\/uploads\/OL-SO-5.png","type":"image\/png"}],"twitter_card":"summary_large_image","schema":{"@context":"https:\/\/schema.org","@graph":[{"@type":"WebPage","@id":"https:\/\/onlan-gaming.com\/product\/so-5-souris-gaming-compacte\/","url":"https:\/\/onlan-gaming.com\/product\/so-5-souris-gaming-compacte\/","name":"SO-5 Souris Gaming Compacte - OnLan Gaming","isPartOf":{"@id":"https:\/\/onlan-gaming.com\/#website"},"primaryImageOfPage":{"@id":"https:\/\/onlan-gaming.com\/product\/so-5-souris-gaming-compacte\/#primaryimage"},"image":{"@id":"https:\/\/onlan-gaming.com\/product\/so-5-souris-gaming-compacte\/#primaryimage"},"thumbnailUrl":"https:\/\/onlan-gaming.com\/wp-content\/uploads\/OL-SO-5.png","datePublished":"2023-09-21T13:33:11+00:00","dateModified":"2025-04-13T00:28:09+00:00","breadcrumb":{"@id":"https:\/\/onlan-gaming.com\/product\/so-5-souris-gaming-compacte\/#breadcrumb"},"inLanguage":"es","potentialAction":[{"@type":"ReadAction","target":["https:\/\/onlan-gaming.com\/product\/so-5-souris-gaming-compacte\/"]}]},{"@type":"ImageObject","inLanguage":"es","@id":"https:\/\/onlan-gaming.com\/product\/so-5-souris-gaming-compacte\/#primaryimage","url":"https:\/\/onlan-gaming.com\/wp-content\/uploads\/OL-SO-5.png","contentUrl":"https:\/\/onlan-gaming.com\/wp-content\/uploads\/OL-SO-5.png","width":1205,"height":1206},{"@type":"BreadcrumbList","@id":"https:\/\/onlan-gaming.com\/product\/so-5-souris-gaming-compacte\/#breadcrumb","itemListElement":[{"@type":"ListItem","position":1,"name":"Tienda","item":"https:\/\/onlan-gaming.com\/es\/tienda\/"},{"@type":"ListItem","position":2,"name":"SO-5 Souris Gaming Compacte"}]},{"@type":"WebSite","@id":"https:\/\/onlan-gaming.com\/#website","url":"https:\/\/onlan-gaming.com\/","name":"OnLan Gaming","description":"","potentialAction":[{"@type":"SearchAction","target":{"@type":"EntryPoint","urlTemplate":"https:\/\/onlan-gaming.com\/?s={search_term_string}"},"query-input":{"@type":"PropertyValueSpecification","valueRequired":true,"valueName":"search_term_string"}}],"inLanguage":"es"}]}},"_links":{"self":[{"href":"https:\/\/onlan-gaming.com\/es\/wp-json\/wp\/v2\/product\/16733","targetHints":{"allow":["GET"]}}],"collection":[{"href":"https:\/\/onlan-gaming.com\/es\/wp-json\/wp\/v2\/product"}],"about":[{"href":"https:\/\/onlan-gaming.com\/es\/wp-json\/wp\/v2\/types\/product"}],"version-history":[{"count":2,"href":"https:\/\/onlan-gaming.com\/es\/wp-json\/wp\/v2\/product\/16733\/revisions"}],"predecessor-version":[{"id":16832,"href":"https:\/\/onlan-gaming.com\/es\/wp-json\/wp\/v2\/product\/16733\/revisions\/16832"}],"wp:featuredmedia":[{"embeddable":true,"href":"https:\/\/onlan-gaming.com\/es\/wp-json\/wp\/v2\/media\/16829"}],"wp:attachment":[{"href":"https:\/\/onlan-gaming.com\/es\/wp-json\/wp\/v2\/media?parent=16733"}],"wp:term":[{"taxonomy":"product_brand","embeddable":true,"href":"https:\/\/onlan-gaming.com\/es\/wp-json\/wp\/v2\/product_brand?post=16733"},{"taxonomy":"product_cat","embeddable":true,"href":"https:\/\/onlan-gaming.com\/es\/wp-json\/wp\/v2\/product_cat?post=16733"},{"taxonomy":"product_tag","embeddable":true,"href":"https:\/\/onlan-gaming.com\/es\/wp-json\/wp\/v2\/product_tag?post=16733"}],"curies":[{"name":"wp","href":"https:\/\/api.w.org\/{rel}","templated":true}]}}