{"id":16729,"date":"2023-09-21T15:33:09","date_gmt":"2023-09-21T13:33:09","guid":{"rendered":"https:\/\/onlan-gaming.com\/?post_type=product&#038;p=16729"},"modified":"2025-09-19T01:36:08","modified_gmt":"2025-09-18T23:36:08","slug":"so-100-souris-gaming-pro-rgb","status":"publish","type":"product","link":"https:\/\/onlan-gaming.com\/es\/product\/so-100-souris-gaming-pro-rgb\/","title":{"rendered":"SO-100 Souris Gaming PRO RGB"},"content":{"rendered":"<ul>\n<li>6200 DPI Max, Jusqu&#8217;\u00e0 12400DPI par logiciel<\/li>\n<li>11 modes d&#8217;\u00e9clairage RGB<\/li>\n<li>Macros programmable par logiciel<\/li>\n<li>Taux de fr\u00e9quence 125 &#8211; 1000Hz<\/li>\n<li>Cordon USB tress\u00e9<\/li>\n<li>Acc\u00e9l\u00e9ration : 20G<\/li>\n<li>Temps de r\u00e9ponse ajustable<\/li>\n<\/ul>\n","protected":false},"excerpt":{"rendered":"<p>La SO-100 est une souris concue pour la comp\u00e9tition. Elle offre une large gamme de sensibilit\u00e9 de DPI de 800 \u00e0 6400 et m\u00eame jusqu&#8217;\u00e0 12400 via son logiciel. G\u00e9rez vos profils, associez une couleur \u00e0 vos sensibilit\u00e9s ou encore programmez vos macros pour gagner en efficacit\u00e9. Rien ne pourra plus vous r\u00e9sister avec la souris SO-100 !<\/p>\n","protected":false},"featured_media":16987,"template":"","meta":{"_acf_changed":false,"footnotes":""},"product_brand":[],"product_cat":[522],"product_tag":[507],"class_list":{"0":"post-16729","1":"product","2":"type-product","3":"status-publish","4":"has-post-thumbnail","6":"product_cat-souris","7":"product_tag-onlan","9":"first","10":"instock","11":"shipping-taxable","12":"purchasable","13":"product-type-simple"},"acf":[],"yoast_head":"<!-- This site is optimized with the Yoast SEO plugin v25.7 - https:\/\/yoast.com\/wordpress\/plugins\/seo\/ -->\n<title>SO-100 Souris Gaming PRO RGB - OnLan Gaming<\/title>\n<meta name=\"robots\" content=\"index, follow, max-snippet:-1, max-image-preview:large, max-video-preview:-1\" \/>\n<link rel=\"canonical\" href=\"https:\/\/onlan-gaming.com\/product\/so-100-souris-gaming-pro-rgb\/\" \/>\n<meta property=\"og:locale\" content=\"es_ES\" \/>\n<meta property=\"og:type\" content=\"article\" \/>\n<meta property=\"og:title\" content=\"SO-100 Souris Gaming PRO RGB - OnLan Gaming\" \/>\n<meta property=\"og:description\" content=\"La SO-100 est une souris concue pour la comp\u00e9tition. Elle offre une large gamme de sensibilit\u00e9 de DPI de 800 \u00e0 6400 et m\u00eame jusqu&#039;\u00e0 12400 via son logiciel. G\u00e9rez vos profils, associez une couleur \u00e0 vos sensibilit\u00e9s ou encore programmez vos macros pour gagner en efficacit\u00e9. Rien ne pourra plus vous r\u00e9sister avec la souris SO-100 !\" \/>\n<meta property=\"og:url\" content=\"https:\/\/onlan-gaming.com\/product\/so-100-souris-gaming-pro-rgb\/\" \/>\n<meta property=\"og:site_name\" content=\"OnLan Gaming\" \/>\n<meta property=\"article:modified_time\" content=\"2025-09-18T23:36:08+00:00\" \/>\n<meta property=\"og:image\" content=\"https:\/\/onlan-gaming.com\/wp-content\/uploads\/3015220943201_1.5.png\" \/>\n\t<meta property=\"og:image:width\" content=\"1600\" \/>\n\t<meta property=\"og:image:height\" content=\"1600\" \/>\n\t<meta property=\"og:image:type\" content=\"image\/png\" \/>\n<meta name=\"twitter:card\" content=\"summary_large_image\" \/>\n<script type=\"application\/ld+json\" class=\"yoast-schema-graph\">{\"@context\":\"https:\/\/schema.org\",\"@graph\":[{\"@type\":\"WebPage\",\"@id\":\"https:\/\/onlan-gaming.com\/product\/so-100-souris-gaming-pro-rgb\/\",\"url\":\"https:\/\/onlan-gaming.com\/product\/so-100-souris-gaming-pro-rgb\/\",\"name\":\"SO-100 Souris Gaming PRO RGB - OnLan Gaming\",\"isPartOf\":{\"@id\":\"https:\/\/onlan-gaming.com\/#website\"},\"primaryImageOfPage\":{\"@id\":\"https:\/\/onlan-gaming.com\/product\/so-100-souris-gaming-pro-rgb\/#primaryimage\"},\"image\":{\"@id\":\"https:\/\/onlan-gaming.com\/product\/so-100-souris-gaming-pro-rgb\/#primaryimage\"},\"thumbnailUrl\":\"https:\/\/onlan-gaming.com\/wp-content\/uploads\/3015220943201_1.5.png\",\"datePublished\":\"2023-09-21T13:33:09+00:00\",\"dateModified\":\"2025-09-18T23:36:08+00:00\",\"breadcrumb\":{\"@id\":\"https:\/\/onlan-gaming.com\/product\/so-100-souris-gaming-pro-rgb\/#breadcrumb\"},\"inLanguage\":\"es\",\"potentialAction\":[{\"@type\":\"ReadAction\",\"target\":[\"https:\/\/onlan-gaming.com\/product\/so-100-souris-gaming-pro-rgb\/\"]}]},{\"@type\":\"ImageObject\",\"inLanguage\":\"es\",\"@id\":\"https:\/\/onlan-gaming.com\/product\/so-100-souris-gaming-pro-rgb\/#primaryimage\",\"url\":\"https:\/\/onlan-gaming.com\/wp-content\/uploads\/3015220943201_1.5.png\",\"contentUrl\":\"https:\/\/onlan-gaming.com\/wp-content\/uploads\/3015220943201_1.5.png\",\"width\":1600,\"height\":1600},{\"@type\":\"BreadcrumbList\",\"@id\":\"https:\/\/onlan-gaming.com\/product\/so-100-souris-gaming-pro-rgb\/#breadcrumb\",\"itemListElement\":[{\"@type\":\"ListItem\",\"position\":1,\"name\":\"Tienda\",\"item\":\"https:\/\/onlan-gaming.com\/es\/tienda\/\"},{\"@type\":\"ListItem\",\"position\":2,\"name\":\"SO-100 Souris Gaming PRO RGB\"}]},{\"@type\":\"WebSite\",\"@id\":\"https:\/\/onlan-gaming.com\/#website\",\"url\":\"https:\/\/onlan-gaming.com\/\",\"name\":\"OnLan Gaming\",\"description\":\"\",\"potentialAction\":[{\"@type\":\"SearchAction\",\"target\":{\"@type\":\"EntryPoint\",\"urlTemplate\":\"https:\/\/onlan-gaming.com\/?s={search_term_string}\"},\"query-input\":{\"@type\":\"PropertyValueSpecification\",\"valueRequired\":true,\"valueName\":\"search_term_string\"}}],\"inLanguage\":\"es\"}]}<\/script>\n<!-- \/ Yoast SEO plugin. -->","yoast_head_json":{"title":"SO-100 Souris Gaming PRO RGB - OnLan Gaming","robots":{"index":"index","follow":"follow","max-snippet":"max-snippet:-1","max-image-preview":"max-image-preview:large","max-video-preview":"max-video-preview:-1"},"canonical":"https:\/\/onlan-gaming.com\/product\/so-100-souris-gaming-pro-rgb\/","og_locale":"es_ES","og_type":"article","og_title":"SO-100 Souris Gaming PRO RGB - OnLan Gaming","og_description":"La SO-100 est une souris concue pour la comp\u00e9tition. Elle offre une large gamme de sensibilit\u00e9 de DPI de 800 \u00e0 6400 et m\u00eame jusqu'\u00e0 12400 via son logiciel. G\u00e9rez vos profils, associez une couleur \u00e0 vos sensibilit\u00e9s ou encore programmez vos macros pour gagner en efficacit\u00e9. Rien ne pourra plus vous r\u00e9sister avec la souris SO-100 !","og_url":"https:\/\/onlan-gaming.com\/product\/so-100-souris-gaming-pro-rgb\/","og_site_name":"OnLan Gaming","article_modified_time":"2025-09-18T23:36:08+00:00","og_image":[{"width":1600,"height":1600,"url":"https:\/\/onlan-gaming.com\/wp-content\/uploads\/3015220943201_1.5.png","type":"image\/png"}],"twitter_card":"summary_large_image","schema":{"@context":"https:\/\/schema.org","@graph":[{"@type":"WebPage","@id":"https:\/\/onlan-gaming.com\/product\/so-100-souris-gaming-pro-rgb\/","url":"https:\/\/onlan-gaming.com\/product\/so-100-souris-gaming-pro-rgb\/","name":"SO-100 Souris Gaming PRO RGB - OnLan Gaming","isPartOf":{"@id":"https:\/\/onlan-gaming.com\/#website"},"primaryImageOfPage":{"@id":"https:\/\/onlan-gaming.com\/product\/so-100-souris-gaming-pro-rgb\/#primaryimage"},"image":{"@id":"https:\/\/onlan-gaming.com\/product\/so-100-souris-gaming-pro-rgb\/#primaryimage"},"thumbnailUrl":"https:\/\/onlan-gaming.com\/wp-content\/uploads\/3015220943201_1.5.png","datePublished":"2023-09-21T13:33:09+00:00","dateModified":"2025-09-18T23:36:08+00:00","breadcrumb":{"@id":"https:\/\/onlan-gaming.com\/product\/so-100-souris-gaming-pro-rgb\/#breadcrumb"},"inLanguage":"es","potentialAction":[{"@type":"ReadAction","target":["https:\/\/onlan-gaming.com\/product\/so-100-souris-gaming-pro-rgb\/"]}]},{"@type":"ImageObject","inLanguage":"es","@id":"https:\/\/onlan-gaming.com\/product\/so-100-souris-gaming-pro-rgb\/#primaryimage","url":"https:\/\/onlan-gaming.com\/wp-content\/uploads\/3015220943201_1.5.png","contentUrl":"https:\/\/onlan-gaming.com\/wp-content\/uploads\/3015220943201_1.5.png","width":1600,"height":1600},{"@type":"BreadcrumbList","@id":"https:\/\/onlan-gaming.com\/product\/so-100-souris-gaming-pro-rgb\/#breadcrumb","itemListElement":[{"@type":"ListItem","position":1,"name":"Tienda","item":"https:\/\/onlan-gaming.com\/es\/tienda\/"},{"@type":"ListItem","position":2,"name":"SO-100 Souris Gaming PRO RGB"}]},{"@type":"WebSite","@id":"https:\/\/onlan-gaming.com\/#website","url":"https:\/\/onlan-gaming.com\/","name":"OnLan Gaming","description":"","potentialAction":[{"@type":"SearchAction","target":{"@type":"EntryPoint","urlTemplate":"https:\/\/onlan-gaming.com\/?s={search_term_string}"},"query-input":{"@type":"PropertyValueSpecification","valueRequired":true,"valueName":"search_term_string"}}],"inLanguage":"es"}]}},"_links":{"self":[{"href":"https:\/\/onlan-gaming.com\/es\/wp-json\/wp\/v2\/product\/16729","targetHints":{"allow":["GET"]}}],"collection":[{"href":"https:\/\/onlan-gaming.com\/es\/wp-json\/wp\/v2\/product"}],"about":[{"href":"https:\/\/onlan-gaming.com\/es\/wp-json\/wp\/v2\/types\/product"}],"version-history":[{"count":2,"href":"https:\/\/onlan-gaming.com\/es\/wp-json\/wp\/v2\/product\/16729\/revisions"}],"predecessor-version":[{"id":16840,"href":"https:\/\/onlan-gaming.com\/es\/wp-json\/wp\/v2\/product\/16729\/revisions\/16840"}],"wp:featuredmedia":[{"embeddable":true,"href":"https:\/\/onlan-gaming.com\/es\/wp-json\/wp\/v2\/media\/16987"}],"wp:attachment":[{"href":"https:\/\/onlan-gaming.com\/es\/wp-json\/wp\/v2\/media?parent=16729"}],"wp:term":[{"taxonomy":"product_brand","embeddable":true,"href":"https:\/\/onlan-gaming.com\/es\/wp-json\/wp\/v2\/product_brand?post=16729"},{"taxonomy":"product_cat","embeddable":true,"href":"https:\/\/onlan-gaming.com\/es\/wp-json\/wp\/v2\/product_cat?post=16729"},{"taxonomy":"product_tag","embeddable":true,"href":"https:\/\/onlan-gaming.com\/es\/wp-json\/wp\/v2\/product_tag?post=16729"}],"curies":[{"name":"wp","href":"https:\/\/api.w.org\/{rel}","templated":true}]}}