{"id":16721,"date":"2023-09-21T15:33:04","date_gmt":"2023-09-21T13:33:04","guid":{"rendered":"https:\/\/onlan-gaming.com\/?post_type=product&#038;p=16721"},"modified":"2025-09-19T01:36:07","modified_gmt":"2025-09-18T23:36:07","slug":"cm-30-casque-micro-retro-eclaire","status":"publish","type":"product","link":"https:\/\/onlan-gaming.com\/es\/product\/cm-30-casque-micro-retro-eclaire\/","title":{"rendered":"CM-30 Casque-Micro r\u00e9tro-\u00e9clair\u00e9"},"content":{"rendered":"<ul>\n<li>Headphones :<\/li>\n<li>Haut parleurs de 50 mm<\/li>\n<li>Jack 3.5mm<\/li>\n<li>Sensibilit\u00e9 : 110 \u00b13dB at 1KHz<\/li>\n<li>Imp\u00e9dance : 32\u00b115?O<\/li>\n<li>R\u00e9ponse de fr\u00e9quence : 20Hz-20,000Hz<\/li>\n<li>Cordon tress\u00e9 2m<\/li>\n<li>USB pour le r\u00e9tro\u00e9clairage<\/li>\n<li>Microphone :<\/li>\n<li>Omnidirectionnel<\/li>\n<li>Sensibilit\u00e9 : 38\u00b13dB<\/li>\n<li>Imp\u00e9dance Micro : 2200O<\/li>\n<\/ul>\n","protected":false},"excerpt":{"rendered":"<p>Le casque micro CM-30 r\u00e9tro\u00e9clair\u00e9 vous offre le meilleur : un son de qualit\u00e9 avec des haut parleurs de 50mm, un micro omnidirectionnel et un confort in\u00e9gal\u00e9 (y compris pour les porteurs de lunettes). Le compagnon id\u00e9al de vos longues sessions de jeu.<\/p>\n","protected":false},"featured_media":15474,"template":"","meta":{"_acf_changed":false,"footnotes":""},"product_brand":[],"product_cat":[520],"product_tag":[507],"class_list":{"0":"post-16721","1":"product","2":"type-product","3":"status-publish","4":"has-post-thumbnail","6":"product_cat-casque-micro-pc","7":"product_tag-onlan","9":"first","10":"instock","11":"shipping-taxable","12":"purchasable","13":"product-type-simple"},"acf":[],"yoast_head":"<!-- This site is optimized with the Yoast SEO plugin v25.7 - https:\/\/yoast.com\/wordpress\/plugins\/seo\/ -->\n<title>CM-30 Casque-Micro r\u00e9tro-\u00e9clair\u00e9 - OnLan Gaming<\/title>\n<meta name=\"robots\" content=\"index, follow, max-snippet:-1, max-image-preview:large, max-video-preview:-1\" \/>\n<link rel=\"canonical\" href=\"https:\/\/onlan-gaming.com\/product\/cm-30-casque-micro-retro-eclaire\/\" \/>\n<meta property=\"og:locale\" content=\"es_ES\" \/>\n<meta property=\"og:type\" content=\"article\" \/>\n<meta property=\"og:title\" content=\"CM-30 Casque-Micro r\u00e9tro-\u00e9clair\u00e9 - OnLan Gaming\" \/>\n<meta property=\"og:description\" content=\"Le casque micro CM-30 r\u00e9tro\u00e9clair\u00e9 vous offre le meilleur : un son de qualit\u00e9 avec des haut parleurs de 50mm, un micro omnidirectionnel et un confort in\u00e9gal\u00e9 (y compris pour les porteurs de lunettes). Le compagnon id\u00e9al de vos longues sessions de jeu.\" \/>\n<meta property=\"og:url\" content=\"https:\/\/onlan-gaming.com\/product\/cm-30-casque-micro-retro-eclaire\/\" \/>\n<meta property=\"og:site_name\" content=\"OnLan Gaming\" \/>\n<meta property=\"article:modified_time\" content=\"2025-09-18T23:36:07+00:00\" \/>\n<meta property=\"og:image\" content=\"https:\/\/onlan-gaming.com\/wp-content\/uploads\/ONLAN_3015220943164_1-2-1024x1024.png\" \/>\n\t<meta property=\"og:image:width\" content=\"1024\" \/>\n\t<meta property=\"og:image:height\" content=\"1024\" \/>\n\t<meta property=\"og:image:type\" content=\"image\/png\" \/>\n<meta name=\"twitter:card\" content=\"summary_large_image\" \/>\n<script type=\"application\/ld+json\" class=\"yoast-schema-graph\">{\"@context\":\"https:\/\/schema.org\",\"@graph\":[{\"@type\":\"WebPage\",\"@id\":\"https:\/\/onlan-gaming.com\/product\/cm-30-casque-micro-retro-eclaire\/\",\"url\":\"https:\/\/onlan-gaming.com\/product\/cm-30-casque-micro-retro-eclaire\/\",\"name\":\"CM-30 Casque-Micro r\u00e9tro-\u00e9clair\u00e9 - OnLan Gaming\",\"isPartOf\":{\"@id\":\"https:\/\/onlan-gaming.com\/#website\"},\"primaryImageOfPage\":{\"@id\":\"https:\/\/onlan-gaming.com\/product\/cm-30-casque-micro-retro-eclaire\/#primaryimage\"},\"image\":{\"@id\":\"https:\/\/onlan-gaming.com\/product\/cm-30-casque-micro-retro-eclaire\/#primaryimage\"},\"thumbnailUrl\":\"https:\/\/onlan-gaming.com\/wp-content\/uploads\/ONLAN_3015220943164_1-2.png\",\"datePublished\":\"2023-09-21T13:33:04+00:00\",\"dateModified\":\"2025-09-18T23:36:07+00:00\",\"breadcrumb\":{\"@id\":\"https:\/\/onlan-gaming.com\/product\/cm-30-casque-micro-retro-eclaire\/#breadcrumb\"},\"inLanguage\":\"es\",\"potentialAction\":[{\"@type\":\"ReadAction\",\"target\":[\"https:\/\/onlan-gaming.com\/product\/cm-30-casque-micro-retro-eclaire\/\"]}]},{\"@type\":\"ImageObject\",\"inLanguage\":\"es\",\"@id\":\"https:\/\/onlan-gaming.com\/product\/cm-30-casque-micro-retro-eclaire\/#primaryimage\",\"url\":\"https:\/\/onlan-gaming.com\/wp-content\/uploads\/ONLAN_3015220943164_1-2.png\",\"contentUrl\":\"https:\/\/onlan-gaming.com\/wp-content\/uploads\/ONLAN_3015220943164_1-2.png\",\"width\":1600,\"height\":1600},{\"@type\":\"BreadcrumbList\",\"@id\":\"https:\/\/onlan-gaming.com\/product\/cm-30-casque-micro-retro-eclaire\/#breadcrumb\",\"itemListElement\":[{\"@type\":\"ListItem\",\"position\":1,\"name\":\"Tienda\",\"item\":\"https:\/\/onlan-gaming.com\/es\/tienda\/\"},{\"@type\":\"ListItem\",\"position\":2,\"name\":\"CM-30 Casque-Micro r\u00e9tro-\u00e9clair\u00e9\"}]},{\"@type\":\"WebSite\",\"@id\":\"https:\/\/onlan-gaming.com\/#website\",\"url\":\"https:\/\/onlan-gaming.com\/\",\"name\":\"OnLan Gaming\",\"description\":\"\",\"potentialAction\":[{\"@type\":\"SearchAction\",\"target\":{\"@type\":\"EntryPoint\",\"urlTemplate\":\"https:\/\/onlan-gaming.com\/?s={search_term_string}\"},\"query-input\":{\"@type\":\"PropertyValueSpecification\",\"valueRequired\":true,\"valueName\":\"search_term_string\"}}],\"inLanguage\":\"es\"}]}<\/script>\n<!-- \/ Yoast SEO plugin. -->","yoast_head_json":{"title":"CM-30 Casque-Micro r\u00e9tro-\u00e9clair\u00e9 - OnLan Gaming","robots":{"index":"index","follow":"follow","max-snippet":"max-snippet:-1","max-image-preview":"max-image-preview:large","max-video-preview":"max-video-preview:-1"},"canonical":"https:\/\/onlan-gaming.com\/product\/cm-30-casque-micro-retro-eclaire\/","og_locale":"es_ES","og_type":"article","og_title":"CM-30 Casque-Micro r\u00e9tro-\u00e9clair\u00e9 - OnLan Gaming","og_description":"Le casque micro CM-30 r\u00e9tro\u00e9clair\u00e9 vous offre le meilleur : un son de qualit\u00e9 avec des haut parleurs de 50mm, un micro omnidirectionnel et un confort in\u00e9gal\u00e9 (y compris pour les porteurs de lunettes). Le compagnon id\u00e9al de vos longues sessions de jeu.","og_url":"https:\/\/onlan-gaming.com\/product\/cm-30-casque-micro-retro-eclaire\/","og_site_name":"OnLan Gaming","article_modified_time":"2025-09-18T23:36:07+00:00","og_image":[{"width":1024,"height":1024,"url":"https:\/\/onlan-gaming.com\/wp-content\/uploads\/ONLAN_3015220943164_1-2-1024x1024.png","type":"image\/png"}],"twitter_card":"summary_large_image","schema":{"@context":"https:\/\/schema.org","@graph":[{"@type":"WebPage","@id":"https:\/\/onlan-gaming.com\/product\/cm-30-casque-micro-retro-eclaire\/","url":"https:\/\/onlan-gaming.com\/product\/cm-30-casque-micro-retro-eclaire\/","name":"CM-30 Casque-Micro r\u00e9tro-\u00e9clair\u00e9 - OnLan Gaming","isPartOf":{"@id":"https:\/\/onlan-gaming.com\/#website"},"primaryImageOfPage":{"@id":"https:\/\/onlan-gaming.com\/product\/cm-30-casque-micro-retro-eclaire\/#primaryimage"},"image":{"@id":"https:\/\/onlan-gaming.com\/product\/cm-30-casque-micro-retro-eclaire\/#primaryimage"},"thumbnailUrl":"https:\/\/onlan-gaming.com\/wp-content\/uploads\/ONLAN_3015220943164_1-2.png","datePublished":"2023-09-21T13:33:04+00:00","dateModified":"2025-09-18T23:36:07+00:00","breadcrumb":{"@id":"https:\/\/onlan-gaming.com\/product\/cm-30-casque-micro-retro-eclaire\/#breadcrumb"},"inLanguage":"es","potentialAction":[{"@type":"ReadAction","target":["https:\/\/onlan-gaming.com\/product\/cm-30-casque-micro-retro-eclaire\/"]}]},{"@type":"ImageObject","inLanguage":"es","@id":"https:\/\/onlan-gaming.com\/product\/cm-30-casque-micro-retro-eclaire\/#primaryimage","url":"https:\/\/onlan-gaming.com\/wp-content\/uploads\/ONLAN_3015220943164_1-2.png","contentUrl":"https:\/\/onlan-gaming.com\/wp-content\/uploads\/ONLAN_3015220943164_1-2.png","width":1600,"height":1600},{"@type":"BreadcrumbList","@id":"https:\/\/onlan-gaming.com\/product\/cm-30-casque-micro-retro-eclaire\/#breadcrumb","itemListElement":[{"@type":"ListItem","position":1,"name":"Tienda","item":"https:\/\/onlan-gaming.com\/es\/tienda\/"},{"@type":"ListItem","position":2,"name":"CM-30 Casque-Micro r\u00e9tro-\u00e9clair\u00e9"}]},{"@type":"WebSite","@id":"https:\/\/onlan-gaming.com\/#website","url":"https:\/\/onlan-gaming.com\/","name":"OnLan Gaming","description":"","potentialAction":[{"@type":"SearchAction","target":{"@type":"EntryPoint","urlTemplate":"https:\/\/onlan-gaming.com\/?s={search_term_string}"},"query-input":{"@type":"PropertyValueSpecification","valueRequired":true,"valueName":"search_term_string"}}],"inLanguage":"es"}]}},"_links":{"self":[{"href":"https:\/\/onlan-gaming.com\/es\/wp-json\/wp\/v2\/product\/16721","targetHints":{"allow":["GET"]}}],"collection":[{"href":"https:\/\/onlan-gaming.com\/es\/wp-json\/wp\/v2\/product"}],"about":[{"href":"https:\/\/onlan-gaming.com\/es\/wp-json\/wp\/v2\/types\/product"}],"version-history":[{"count":3,"href":"https:\/\/onlan-gaming.com\/es\/wp-json\/wp\/v2\/product\/16721\/revisions"}],"predecessor-version":[{"id":17173,"href":"https:\/\/onlan-gaming.com\/es\/wp-json\/wp\/v2\/product\/16721\/revisions\/17173"}],"wp:featuredmedia":[{"embeddable":true,"href":"https:\/\/onlan-gaming.com\/es\/wp-json\/wp\/v2\/media\/15474"}],"wp:attachment":[{"href":"https:\/\/onlan-gaming.com\/es\/wp-json\/wp\/v2\/media?parent=16721"}],"wp:term":[{"taxonomy":"product_brand","embeddable":true,"href":"https:\/\/onlan-gaming.com\/es\/wp-json\/wp\/v2\/product_brand?post=16721"},{"taxonomy":"product_cat","embeddable":true,"href":"https:\/\/onlan-gaming.com\/es\/wp-json\/wp\/v2\/product_cat?post=16721"},{"taxonomy":"product_tag","embeddable":true,"href":"https:\/\/onlan-gaming.com\/es\/wp-json\/wp\/v2\/product_tag?post=16721"}],"curies":[{"name":"wp","href":"https:\/\/api.w.org\/{rel}","templated":true}]}}