{"id":16719,"date":"2023-09-21T15:33:03","date_gmt":"2023-09-21T13:33:03","guid":{"rendered":"https:\/\/onlan-gaming.com\/?post_type=product&#038;p=16719"},"modified":"2025-07-10T01:36:07","modified_gmt":"2025-07-09T23:36:07","slug":"ev-30-ecran-vert-pliable","status":"publish","type":"product","link":"https:\/\/onlan-gaming.com\/es\/product\/ev-30-ecran-vert-pliable\/","title":{"rendered":"EV-30 Ecran vert Pliable"},"content":{"rendered":"<ul>\n<li>130cm <\/li>\n<li>Piable<\/li>\n<li>Vert parfait pour cl\u00e9 de chrominance<\/li>\n<li>Tissue anti froissage<\/li>\n<li>Ultra l\u00e9ger<\/li>\n<li>Support de chaise<\/li>\n<\/ul>\n","protected":false},"excerpt":{"rendered":"<p>L&#8217;\u00e9cran vert EV-30 est le compagnon id\u00e9al de vos sessions de streaming : sa couleur est  sp\u00e9cifiquement calibr\u00e9e pour permettre le remplacement de l&#8217;arri\u00e8re plan (par exemple dans OBS) pour incruster votre partie. Pliable vous pourrez le ranger simplement dans sa housse de transport pour un encombrement minimum. D\u00e9ploy\u00e9 il se fixe facilement sur le dossier de votre chaise de jeu.<\/p>\n","protected":false},"featured_media":15465,"template":"","meta":{"_acf_changed":false,"footnotes":""},"product_brand":[],"product_cat":[518],"product_tag":[507],"class_list":{"0":"post-16719","1":"product","2":"type-product","3":"status-publish","4":"has-post-thumbnail","6":"product_cat-fond-vert","7":"product_tag-onlan","9":"first","10":"instock","11":"shipping-taxable","12":"purchasable","13":"product-type-simple"},"acf":[],"yoast_head":"<!-- This site is optimized with the Yoast SEO plugin v25.7 - https:\/\/yoast.com\/wordpress\/plugins\/seo\/ -->\n<title>EV-30 Ecran vert Pliable - OnLan Gaming<\/title>\n<meta name=\"robots\" content=\"index, follow, max-snippet:-1, max-image-preview:large, max-video-preview:-1\" \/>\n<link rel=\"canonical\" href=\"https:\/\/onlan-gaming.com\/product\/ev-30-ecran-vert-pliable\/\" \/>\n<meta property=\"og:locale\" content=\"es_ES\" \/>\n<meta property=\"og:type\" content=\"article\" \/>\n<meta property=\"og:title\" content=\"EV-30 Ecran vert Pliable - OnLan Gaming\" \/>\n<meta property=\"og:description\" content=\"L&#039;\u00e9cran vert EV-30 est le compagnon id\u00e9al de vos sessions de streaming : sa couleur est sp\u00e9cifiquement calibr\u00e9e pour permettre le remplacement de l&#039;arri\u00e8re plan (par exemple dans OBS) pour incruster votre partie. Pliable vous pourrez le ranger simplement dans sa housse de transport pour un encombrement minimum. D\u00e9ploy\u00e9 il se fixe facilement sur le dossier de votre chaise de jeu.\" \/>\n<meta property=\"og:url\" content=\"https:\/\/onlan-gaming.com\/product\/ev-30-ecran-vert-pliable\/\" \/>\n<meta property=\"og:site_name\" content=\"OnLan Gaming\" \/>\n<meta property=\"article:modified_time\" content=\"2025-07-09T23:36:07+00:00\" \/>\n<meta property=\"og:image\" content=\"https:\/\/onlan-gaming.com\/wp-content\/uploads\/ONLAN_3015220943096_1-2.png\" \/>\n\t<meta property=\"og:image:width\" content=\"1600\" \/>\n\t<meta property=\"og:image:height\" content=\"1600\" \/>\n\t<meta property=\"og:image:type\" content=\"image\/png\" \/>\n<meta name=\"twitter:card\" content=\"summary_large_image\" \/>\n<script type=\"application\/ld+json\" class=\"yoast-schema-graph\">{\"@context\":\"https:\/\/schema.org\",\"@graph\":[{\"@type\":\"WebPage\",\"@id\":\"https:\/\/onlan-gaming.com\/product\/ev-30-ecran-vert-pliable\/\",\"url\":\"https:\/\/onlan-gaming.com\/product\/ev-30-ecran-vert-pliable\/\",\"name\":\"EV-30 Ecran vert Pliable - OnLan Gaming\",\"isPartOf\":{\"@id\":\"https:\/\/onlan-gaming.com\/#website\"},\"primaryImageOfPage\":{\"@id\":\"https:\/\/onlan-gaming.com\/product\/ev-30-ecran-vert-pliable\/#primaryimage\"},\"image\":{\"@id\":\"https:\/\/onlan-gaming.com\/product\/ev-30-ecran-vert-pliable\/#primaryimage\"},\"thumbnailUrl\":\"https:\/\/onlan-gaming.com\/wp-content\/uploads\/ONLAN_3015220943096_1-2.png\",\"datePublished\":\"2023-09-21T13:33:03+00:00\",\"dateModified\":\"2025-07-09T23:36:07+00:00\",\"breadcrumb\":{\"@id\":\"https:\/\/onlan-gaming.com\/product\/ev-30-ecran-vert-pliable\/#breadcrumb\"},\"inLanguage\":\"es\",\"potentialAction\":[{\"@type\":\"ReadAction\",\"target\":[\"https:\/\/onlan-gaming.com\/product\/ev-30-ecran-vert-pliable\/\"]}]},{\"@type\":\"ImageObject\",\"inLanguage\":\"es\",\"@id\":\"https:\/\/onlan-gaming.com\/product\/ev-30-ecran-vert-pliable\/#primaryimage\",\"url\":\"https:\/\/onlan-gaming.com\/wp-content\/uploads\/ONLAN_3015220943096_1-2.png\",\"contentUrl\":\"https:\/\/onlan-gaming.com\/wp-content\/uploads\/ONLAN_3015220943096_1-2.png\",\"width\":1600,\"height\":1600},{\"@type\":\"BreadcrumbList\",\"@id\":\"https:\/\/onlan-gaming.com\/product\/ev-30-ecran-vert-pliable\/#breadcrumb\",\"itemListElement\":[{\"@type\":\"ListItem\",\"position\":1,\"name\":\"Tienda\",\"item\":\"https:\/\/onlan-gaming.com\/es\/tienda\/\"},{\"@type\":\"ListItem\",\"position\":2,\"name\":\"EV-30 Ecran vert Pliable\"}]},{\"@type\":\"WebSite\",\"@id\":\"https:\/\/onlan-gaming.com\/#website\",\"url\":\"https:\/\/onlan-gaming.com\/\",\"name\":\"OnLan Gaming\",\"description\":\"\",\"potentialAction\":[{\"@type\":\"SearchAction\",\"target\":{\"@type\":\"EntryPoint\",\"urlTemplate\":\"https:\/\/onlan-gaming.com\/?s={search_term_string}\"},\"query-input\":{\"@type\":\"PropertyValueSpecification\",\"valueRequired\":true,\"valueName\":\"search_term_string\"}}],\"inLanguage\":\"es\"}]}<\/script>\n<!-- \/ Yoast SEO plugin. -->","yoast_head_json":{"title":"EV-30 Ecran vert Pliable - OnLan Gaming","robots":{"index":"index","follow":"follow","max-snippet":"max-snippet:-1","max-image-preview":"max-image-preview:large","max-video-preview":"max-video-preview:-1"},"canonical":"https:\/\/onlan-gaming.com\/product\/ev-30-ecran-vert-pliable\/","og_locale":"es_ES","og_type":"article","og_title":"EV-30 Ecran vert Pliable - OnLan Gaming","og_description":"L'\u00e9cran vert EV-30 est le compagnon id\u00e9al de vos sessions de streaming : sa couleur est sp\u00e9cifiquement calibr\u00e9e pour permettre le remplacement de l'arri\u00e8re plan (par exemple dans OBS) pour incruster votre partie. Pliable vous pourrez le ranger simplement dans sa housse de transport pour un encombrement minimum. D\u00e9ploy\u00e9 il se fixe facilement sur le dossier de votre chaise de jeu.","og_url":"https:\/\/onlan-gaming.com\/product\/ev-30-ecran-vert-pliable\/","og_site_name":"OnLan Gaming","article_modified_time":"2025-07-09T23:36:07+00:00","og_image":[{"width":1600,"height":1600,"url":"https:\/\/onlan-gaming.com\/wp-content\/uploads\/ONLAN_3015220943096_1-2.png","type":"image\/png"}],"twitter_card":"summary_large_image","schema":{"@context":"https:\/\/schema.org","@graph":[{"@type":"WebPage","@id":"https:\/\/onlan-gaming.com\/product\/ev-30-ecran-vert-pliable\/","url":"https:\/\/onlan-gaming.com\/product\/ev-30-ecran-vert-pliable\/","name":"EV-30 Ecran vert Pliable - OnLan Gaming","isPartOf":{"@id":"https:\/\/onlan-gaming.com\/#website"},"primaryImageOfPage":{"@id":"https:\/\/onlan-gaming.com\/product\/ev-30-ecran-vert-pliable\/#primaryimage"},"image":{"@id":"https:\/\/onlan-gaming.com\/product\/ev-30-ecran-vert-pliable\/#primaryimage"},"thumbnailUrl":"https:\/\/onlan-gaming.com\/wp-content\/uploads\/ONLAN_3015220943096_1-2.png","datePublished":"2023-09-21T13:33:03+00:00","dateModified":"2025-07-09T23:36:07+00:00","breadcrumb":{"@id":"https:\/\/onlan-gaming.com\/product\/ev-30-ecran-vert-pliable\/#breadcrumb"},"inLanguage":"es","potentialAction":[{"@type":"ReadAction","target":["https:\/\/onlan-gaming.com\/product\/ev-30-ecran-vert-pliable\/"]}]},{"@type":"ImageObject","inLanguage":"es","@id":"https:\/\/onlan-gaming.com\/product\/ev-30-ecran-vert-pliable\/#primaryimage","url":"https:\/\/onlan-gaming.com\/wp-content\/uploads\/ONLAN_3015220943096_1-2.png","contentUrl":"https:\/\/onlan-gaming.com\/wp-content\/uploads\/ONLAN_3015220943096_1-2.png","width":1600,"height":1600},{"@type":"BreadcrumbList","@id":"https:\/\/onlan-gaming.com\/product\/ev-30-ecran-vert-pliable\/#breadcrumb","itemListElement":[{"@type":"ListItem","position":1,"name":"Tienda","item":"https:\/\/onlan-gaming.com\/es\/tienda\/"},{"@type":"ListItem","position":2,"name":"EV-30 Ecran vert Pliable"}]},{"@type":"WebSite","@id":"https:\/\/onlan-gaming.com\/#website","url":"https:\/\/onlan-gaming.com\/","name":"OnLan Gaming","description":"","potentialAction":[{"@type":"SearchAction","target":{"@type":"EntryPoint","urlTemplate":"https:\/\/onlan-gaming.com\/?s={search_term_string}"},"query-input":{"@type":"PropertyValueSpecification","valueRequired":true,"valueName":"search_term_string"}}],"inLanguage":"es"}]}},"_links":{"self":[{"href":"https:\/\/onlan-gaming.com\/es\/wp-json\/wp\/v2\/product\/16719","targetHints":{"allow":["GET"]}}],"collection":[{"href":"https:\/\/onlan-gaming.com\/es\/wp-json\/wp\/v2\/product"}],"about":[{"href":"https:\/\/onlan-gaming.com\/es\/wp-json\/wp\/v2\/types\/product"}],"version-history":[{"count":1,"href":"https:\/\/onlan-gaming.com\/es\/wp-json\/wp\/v2\/product\/16719\/revisions"}],"predecessor-version":[{"id":16720,"href":"https:\/\/onlan-gaming.com\/es\/wp-json\/wp\/v2\/product\/16719\/revisions\/16720"}],"wp:featuredmedia":[{"embeddable":true,"href":"https:\/\/onlan-gaming.com\/es\/wp-json\/wp\/v2\/media\/15465"}],"wp:attachment":[{"href":"https:\/\/onlan-gaming.com\/es\/wp-json\/wp\/v2\/media?parent=16719"}],"wp:term":[{"taxonomy":"product_brand","embeddable":true,"href":"https:\/\/onlan-gaming.com\/es\/wp-json\/wp\/v2\/product_brand?post=16719"},{"taxonomy":"product_cat","embeddable":true,"href":"https:\/\/onlan-gaming.com\/es\/wp-json\/wp\/v2\/product_cat?post=16719"},{"taxonomy":"product_tag","embeddable":true,"href":"https:\/\/onlan-gaming.com\/es\/wp-json\/wp\/v2\/product_tag?post=16719"}],"curies":[{"name":"wp","href":"https:\/\/api.w.org\/{rel}","templated":true}]}}