{"id":16694,"date":"2023-09-21T06:20:07","date_gmt":"2023-09-21T04:20:07","guid":{"rendered":"https:\/\/onlan-gaming.com\/?post_type=product&#038;p=16694"},"modified":"2025-09-13T01:36:23","modified_gmt":"2025-09-12T23:36:23","slug":"rp-40-repose-poignet-etendu-3","status":"publish","type":"product","link":"https:\/\/onlan-gaming.com\/es\/product\/rp-40-repose-poignet-etendu-3\/","title":{"rendered":"RP-40 Repose Poignet \u00e9tendu"},"content":{"rendered":"","protected":false},"excerpt":{"rendered":"<p>Le repose poignet \u00e9tendu RP-40 vous offre une ergonomie id\u00e9ale pour taper au clavier. Sa mati\u00e8re \u00e0 m\u00e9moire de forme vous permet lors de vos longues sessions de ne pas mettre \u00e0 l&#8217;\u00e9preuve vos poignets.<\/p>\n","protected":false},"featured_media":16977,"template":"","meta":{"_acf_changed":false,"footnotes":""},"product_brand":[],"product_cat":[546],"product_tag":[507],"class_list":{"0":"post-16694","1":"product","2":"type-product","3":"status-publish","4":"has-post-thumbnail","6":"product_cat-divers","7":"product_tag-onlan","9":"first","10":"instock","11":"shipping-taxable","12":"purchasable","13":"product-type-simple"},"acf":[],"yoast_head":"<!-- This site is optimized with the Yoast SEO plugin v25.7 - https:\/\/yoast.com\/wordpress\/plugins\/seo\/ -->\n<title>RP-40 Repose Poignet \u00e9tendu - OnLan Gaming<\/title>\n<meta name=\"robots\" content=\"index, follow, max-snippet:-1, max-image-preview:large, max-video-preview:-1\" \/>\n<link rel=\"canonical\" href=\"https:\/\/onlan-gaming.com\/product\/rp-40-repose-poignet-etendu-3\/\" \/>\n<meta property=\"og:locale\" content=\"es_ES\" \/>\n<meta property=\"og:type\" content=\"article\" \/>\n<meta property=\"og:title\" content=\"RP-40 Repose Poignet \u00e9tendu - OnLan Gaming\" \/>\n<meta property=\"og:description\" content=\"Le repose poignet \u00e9tendu RP-40 vous offre une ergonomie id\u00e9ale pour taper au clavier. Sa mati\u00e8re \u00e0 m\u00e9moire de forme vous permet lors de vos longues sessions de ne pas mettre \u00e0 l&#039;\u00e9preuve vos poignets.\" \/>\n<meta property=\"og:url\" content=\"https:\/\/onlan-gaming.com\/product\/rp-40-repose-poignet-etendu-3\/\" \/>\n<meta property=\"og:site_name\" content=\"OnLan Gaming\" \/>\n<meta property=\"article:modified_time\" content=\"2025-09-12T23:36:23+00:00\" \/>\n<meta property=\"og:image\" content=\"https:\/\/onlan-gaming.com\/wp-content\/uploads\/3015220970542_RP-40-1024x1024.png\" \/>\n\t<meta property=\"og:image:width\" content=\"1024\" \/>\n\t<meta property=\"og:image:height\" content=\"1024\" \/>\n\t<meta property=\"og:image:type\" content=\"image\/png\" \/>\n<meta name=\"twitter:card\" content=\"summary_large_image\" \/>\n<script type=\"application\/ld+json\" class=\"yoast-schema-graph\">{\"@context\":\"https:\/\/schema.org\",\"@graph\":[{\"@type\":\"WebPage\",\"@id\":\"https:\/\/onlan-gaming.com\/product\/rp-40-repose-poignet-etendu-3\/\",\"url\":\"https:\/\/onlan-gaming.com\/product\/rp-40-repose-poignet-etendu-3\/\",\"name\":\"RP-40 Repose Poignet \u00e9tendu - OnLan Gaming\",\"isPartOf\":{\"@id\":\"https:\/\/onlan-gaming.com\/#website\"},\"primaryImageOfPage\":{\"@id\":\"https:\/\/onlan-gaming.com\/product\/rp-40-repose-poignet-etendu-3\/#primaryimage\"},\"image\":{\"@id\":\"https:\/\/onlan-gaming.com\/product\/rp-40-repose-poignet-etendu-3\/#primaryimage\"},\"thumbnailUrl\":\"https:\/\/onlan-gaming.com\/wp-content\/uploads\/3015220970542_RP-40.png\",\"datePublished\":\"2023-09-21T04:20:07+00:00\",\"dateModified\":\"2025-09-12T23:36:23+00:00\",\"breadcrumb\":{\"@id\":\"https:\/\/onlan-gaming.com\/product\/rp-40-repose-poignet-etendu-3\/#breadcrumb\"},\"inLanguage\":\"es\",\"potentialAction\":[{\"@type\":\"ReadAction\",\"target\":[\"https:\/\/onlan-gaming.com\/product\/rp-40-repose-poignet-etendu-3\/\"]}]},{\"@type\":\"ImageObject\",\"inLanguage\":\"es\",\"@id\":\"https:\/\/onlan-gaming.com\/product\/rp-40-repose-poignet-etendu-3\/#primaryimage\",\"url\":\"https:\/\/onlan-gaming.com\/wp-content\/uploads\/3015220970542_RP-40.png\",\"contentUrl\":\"https:\/\/onlan-gaming.com\/wp-content\/uploads\/3015220970542_RP-40.png\",\"width\":3008,\"height\":3008},{\"@type\":\"BreadcrumbList\",\"@id\":\"https:\/\/onlan-gaming.com\/product\/rp-40-repose-poignet-etendu-3\/#breadcrumb\",\"itemListElement\":[{\"@type\":\"ListItem\",\"position\":1,\"name\":\"Tienda\",\"item\":\"https:\/\/onlan-gaming.com\/es\/tienda\/\"},{\"@type\":\"ListItem\",\"position\":2,\"name\":\"RP-40 Repose Poignet \u00e9tendu\"}]},{\"@type\":\"WebSite\",\"@id\":\"https:\/\/onlan-gaming.com\/#website\",\"url\":\"https:\/\/onlan-gaming.com\/\",\"name\":\"OnLan Gaming\",\"description\":\"\",\"potentialAction\":[{\"@type\":\"SearchAction\",\"target\":{\"@type\":\"EntryPoint\",\"urlTemplate\":\"https:\/\/onlan-gaming.com\/?s={search_term_string}\"},\"query-input\":{\"@type\":\"PropertyValueSpecification\",\"valueRequired\":true,\"valueName\":\"search_term_string\"}}],\"inLanguage\":\"es\"}]}<\/script>\n<!-- \/ Yoast SEO plugin. -->","yoast_head_json":{"title":"RP-40 Repose Poignet \u00e9tendu - OnLan Gaming","robots":{"index":"index","follow":"follow","max-snippet":"max-snippet:-1","max-image-preview":"max-image-preview:large","max-video-preview":"max-video-preview:-1"},"canonical":"https:\/\/onlan-gaming.com\/product\/rp-40-repose-poignet-etendu-3\/","og_locale":"es_ES","og_type":"article","og_title":"RP-40 Repose Poignet \u00e9tendu - OnLan Gaming","og_description":"Le repose poignet \u00e9tendu RP-40 vous offre une ergonomie id\u00e9ale pour taper au clavier. Sa mati\u00e8re \u00e0 m\u00e9moire de forme vous permet lors de vos longues sessions de ne pas mettre \u00e0 l'\u00e9preuve vos poignets.","og_url":"https:\/\/onlan-gaming.com\/product\/rp-40-repose-poignet-etendu-3\/","og_site_name":"OnLan Gaming","article_modified_time":"2025-09-12T23:36:23+00:00","og_image":[{"width":1024,"height":1024,"url":"https:\/\/onlan-gaming.com\/wp-content\/uploads\/3015220970542_RP-40-1024x1024.png","type":"image\/png"}],"twitter_card":"summary_large_image","schema":{"@context":"https:\/\/schema.org","@graph":[{"@type":"WebPage","@id":"https:\/\/onlan-gaming.com\/product\/rp-40-repose-poignet-etendu-3\/","url":"https:\/\/onlan-gaming.com\/product\/rp-40-repose-poignet-etendu-3\/","name":"RP-40 Repose Poignet \u00e9tendu - OnLan Gaming","isPartOf":{"@id":"https:\/\/onlan-gaming.com\/#website"},"primaryImageOfPage":{"@id":"https:\/\/onlan-gaming.com\/product\/rp-40-repose-poignet-etendu-3\/#primaryimage"},"image":{"@id":"https:\/\/onlan-gaming.com\/product\/rp-40-repose-poignet-etendu-3\/#primaryimage"},"thumbnailUrl":"https:\/\/onlan-gaming.com\/wp-content\/uploads\/3015220970542_RP-40.png","datePublished":"2023-09-21T04:20:07+00:00","dateModified":"2025-09-12T23:36:23+00:00","breadcrumb":{"@id":"https:\/\/onlan-gaming.com\/product\/rp-40-repose-poignet-etendu-3\/#breadcrumb"},"inLanguage":"es","potentialAction":[{"@type":"ReadAction","target":["https:\/\/onlan-gaming.com\/product\/rp-40-repose-poignet-etendu-3\/"]}]},{"@type":"ImageObject","inLanguage":"es","@id":"https:\/\/onlan-gaming.com\/product\/rp-40-repose-poignet-etendu-3\/#primaryimage","url":"https:\/\/onlan-gaming.com\/wp-content\/uploads\/3015220970542_RP-40.png","contentUrl":"https:\/\/onlan-gaming.com\/wp-content\/uploads\/3015220970542_RP-40.png","width":3008,"height":3008},{"@type":"BreadcrumbList","@id":"https:\/\/onlan-gaming.com\/product\/rp-40-repose-poignet-etendu-3\/#breadcrumb","itemListElement":[{"@type":"ListItem","position":1,"name":"Tienda","item":"https:\/\/onlan-gaming.com\/es\/tienda\/"},{"@type":"ListItem","position":2,"name":"RP-40 Repose Poignet \u00e9tendu"}]},{"@type":"WebSite","@id":"https:\/\/onlan-gaming.com\/#website","url":"https:\/\/onlan-gaming.com\/","name":"OnLan Gaming","description":"","potentialAction":[{"@type":"SearchAction","target":{"@type":"EntryPoint","urlTemplate":"https:\/\/onlan-gaming.com\/?s={search_term_string}"},"query-input":{"@type":"PropertyValueSpecification","valueRequired":true,"valueName":"search_term_string"}}],"inLanguage":"es"}]}},"_links":{"self":[{"href":"https:\/\/onlan-gaming.com\/es\/wp-json\/wp\/v2\/product\/16694","targetHints":{"allow":["GET"]}}],"collection":[{"href":"https:\/\/onlan-gaming.com\/es\/wp-json\/wp\/v2\/product"}],"about":[{"href":"https:\/\/onlan-gaming.com\/es\/wp-json\/wp\/v2\/types\/product"}],"version-history":[{"count":1,"href":"https:\/\/onlan-gaming.com\/es\/wp-json\/wp\/v2\/product\/16694\/revisions"}],"predecessor-version":[{"id":16700,"href":"https:\/\/onlan-gaming.com\/es\/wp-json\/wp\/v2\/product\/16694\/revisions\/16700"}],"wp:featuredmedia":[{"embeddable":true,"href":"https:\/\/onlan-gaming.com\/es\/wp-json\/wp\/v2\/media\/16977"}],"wp:attachment":[{"href":"https:\/\/onlan-gaming.com\/es\/wp-json\/wp\/v2\/media?parent=16694"}],"wp:term":[{"taxonomy":"product_brand","embeddable":true,"href":"https:\/\/onlan-gaming.com\/es\/wp-json\/wp\/v2\/product_brand?post=16694"},{"taxonomy":"product_cat","embeddable":true,"href":"https:\/\/onlan-gaming.com\/es\/wp-json\/wp\/v2\/product_cat?post=16694"},{"taxonomy":"product_tag","embeddable":true,"href":"https:\/\/onlan-gaming.com\/es\/wp-json\/wp\/v2\/product_tag?post=16694"}],"curies":[{"name":"wp","href":"https:\/\/api.w.org\/{rel}","templated":true}]}}