{"id":14840,"date":"2022-11-02T15:36:48","date_gmt":"2022-11-02T14:36:48","guid":{"rendered":"https:\/\/onlan-gaming.com\/?post_type=product&#038;p=14840"},"modified":"2025-09-19T01:36:14","modified_gmt":"2025-09-18T23:36:14","slug":"pg-7-pack-gaming","status":"publish","type":"product","link":"https:\/\/onlan-gaming.com\/es\/product\/pg-7-pack-gaming\/","title":{"rendered":"PG-7 Pack Gaming 3 en 1"},"content":{"rendered":"<ul>\n<li>Clavier Gaming compact TKL :<\/li>\n<li>64 touches<\/li>\n<li>R\u00e9tro-\u00e9clairage arc-en-ciel RGB<\/li>\n<li>Souris optique : <\/li>\n<li>Cordon USB 1,5m<\/li>\n<li>6 boutons<\/li>\n<li>Design ergonomique<\/li>\n<li>Jusqu&#8217;\u00e0 3200 DPI<\/li>\n<li>R\u00e9tro \u00e9clairage Arc-en-ciel<\/li>\n<li>Tapis de souris :<\/li>\n<li>dimension : 27cm x 32cm<\/li>\n<li>Surface optimis\u00e9e pour le jeu<\/li>\n<li>Base antid\u00e9rapante<\/li>\n<\/ul>\n","protected":false},"excerpt":{"rendered":"<p>Un setup gaming complet, le PG-7 est l&#8217;assurance de pouvoir jouer dans de bonnes conditions, sans se prendre la t\u00eate. Le pack comprend une souris, un clavier TKL multim\u00e9dia et un tapis de souris antid\u00e9rapant.<\/p>\n","protected":false},"featured_media":15856,"template":"","meta":{"_acf_changed":false,"footnotes":""},"product_brand":[],"product_cat":[527],"product_tag":[507],"class_list":{"0":"post-14840","1":"product","2":"type-product","3":"status-publish","4":"has-post-thumbnail","6":"product_cat-bundle","7":"product_tag-onlan","9":"first","10":"instock","11":"shipping-taxable","12":"purchasable","13":"product-type-simple"},"acf":[],"yoast_head":"<!-- This site is optimized with the Yoast SEO plugin v25.7 - https:\/\/yoast.com\/wordpress\/plugins\/seo\/ -->\n<title>PG-7 Pack Gaming 3 en 1 - OnLan Gaming<\/title>\n<meta name=\"robots\" content=\"index, follow, max-snippet:-1, max-image-preview:large, max-video-preview:-1\" \/>\n<link rel=\"canonical\" href=\"https:\/\/onlan-gaming.com\/product\/pg-7-pack-gaming\/\" \/>\n<meta property=\"og:locale\" content=\"es_ES\" \/>\n<meta property=\"og:type\" content=\"article\" \/>\n<meta property=\"og:title\" content=\"PG-7 Pack Gaming 3 en 1 - OnLan Gaming\" \/>\n<meta property=\"og:description\" content=\"Un setup gaming complet, le PG-7 est l&#039;assurance de pouvoir jouer dans de bonnes conditions, sans se prendre la t\u00eate. Le pack comprend une souris, un clavier TKL multim\u00e9dia et un tapis de souris antid\u00e9rapant.\" \/>\n<meta property=\"og:url\" content=\"https:\/\/onlan-gaming.com\/product\/pg-7-pack-gaming\/\" \/>\n<meta property=\"og:site_name\" content=\"OnLan Gaming\" \/>\n<meta property=\"article:modified_time\" content=\"2025-09-18T23:36:14+00:00\" \/>\n<meta property=\"og:image\" content=\"https:\/\/onlan-gaming.com\/wp-content\/uploads\/ONLAN_3015220943287_1-9.png\" \/>\n\t<meta property=\"og:image:width\" content=\"1600\" \/>\n\t<meta property=\"og:image:height\" content=\"1600\" \/>\n\t<meta property=\"og:image:type\" content=\"image\/png\" \/>\n<meta name=\"twitter:card\" content=\"summary_large_image\" \/>\n<script type=\"application\/ld+json\" class=\"yoast-schema-graph\">{\"@context\":\"https:\/\/schema.org\",\"@graph\":[{\"@type\":\"WebPage\",\"@id\":\"https:\/\/onlan-gaming.com\/product\/pg-7-pack-gaming\/\",\"url\":\"https:\/\/onlan-gaming.com\/product\/pg-7-pack-gaming\/\",\"name\":\"PG-7 Pack Gaming 3 en 1 - OnLan Gaming\",\"isPartOf\":{\"@id\":\"https:\/\/onlan-gaming.com\/#website\"},\"primaryImageOfPage\":{\"@id\":\"https:\/\/onlan-gaming.com\/product\/pg-7-pack-gaming\/#primaryimage\"},\"image\":{\"@id\":\"https:\/\/onlan-gaming.com\/product\/pg-7-pack-gaming\/#primaryimage\"},\"thumbnailUrl\":\"https:\/\/onlan-gaming.com\/wp-content\/uploads\/ONLAN_3015220943287_1-9.png\",\"datePublished\":\"2022-11-02T14:36:48+00:00\",\"dateModified\":\"2025-09-18T23:36:14+00:00\",\"breadcrumb\":{\"@id\":\"https:\/\/onlan-gaming.com\/product\/pg-7-pack-gaming\/#breadcrumb\"},\"inLanguage\":\"es\",\"potentialAction\":[{\"@type\":\"ReadAction\",\"target\":[\"https:\/\/onlan-gaming.com\/product\/pg-7-pack-gaming\/\"]}]},{\"@type\":\"ImageObject\",\"inLanguage\":\"es\",\"@id\":\"https:\/\/onlan-gaming.com\/product\/pg-7-pack-gaming\/#primaryimage\",\"url\":\"https:\/\/onlan-gaming.com\/wp-content\/uploads\/ONLAN_3015220943287_1-9.png\",\"contentUrl\":\"https:\/\/onlan-gaming.com\/wp-content\/uploads\/ONLAN_3015220943287_1-9.png\",\"width\":1600,\"height\":1600},{\"@type\":\"BreadcrumbList\",\"@id\":\"https:\/\/onlan-gaming.com\/product\/pg-7-pack-gaming\/#breadcrumb\",\"itemListElement\":[{\"@type\":\"ListItem\",\"position\":1,\"name\":\"Tienda\",\"item\":\"https:\/\/onlan-gaming.com\/es\/tienda\/\"},{\"@type\":\"ListItem\",\"position\":2,\"name\":\"PG-7 Pack Gaming 3 en 1\"}]},{\"@type\":\"WebSite\",\"@id\":\"https:\/\/onlan-gaming.com\/#website\",\"url\":\"https:\/\/onlan-gaming.com\/\",\"name\":\"OnLan Gaming\",\"description\":\"\",\"potentialAction\":[{\"@type\":\"SearchAction\",\"target\":{\"@type\":\"EntryPoint\",\"urlTemplate\":\"https:\/\/onlan-gaming.com\/?s={search_term_string}\"},\"query-input\":{\"@type\":\"PropertyValueSpecification\",\"valueRequired\":true,\"valueName\":\"search_term_string\"}}],\"inLanguage\":\"es\"}]}<\/script>\n<!-- \/ Yoast SEO plugin. -->","yoast_head_json":{"title":"PG-7 Pack Gaming 3 en 1 - OnLan Gaming","robots":{"index":"index","follow":"follow","max-snippet":"max-snippet:-1","max-image-preview":"max-image-preview:large","max-video-preview":"max-video-preview:-1"},"canonical":"https:\/\/onlan-gaming.com\/product\/pg-7-pack-gaming\/","og_locale":"es_ES","og_type":"article","og_title":"PG-7 Pack Gaming 3 en 1 - OnLan Gaming","og_description":"Un setup gaming complet, le PG-7 est l'assurance de pouvoir jouer dans de bonnes conditions, sans se prendre la t\u00eate. Le pack comprend une souris, un clavier TKL multim\u00e9dia et un tapis de souris antid\u00e9rapant.","og_url":"https:\/\/onlan-gaming.com\/product\/pg-7-pack-gaming\/","og_site_name":"OnLan Gaming","article_modified_time":"2025-09-18T23:36:14+00:00","og_image":[{"width":1600,"height":1600,"url":"https:\/\/onlan-gaming.com\/wp-content\/uploads\/ONLAN_3015220943287_1-9.png","type":"image\/png"}],"twitter_card":"summary_large_image","schema":{"@context":"https:\/\/schema.org","@graph":[{"@type":"WebPage","@id":"https:\/\/onlan-gaming.com\/product\/pg-7-pack-gaming\/","url":"https:\/\/onlan-gaming.com\/product\/pg-7-pack-gaming\/","name":"PG-7 Pack Gaming 3 en 1 - OnLan Gaming","isPartOf":{"@id":"https:\/\/onlan-gaming.com\/#website"},"primaryImageOfPage":{"@id":"https:\/\/onlan-gaming.com\/product\/pg-7-pack-gaming\/#primaryimage"},"image":{"@id":"https:\/\/onlan-gaming.com\/product\/pg-7-pack-gaming\/#primaryimage"},"thumbnailUrl":"https:\/\/onlan-gaming.com\/wp-content\/uploads\/ONLAN_3015220943287_1-9.png","datePublished":"2022-11-02T14:36:48+00:00","dateModified":"2025-09-18T23:36:14+00:00","breadcrumb":{"@id":"https:\/\/onlan-gaming.com\/product\/pg-7-pack-gaming\/#breadcrumb"},"inLanguage":"es","potentialAction":[{"@type":"ReadAction","target":["https:\/\/onlan-gaming.com\/product\/pg-7-pack-gaming\/"]}]},{"@type":"ImageObject","inLanguage":"es","@id":"https:\/\/onlan-gaming.com\/product\/pg-7-pack-gaming\/#primaryimage","url":"https:\/\/onlan-gaming.com\/wp-content\/uploads\/ONLAN_3015220943287_1-9.png","contentUrl":"https:\/\/onlan-gaming.com\/wp-content\/uploads\/ONLAN_3015220943287_1-9.png","width":1600,"height":1600},{"@type":"BreadcrumbList","@id":"https:\/\/onlan-gaming.com\/product\/pg-7-pack-gaming\/#breadcrumb","itemListElement":[{"@type":"ListItem","position":1,"name":"Tienda","item":"https:\/\/onlan-gaming.com\/es\/tienda\/"},{"@type":"ListItem","position":2,"name":"PG-7 Pack Gaming 3 en 1"}]},{"@type":"WebSite","@id":"https:\/\/onlan-gaming.com\/#website","url":"https:\/\/onlan-gaming.com\/","name":"OnLan Gaming","description":"","potentialAction":[{"@type":"SearchAction","target":{"@type":"EntryPoint","urlTemplate":"https:\/\/onlan-gaming.com\/?s={search_term_string}"},"query-input":{"@type":"PropertyValueSpecification","valueRequired":true,"valueName":"search_term_string"}}],"inLanguage":"es"}]}},"_links":{"self":[{"href":"https:\/\/onlan-gaming.com\/es\/wp-json\/wp\/v2\/product\/14840","targetHints":{"allow":["GET"]}}],"collection":[{"href":"https:\/\/onlan-gaming.com\/es\/wp-json\/wp\/v2\/product"}],"about":[{"href":"https:\/\/onlan-gaming.com\/es\/wp-json\/wp\/v2\/types\/product"}],"version-history":[{"count":1,"href":"https:\/\/onlan-gaming.com\/es\/wp-json\/wp\/v2\/product\/14840\/revisions"}],"predecessor-version":[{"id":15321,"href":"https:\/\/onlan-gaming.com\/es\/wp-json\/wp\/v2\/product\/14840\/revisions\/15321"}],"wp:featuredmedia":[{"embeddable":true,"href":"https:\/\/onlan-gaming.com\/es\/wp-json\/wp\/v2\/media\/15856"}],"wp:attachment":[{"href":"https:\/\/onlan-gaming.com\/es\/wp-json\/wp\/v2\/media?parent=14840"}],"wp:term":[{"taxonomy":"product_brand","embeddable":true,"href":"https:\/\/onlan-gaming.com\/es\/wp-json\/wp\/v2\/product_brand?post=14840"},{"taxonomy":"product_cat","embeddable":true,"href":"https:\/\/onlan-gaming.com\/es\/wp-json\/wp\/v2\/product_cat?post=14840"},{"taxonomy":"product_tag","embeddable":true,"href":"https:\/\/onlan-gaming.com\/es\/wp-json\/wp\/v2\/product_tag?post=14840"}],"curies":[{"name":"wp","href":"https:\/\/api.w.org\/{rel}","templated":true}]}}