{"id":17344,"date":"2025-04-17T10:43:52","date_gmt":"2025-04-17T08:43:52","guid":{"rendered":"https:\/\/onlan-gaming.com\/?post_type=product&#038;p=17344"},"modified":"2025-04-17T10:43:54","modified_gmt":"2025-04-17T08:43:54","slug":"starter-pack-pack-de-demarrage-3-en-1-pour-switch-2","status":"publish","type":"product","link":"https:\/\/onlan-gaming.com\/en\/product\/starter-pack-pack-de-demarrage-3-en-1-pour-switch-2\/","title":{"rendered":"Starter Pack : Pack de d\u00e9marrage 3 en 1 pour Switch 2"},"content":{"rendered":"<p><strong>Carry Bag :<\/strong><\/p>\n<ul>\n<li>Sacoche pour Switch 2<\/li>\n<li>Coque antichoc<\/li>\n<li>10 rangements de jeu<\/li>\n<li>Volet prot\u00e8ge \u00e9cran<\/li>\n<li>2 sangles \u00e9lastiques<\/li>\n<\/ul>\n<p><strong>Prot\u00e8ge \u00e9cran :<\/strong><\/p>\n<ul>\n<li>Anti-rayures<\/li>\n<li>Haute transparence<\/li>\n<li>Anti-empreinte<\/li>\n<li>Duret\u00e9 9H<\/li>\n<li>Antichoc<\/li>\n<li>Chiffon microfibre et applicateur inclus<\/li>\n<\/ul>\n<p><strong>Appuie-pouces :<\/strong><\/p>\n<ul>\n<li>Contr\u00f4le am\u00e9lior\u00e9<\/li>\n<li>Protection des sticks<\/li>\n<\/ul>\n","protected":false},"excerpt":{"rendered":"<p>Le <strong>Starter Pack<\/strong>\u00a0est un pack de d\u00e9marrage complet pour la\u00a0<strong>Switch 2<\/strong>. Il inclut le\u00a0<strong>Carry Bag<\/strong>, un sac de transport durable et anti-choc, le\u00a0<strong>Screen Protector<\/strong>, un \u00e9cran de protection en verre tremp\u00e9, et des\u00a0<strong>appuies pouces<\/strong> pour am\u00e9liorer votre confort de jeu. Ce pack est con\u00e7u pour offrir une protection optimale et une exp\u00e9rience de jeu am\u00e9lior\u00e9e de votre console.<\/p>\n","protected":false},"featured_media":17410,"template":"","meta":{"_acf_changed":false,"footnotes":""},"product_brand":[],"product_cat":[531,551],"product_tag":[],"class_list":{"0":"post-17344","1":"product","2":"type-product","3":"status-publish","4":"has-post-thumbnail","6":"product_cat-nintendo","7":"product_cat-switch-2","9":"first","10":"instock","11":"shipping-taxable","12":"purchasable","13":"product-type-simple"},"acf":[],"yoast_head":"<!-- This site is optimized with the Yoast SEO plugin v25.7 - https:\/\/yoast.com\/wordpress\/plugins\/seo\/ -->\n<title>Starter Pack : Pack de d\u00e9marrage 3 en 1 pour Switch 2 - OnLan Gaming<\/title>\n<meta name=\"robots\" content=\"index, follow, max-snippet:-1, max-image-preview:large, max-video-preview:-1\" \/>\n<link rel=\"canonical\" href=\"https:\/\/onlan-gaming.com\/product\/starter-pack-pack-de-demarrage-3-en-1-pour-switch-2\/\" \/>\n<meta property=\"og:locale\" content=\"en_US\" \/>\n<meta property=\"og:type\" content=\"article\" \/>\n<meta property=\"og:title\" content=\"Starter Pack : Pack de d\u00e9marrage 3 en 1 pour Switch 2 - OnLan Gaming\" \/>\n<meta property=\"og:description\" content=\"Le Starter Pack\u00a0est un pack de d\u00e9marrage complet pour la\u00a0Switch 2. Il inclut le\u00a0Carry Bag, un sac de transport durable et anti-choc, le\u00a0Screen Protector, un \u00e9cran de protection en verre tremp\u00e9, et des\u00a0appuies pouces pour am\u00e9liorer votre confort de jeu. Ce pack est con\u00e7u pour offrir une protection optimale et une exp\u00e9rience de jeu am\u00e9lior\u00e9e de votre console.\" \/>\n<meta property=\"og:url\" content=\"https:\/\/onlan-gaming.com\/product\/starter-pack-pack-de-demarrage-3-en-1-pour-switch-2\/\" \/>\n<meta property=\"og:site_name\" content=\"OnLan Gaming\" \/>\n<meta property=\"article:modified_time\" content=\"2025-04-17T08:43:54+00:00\" \/>\n<meta property=\"og:image\" content=\"https:\/\/onlan-gaming.com\/wp-content\/uploads\/3015220019449_1.png\" \/>\n\t<meta property=\"og:image:width\" content=\"2001\" \/>\n\t<meta property=\"og:image:height\" content=\"2001\" \/>\n\t<meta property=\"og:image:type\" content=\"image\/png\" \/>\n<meta name=\"twitter:card\" content=\"summary_large_image\" \/>\n<script type=\"application\/ld+json\" class=\"yoast-schema-graph\">{\"@context\":\"https:\/\/schema.org\",\"@graph\":[{\"@type\":\"WebPage\",\"@id\":\"https:\/\/onlan-gaming.com\/product\/starter-pack-pack-de-demarrage-3-en-1-pour-switch-2\/\",\"url\":\"https:\/\/onlan-gaming.com\/product\/starter-pack-pack-de-demarrage-3-en-1-pour-switch-2\/\",\"name\":\"Starter Pack : Pack de d\u00e9marrage 3 en 1 pour Switch 2 - OnLan Gaming\",\"isPartOf\":{\"@id\":\"https:\/\/onlan-gaming.com\/#website\"},\"primaryImageOfPage\":{\"@id\":\"https:\/\/onlan-gaming.com\/product\/starter-pack-pack-de-demarrage-3-en-1-pour-switch-2\/#primaryimage\"},\"image\":{\"@id\":\"https:\/\/onlan-gaming.com\/product\/starter-pack-pack-de-demarrage-3-en-1-pour-switch-2\/#primaryimage\"},\"thumbnailUrl\":\"https:\/\/onlan-gaming.com\/wp-content\/uploads\/3015220019449_1.png\",\"datePublished\":\"2025-04-17T08:43:52+00:00\",\"dateModified\":\"2025-04-17T08:43:54+00:00\",\"breadcrumb\":{\"@id\":\"https:\/\/onlan-gaming.com\/product\/starter-pack-pack-de-demarrage-3-en-1-pour-switch-2\/#breadcrumb\"},\"inLanguage\":\"en-US\",\"potentialAction\":[{\"@type\":\"ReadAction\",\"target\":[\"https:\/\/onlan-gaming.com\/product\/starter-pack-pack-de-demarrage-3-en-1-pour-switch-2\/\"]}]},{\"@type\":\"ImageObject\",\"inLanguage\":\"en-US\",\"@id\":\"https:\/\/onlan-gaming.com\/product\/starter-pack-pack-de-demarrage-3-en-1-pour-switch-2\/#primaryimage\",\"url\":\"https:\/\/onlan-gaming.com\/wp-content\/uploads\/3015220019449_1.png\",\"contentUrl\":\"https:\/\/onlan-gaming.com\/wp-content\/uploads\/3015220019449_1.png\",\"width\":2001,\"height\":2001},{\"@type\":\"BreadcrumbList\",\"@id\":\"https:\/\/onlan-gaming.com\/product\/starter-pack-pack-de-demarrage-3-en-1-pour-switch-2\/#breadcrumb\",\"itemListElement\":[{\"@type\":\"ListItem\",\"position\":1,\"name\":\"Shop\",\"item\":\"https:\/\/onlan-gaming.com\/en\/shop-2\/\"},{\"@type\":\"ListItem\",\"position\":2,\"name\":\"Starter Pack : Pack de d\u00e9marrage 3 en 1 pour Switch 2\"}]},{\"@type\":\"WebSite\",\"@id\":\"https:\/\/onlan-gaming.com\/#website\",\"url\":\"https:\/\/onlan-gaming.com\/\",\"name\":\"OnLan Gaming\",\"description\":\"\",\"potentialAction\":[{\"@type\":\"SearchAction\",\"target\":{\"@type\":\"EntryPoint\",\"urlTemplate\":\"https:\/\/onlan-gaming.com\/?s={search_term_string}\"},\"query-input\":{\"@type\":\"PropertyValueSpecification\",\"valueRequired\":true,\"valueName\":\"search_term_string\"}}],\"inLanguage\":\"en-US\"}]}<\/script>\n<!-- \/ Yoast SEO plugin. -->","yoast_head_json":{"title":"Starter Pack : Pack de d\u00e9marrage 3 en 1 pour Switch 2 - OnLan Gaming","robots":{"index":"index","follow":"follow","max-snippet":"max-snippet:-1","max-image-preview":"max-image-preview:large","max-video-preview":"max-video-preview:-1"},"canonical":"https:\/\/onlan-gaming.com\/product\/starter-pack-pack-de-demarrage-3-en-1-pour-switch-2\/","og_locale":"en_US","og_type":"article","og_title":"Starter Pack : Pack de d\u00e9marrage 3 en 1 pour Switch 2 - OnLan Gaming","og_description":"Le Starter Pack\u00a0est un pack de d\u00e9marrage complet pour la\u00a0Switch 2. Il inclut le\u00a0Carry Bag, un sac de transport durable et anti-choc, le\u00a0Screen Protector, un \u00e9cran de protection en verre tremp\u00e9, et des\u00a0appuies pouces pour am\u00e9liorer votre confort de jeu. Ce pack est con\u00e7u pour offrir une protection optimale et une exp\u00e9rience de jeu am\u00e9lior\u00e9e de votre console.","og_url":"https:\/\/onlan-gaming.com\/product\/starter-pack-pack-de-demarrage-3-en-1-pour-switch-2\/","og_site_name":"OnLan Gaming","article_modified_time":"2025-04-17T08:43:54+00:00","og_image":[{"width":2001,"height":2001,"url":"https:\/\/onlan-gaming.com\/wp-content\/uploads\/3015220019449_1.png","type":"image\/png"}],"twitter_card":"summary_large_image","schema":{"@context":"https:\/\/schema.org","@graph":[{"@type":"WebPage","@id":"https:\/\/onlan-gaming.com\/product\/starter-pack-pack-de-demarrage-3-en-1-pour-switch-2\/","url":"https:\/\/onlan-gaming.com\/product\/starter-pack-pack-de-demarrage-3-en-1-pour-switch-2\/","name":"Starter Pack : Pack de d\u00e9marrage 3 en 1 pour Switch 2 - OnLan Gaming","isPartOf":{"@id":"https:\/\/onlan-gaming.com\/#website"},"primaryImageOfPage":{"@id":"https:\/\/onlan-gaming.com\/product\/starter-pack-pack-de-demarrage-3-en-1-pour-switch-2\/#primaryimage"},"image":{"@id":"https:\/\/onlan-gaming.com\/product\/starter-pack-pack-de-demarrage-3-en-1-pour-switch-2\/#primaryimage"},"thumbnailUrl":"https:\/\/onlan-gaming.com\/wp-content\/uploads\/3015220019449_1.png","datePublished":"2025-04-17T08:43:52+00:00","dateModified":"2025-04-17T08:43:54+00:00","breadcrumb":{"@id":"https:\/\/onlan-gaming.com\/product\/starter-pack-pack-de-demarrage-3-en-1-pour-switch-2\/#breadcrumb"},"inLanguage":"en-US","potentialAction":[{"@type":"ReadAction","target":["https:\/\/onlan-gaming.com\/product\/starter-pack-pack-de-demarrage-3-en-1-pour-switch-2\/"]}]},{"@type":"ImageObject","inLanguage":"en-US","@id":"https:\/\/onlan-gaming.com\/product\/starter-pack-pack-de-demarrage-3-en-1-pour-switch-2\/#primaryimage","url":"https:\/\/onlan-gaming.com\/wp-content\/uploads\/3015220019449_1.png","contentUrl":"https:\/\/onlan-gaming.com\/wp-content\/uploads\/3015220019449_1.png","width":2001,"height":2001},{"@type":"BreadcrumbList","@id":"https:\/\/onlan-gaming.com\/product\/starter-pack-pack-de-demarrage-3-en-1-pour-switch-2\/#breadcrumb","itemListElement":[{"@type":"ListItem","position":1,"name":"Shop","item":"https:\/\/onlan-gaming.com\/en\/shop-2\/"},{"@type":"ListItem","position":2,"name":"Starter Pack : Pack de d\u00e9marrage 3 en 1 pour Switch 2"}]},{"@type":"WebSite","@id":"https:\/\/onlan-gaming.com\/#website","url":"https:\/\/onlan-gaming.com\/","name":"OnLan Gaming","description":"","potentialAction":[{"@type":"SearchAction","target":{"@type":"EntryPoint","urlTemplate":"https:\/\/onlan-gaming.com\/?s={search_term_string}"},"query-input":{"@type":"PropertyValueSpecification","valueRequired":true,"valueName":"search_term_string"}}],"inLanguage":"en-US"}]}},"_links":{"self":[{"href":"https:\/\/onlan-gaming.com\/en\/wp-json\/wp\/v2\/product\/17344","targetHints":{"allow":["GET"]}}],"collection":[{"href":"https:\/\/onlan-gaming.com\/en\/wp-json\/wp\/v2\/product"}],"about":[{"href":"https:\/\/onlan-gaming.com\/en\/wp-json\/wp\/v2\/types\/product"}],"version-history":[{"count":4,"href":"https:\/\/onlan-gaming.com\/en\/wp-json\/wp\/v2\/product\/17344\/revisions"}],"predecessor-version":[{"id":17475,"href":"https:\/\/onlan-gaming.com\/en\/wp-json\/wp\/v2\/product\/17344\/revisions\/17475"}],"wp:featuredmedia":[{"embeddable":true,"href":"https:\/\/onlan-gaming.com\/en\/wp-json\/wp\/v2\/media\/17410"}],"wp:attachment":[{"href":"https:\/\/onlan-gaming.com\/en\/wp-json\/wp\/v2\/media?parent=17344"}],"wp:term":[{"taxonomy":"product_brand","embeddable":true,"href":"https:\/\/onlan-gaming.com\/en\/wp-json\/wp\/v2\/product_brand?post=17344"},{"taxonomy":"product_cat","embeddable":true,"href":"https:\/\/onlan-gaming.com\/en\/wp-json\/wp\/v2\/product_cat?post=17344"},{"taxonomy":"product_tag","embeddable":true,"href":"https:\/\/onlan-gaming.com\/en\/wp-json\/wp\/v2\/product_tag?post=17344"}],"curies":[{"name":"wp","href":"https:\/\/api.w.org\/{rel}","templated":true}]}}