{"id":17244,"date":"2024-10-28T11:45:49","date_gmt":"2024-10-28T10:45:49","guid":{"rendered":"https:\/\/onlan-gaming.com\/?post_type=product&#038;p=17244"},"modified":"2024-10-28T11:45:51","modified_gmt":"2024-10-28T10:45:51","slug":"ca-240-clavier-meca-etendu-noir-rgb","status":"publish","type":"product","link":"https:\/\/onlan-gaming.com\/en\/product\/ca-240-clavier-meca-etendu-noir-rgb\/","title":{"rendered":"CA-240 Clavier M\u00e9ca \u00c9tendu Noir RGB"},"content":{"rendered":"<ul>\n<li>Clavier M\u00e9canique<\/li>\n<li>105 touches<\/li>\n<li>Full Antighosting<\/li>\n<li>Switchs rouges haute performance<\/li>\n<li>Fonction blocage de la touche Windows<\/li>\n<li>R\u00e9tro\u00e9clairage Full RGB<\/li>\n<li>X modes lumineux<\/li>\n<\/ul>\n","protected":false},"excerpt":{"rendered":"<p>le clavier m\u00e9canique CA-240 cumule l\u2019essentiel des fonctionnalit\u00e9s indispensables d\u2019un clavier gamer pro : des switchs enti\u00e8rement m\u00e9caniques rouges hautes performances, un anti ghosting complet, blocage de la touche Windows\u2026<\/p>\n","protected":false},"featured_media":17304,"template":"","meta":{"_acf_changed":false,"footnotes":""},"product_brand":[],"product_cat":[521],"product_tag":[],"class_list":{"0":"post-17244","1":"product","2":"type-product","3":"status-publish","4":"has-post-thumbnail","6":"product_cat-clavier","8":"first","9":"instock","10":"shipping-taxable","11":"purchasable","12":"product-type-simple"},"acf":[],"yoast_head":"<!-- This site is optimized with the Yoast SEO plugin v25.7 - https:\/\/yoast.com\/wordpress\/plugins\/seo\/ -->\n<title>CA-240 Clavier M\u00e9ca \u00c9tendu Noir RGB - OnLan Gaming<\/title>\n<meta name=\"robots\" content=\"index, follow, max-snippet:-1, max-image-preview:large, max-video-preview:-1\" \/>\n<link rel=\"canonical\" href=\"https:\/\/onlan-gaming.com\/product\/ca-240-clavier-meca-etendu-noir-rgb\/\" \/>\n<meta property=\"og:locale\" content=\"en_US\" \/>\n<meta property=\"og:type\" content=\"article\" \/>\n<meta property=\"og:title\" content=\"CA-240 Clavier M\u00e9ca \u00c9tendu Noir RGB - OnLan Gaming\" \/>\n<meta property=\"og:description\" content=\"le clavier m\u00e9canique CA-240 cumule l\u2019essentiel des fonctionnalit\u00e9s indispensables d\u2019un clavier gamer pro : des switchs enti\u00e8rement m\u00e9caniques rouges hautes performances, un anti ghosting complet, blocage de la touche Windows\u2026\" \/>\n<meta property=\"og:url\" content=\"https:\/\/onlan-gaming.com\/product\/ca-240-clavier-meca-etendu-noir-rgb\/\" \/>\n<meta property=\"og:site_name\" content=\"OnLan Gaming\" \/>\n<meta property=\"article:modified_time\" content=\"2024-10-28T10:45:51+00:00\" \/>\n<meta property=\"og:image\" content=\"https:\/\/onlan-gaming.com\/wp-content\/uploads\/3015220001901-1_final-1024x1024.png\" \/>\n\t<meta property=\"og:image:width\" content=\"1024\" \/>\n\t<meta property=\"og:image:height\" content=\"1024\" \/>\n\t<meta property=\"og:image:type\" content=\"image\/png\" \/>\n<meta name=\"twitter:card\" content=\"summary_large_image\" \/>\n<script type=\"application\/ld+json\" class=\"yoast-schema-graph\">{\"@context\":\"https:\/\/schema.org\",\"@graph\":[{\"@type\":\"WebPage\",\"@id\":\"https:\/\/onlan-gaming.com\/product\/ca-240-clavier-meca-etendu-noir-rgb\/\",\"url\":\"https:\/\/onlan-gaming.com\/product\/ca-240-clavier-meca-etendu-noir-rgb\/\",\"name\":\"CA-240 Clavier M\u00e9ca \u00c9tendu Noir RGB - OnLan Gaming\",\"isPartOf\":{\"@id\":\"https:\/\/onlan-gaming.com\/#website\"},\"primaryImageOfPage\":{\"@id\":\"https:\/\/onlan-gaming.com\/product\/ca-240-clavier-meca-etendu-noir-rgb\/#primaryimage\"},\"image\":{\"@id\":\"https:\/\/onlan-gaming.com\/product\/ca-240-clavier-meca-etendu-noir-rgb\/#primaryimage\"},\"thumbnailUrl\":\"https:\/\/onlan-gaming.com\/wp-content\/uploads\/3015220001901-1_final.png\",\"datePublished\":\"2024-10-28T10:45:49+00:00\",\"dateModified\":\"2024-10-28T10:45:51+00:00\",\"breadcrumb\":{\"@id\":\"https:\/\/onlan-gaming.com\/product\/ca-240-clavier-meca-etendu-noir-rgb\/#breadcrumb\"},\"inLanguage\":\"en-US\",\"potentialAction\":[{\"@type\":\"ReadAction\",\"target\":[\"https:\/\/onlan-gaming.com\/product\/ca-240-clavier-meca-etendu-noir-rgb\/\"]}]},{\"@type\":\"ImageObject\",\"inLanguage\":\"en-US\",\"@id\":\"https:\/\/onlan-gaming.com\/product\/ca-240-clavier-meca-etendu-noir-rgb\/#primaryimage\",\"url\":\"https:\/\/onlan-gaming.com\/wp-content\/uploads\/3015220001901-1_final.png\",\"contentUrl\":\"https:\/\/onlan-gaming.com\/wp-content\/uploads\/3015220001901-1_final.png\",\"width\":5811,\"height\":5806},{\"@type\":\"BreadcrumbList\",\"@id\":\"https:\/\/onlan-gaming.com\/product\/ca-240-clavier-meca-etendu-noir-rgb\/#breadcrumb\",\"itemListElement\":[{\"@type\":\"ListItem\",\"position\":1,\"name\":\"Shop\",\"item\":\"https:\/\/onlan-gaming.com\/en\/shop-2\/\"},{\"@type\":\"ListItem\",\"position\":2,\"name\":\"CA-240 Clavier M\u00e9ca \u00c9tendu Noir RGB\"}]},{\"@type\":\"WebSite\",\"@id\":\"https:\/\/onlan-gaming.com\/#website\",\"url\":\"https:\/\/onlan-gaming.com\/\",\"name\":\"OnLan Gaming\",\"description\":\"\",\"potentialAction\":[{\"@type\":\"SearchAction\",\"target\":{\"@type\":\"EntryPoint\",\"urlTemplate\":\"https:\/\/onlan-gaming.com\/?s={search_term_string}\"},\"query-input\":{\"@type\":\"PropertyValueSpecification\",\"valueRequired\":true,\"valueName\":\"search_term_string\"}}],\"inLanguage\":\"en-US\"}]}<\/script>\n<!-- \/ Yoast SEO plugin. -->","yoast_head_json":{"title":"CA-240 Clavier M\u00e9ca \u00c9tendu Noir RGB - OnLan Gaming","robots":{"index":"index","follow":"follow","max-snippet":"max-snippet:-1","max-image-preview":"max-image-preview:large","max-video-preview":"max-video-preview:-1"},"canonical":"https:\/\/onlan-gaming.com\/product\/ca-240-clavier-meca-etendu-noir-rgb\/","og_locale":"en_US","og_type":"article","og_title":"CA-240 Clavier M\u00e9ca \u00c9tendu Noir RGB - OnLan Gaming","og_description":"le clavier m\u00e9canique CA-240 cumule l\u2019essentiel des fonctionnalit\u00e9s indispensables d\u2019un clavier gamer pro : des switchs enti\u00e8rement m\u00e9caniques rouges hautes performances, un anti ghosting complet, blocage de la touche Windows\u2026","og_url":"https:\/\/onlan-gaming.com\/product\/ca-240-clavier-meca-etendu-noir-rgb\/","og_site_name":"OnLan Gaming","article_modified_time":"2024-10-28T10:45:51+00:00","og_image":[{"width":1024,"height":1024,"url":"https:\/\/onlan-gaming.com\/wp-content\/uploads\/3015220001901-1_final-1024x1024.png","type":"image\/png"}],"twitter_card":"summary_large_image","schema":{"@context":"https:\/\/schema.org","@graph":[{"@type":"WebPage","@id":"https:\/\/onlan-gaming.com\/product\/ca-240-clavier-meca-etendu-noir-rgb\/","url":"https:\/\/onlan-gaming.com\/product\/ca-240-clavier-meca-etendu-noir-rgb\/","name":"CA-240 Clavier M\u00e9ca \u00c9tendu Noir RGB - OnLan Gaming","isPartOf":{"@id":"https:\/\/onlan-gaming.com\/#website"},"primaryImageOfPage":{"@id":"https:\/\/onlan-gaming.com\/product\/ca-240-clavier-meca-etendu-noir-rgb\/#primaryimage"},"image":{"@id":"https:\/\/onlan-gaming.com\/product\/ca-240-clavier-meca-etendu-noir-rgb\/#primaryimage"},"thumbnailUrl":"https:\/\/onlan-gaming.com\/wp-content\/uploads\/3015220001901-1_final.png","datePublished":"2024-10-28T10:45:49+00:00","dateModified":"2024-10-28T10:45:51+00:00","breadcrumb":{"@id":"https:\/\/onlan-gaming.com\/product\/ca-240-clavier-meca-etendu-noir-rgb\/#breadcrumb"},"inLanguage":"en-US","potentialAction":[{"@type":"ReadAction","target":["https:\/\/onlan-gaming.com\/product\/ca-240-clavier-meca-etendu-noir-rgb\/"]}]},{"@type":"ImageObject","inLanguage":"en-US","@id":"https:\/\/onlan-gaming.com\/product\/ca-240-clavier-meca-etendu-noir-rgb\/#primaryimage","url":"https:\/\/onlan-gaming.com\/wp-content\/uploads\/3015220001901-1_final.png","contentUrl":"https:\/\/onlan-gaming.com\/wp-content\/uploads\/3015220001901-1_final.png","width":5811,"height":5806},{"@type":"BreadcrumbList","@id":"https:\/\/onlan-gaming.com\/product\/ca-240-clavier-meca-etendu-noir-rgb\/#breadcrumb","itemListElement":[{"@type":"ListItem","position":1,"name":"Shop","item":"https:\/\/onlan-gaming.com\/en\/shop-2\/"},{"@type":"ListItem","position":2,"name":"CA-240 Clavier M\u00e9ca \u00c9tendu Noir RGB"}]},{"@type":"WebSite","@id":"https:\/\/onlan-gaming.com\/#website","url":"https:\/\/onlan-gaming.com\/","name":"OnLan Gaming","description":"","potentialAction":[{"@type":"SearchAction","target":{"@type":"EntryPoint","urlTemplate":"https:\/\/onlan-gaming.com\/?s={search_term_string}"},"query-input":{"@type":"PropertyValueSpecification","valueRequired":true,"valueName":"search_term_string"}}],"inLanguage":"en-US"}]}},"_links":{"self":[{"href":"https:\/\/onlan-gaming.com\/en\/wp-json\/wp\/v2\/product\/17244","targetHints":{"allow":["GET"]}}],"collection":[{"href":"https:\/\/onlan-gaming.com\/en\/wp-json\/wp\/v2\/product"}],"about":[{"href":"https:\/\/onlan-gaming.com\/en\/wp-json\/wp\/v2\/types\/product"}],"version-history":[{"count":3,"href":"https:\/\/onlan-gaming.com\/en\/wp-json\/wp\/v2\/product\/17244\/revisions"}],"predecessor-version":[{"id":17334,"href":"https:\/\/onlan-gaming.com\/en\/wp-json\/wp\/v2\/product\/17244\/revisions\/17334"}],"wp:featuredmedia":[{"embeddable":true,"href":"https:\/\/onlan-gaming.com\/en\/wp-json\/wp\/v2\/media\/17304"}],"wp:attachment":[{"href":"https:\/\/onlan-gaming.com\/en\/wp-json\/wp\/v2\/media?parent=17244"}],"wp:term":[{"taxonomy":"product_brand","embeddable":true,"href":"https:\/\/onlan-gaming.com\/en\/wp-json\/wp\/v2\/product_brand?post=17244"},{"taxonomy":"product_cat","embeddable":true,"href":"https:\/\/onlan-gaming.com\/en\/wp-json\/wp\/v2\/product_cat?post=17244"},{"taxonomy":"product_tag","embeddable":true,"href":"https:\/\/onlan-gaming.com\/en\/wp-json\/wp\/v2\/product_tag?post=17244"}],"curies":[{"name":"wp","href":"https:\/\/api.w.org\/{rel}","templated":true}]}}