{"id":16769,"date":"2023-09-21T15:33:29","date_gmt":"2023-09-21T13:33:29","guid":{"rendered":"https:\/\/onlan-gaming.com\/?post_type=product&#038;p=16769"},"modified":"2025-09-19T01:36:20","modified_gmt":"2025-09-18T23:36:20","slug":"sv-28-support-ventile-laptop-13-15","status":"publish","type":"product","link":"https:\/\/onlan-gaming.com\/en\/product\/sv-28-support-ventile-laptop-13-15\/","title":{"rendered":"SV-28 Support Ventil\u00e9 Laptop 13&#8217;\/15&#8242;"},"content":{"rendered":"","protected":false},"excerpt":{"rendered":"<p>Pour b\u00e9n\u00e9ficier des meilleures performance de votre ordinateur portable, il vous faut vous assurer que les composants soient correctement ventil\u00e9s. C&#8217;est la raison d&#8217;\u00eatre du SV-28 parfaitement adapt\u00e9 au PC avec des \u00e9crans de 13 \u00e0 15 pouces. Aliment\u00e9 par USB sa prise gigogne permet de lib\u00e9rer un USB pour connecter d&#8217;autres appareils.<\/p>\n","protected":false},"featured_media":16887,"template":"","meta":{"_acf_changed":false,"footnotes":""},"product_brand":[],"product_cat":[528],"product_tag":[507],"class_list":{"0":"post-16769","1":"product","2":"type-product","3":"status-publish","4":"has-post-thumbnail","6":"product_cat-support","7":"product_tag-onlan","9":"first","10":"instock","11":"shipping-taxable","12":"purchasable","13":"product-type-simple"},"acf":[],"yoast_head":"<!-- This site is optimized with the Yoast SEO plugin v25.7 - https:\/\/yoast.com\/wordpress\/plugins\/seo\/ -->\n<title>SV-28 Support Ventil\u00e9 Laptop 13&#039;\/15&#039; - OnLan Gaming<\/title>\n<meta name=\"robots\" content=\"index, follow, max-snippet:-1, max-image-preview:large, max-video-preview:-1\" \/>\n<link rel=\"canonical\" href=\"https:\/\/onlan-gaming.com\/product\/sv-28-support-ventile-laptop-13-15\/\" \/>\n<meta property=\"og:locale\" content=\"en_US\" \/>\n<meta property=\"og:type\" content=\"article\" \/>\n<meta property=\"og:title\" content=\"SV-28 Support Ventil\u00e9 Laptop 13&#039;\/15&#039; - OnLan Gaming\" \/>\n<meta property=\"og:description\" content=\"Pour b\u00e9n\u00e9ficier des meilleures performance de votre ordinateur portable, il vous faut vous assurer que les composants soient correctement ventil\u00e9s. C&#039;est la raison d&#039;\u00eatre du SV-28 parfaitement adapt\u00e9 au PC avec des \u00e9crans de 13 \u00e0 15 pouces. Aliment\u00e9 par USB sa prise gigogne permet de lib\u00e9rer un USB pour connecter d&#039;autres appareils.\" \/>\n<meta property=\"og:url\" content=\"https:\/\/onlan-gaming.com\/product\/sv-28-support-ventile-laptop-13-15\/\" \/>\n<meta property=\"og:site_name\" content=\"OnLan Gaming\" \/>\n<meta property=\"article:modified_time\" content=\"2025-09-18T23:36:20+00:00\" \/>\n<meta property=\"og:image\" content=\"https:\/\/onlan-gaming.com\/wp-content\/uploads\/3015220970498_SV-28-1024x1024.png\" \/>\n\t<meta property=\"og:image:width\" content=\"1024\" \/>\n\t<meta property=\"og:image:height\" content=\"1024\" \/>\n\t<meta property=\"og:image:type\" content=\"image\/png\" \/>\n<meta name=\"twitter:card\" content=\"summary_large_image\" \/>\n<script type=\"application\/ld+json\" class=\"yoast-schema-graph\">{\"@context\":\"https:\/\/schema.org\",\"@graph\":[{\"@type\":\"WebPage\",\"@id\":\"https:\/\/onlan-gaming.com\/product\/sv-28-support-ventile-laptop-13-15\/\",\"url\":\"https:\/\/onlan-gaming.com\/product\/sv-28-support-ventile-laptop-13-15\/\",\"name\":\"SV-28 Support Ventil\u00e9 Laptop 13'\/15' - OnLan Gaming\",\"isPartOf\":{\"@id\":\"https:\/\/onlan-gaming.com\/#website\"},\"primaryImageOfPage\":{\"@id\":\"https:\/\/onlan-gaming.com\/product\/sv-28-support-ventile-laptop-13-15\/#primaryimage\"},\"image\":{\"@id\":\"https:\/\/onlan-gaming.com\/product\/sv-28-support-ventile-laptop-13-15\/#primaryimage\"},\"thumbnailUrl\":\"https:\/\/onlan-gaming.com\/wp-content\/uploads\/3015220970498_SV-28.png\",\"datePublished\":\"2023-09-21T13:33:29+00:00\",\"dateModified\":\"2025-09-18T23:36:20+00:00\",\"breadcrumb\":{\"@id\":\"https:\/\/onlan-gaming.com\/product\/sv-28-support-ventile-laptop-13-15\/#breadcrumb\"},\"inLanguage\":\"en-US\",\"potentialAction\":[{\"@type\":\"ReadAction\",\"target\":[\"https:\/\/onlan-gaming.com\/product\/sv-28-support-ventile-laptop-13-15\/\"]}]},{\"@type\":\"ImageObject\",\"inLanguage\":\"en-US\",\"@id\":\"https:\/\/onlan-gaming.com\/product\/sv-28-support-ventile-laptop-13-15\/#primaryimage\",\"url\":\"https:\/\/onlan-gaming.com\/wp-content\/uploads\/3015220970498_SV-28.png\",\"contentUrl\":\"https:\/\/onlan-gaming.com\/wp-content\/uploads\/3015220970498_SV-28.png\",\"width\":5575,\"height\":5575},{\"@type\":\"BreadcrumbList\",\"@id\":\"https:\/\/onlan-gaming.com\/product\/sv-28-support-ventile-laptop-13-15\/#breadcrumb\",\"itemListElement\":[{\"@type\":\"ListItem\",\"position\":1,\"name\":\"Shop\",\"item\":\"https:\/\/onlan-gaming.com\/en\/shop-2\/\"},{\"@type\":\"ListItem\",\"position\":2,\"name\":\"SV-28 Support Ventil\u00e9 Laptop 13&#8217;\/15&#8242;\"}]},{\"@type\":\"WebSite\",\"@id\":\"https:\/\/onlan-gaming.com\/#website\",\"url\":\"https:\/\/onlan-gaming.com\/\",\"name\":\"OnLan Gaming\",\"description\":\"\",\"potentialAction\":[{\"@type\":\"SearchAction\",\"target\":{\"@type\":\"EntryPoint\",\"urlTemplate\":\"https:\/\/onlan-gaming.com\/?s={search_term_string}\"},\"query-input\":{\"@type\":\"PropertyValueSpecification\",\"valueRequired\":true,\"valueName\":\"search_term_string\"}}],\"inLanguage\":\"en-US\"}]}<\/script>\n<!-- \/ Yoast SEO plugin. -->","yoast_head_json":{"title":"SV-28 Support Ventil\u00e9 Laptop 13'\/15' - OnLan Gaming","robots":{"index":"index","follow":"follow","max-snippet":"max-snippet:-1","max-image-preview":"max-image-preview:large","max-video-preview":"max-video-preview:-1"},"canonical":"https:\/\/onlan-gaming.com\/product\/sv-28-support-ventile-laptop-13-15\/","og_locale":"en_US","og_type":"article","og_title":"SV-28 Support Ventil\u00e9 Laptop 13'\/15' - OnLan Gaming","og_description":"Pour b\u00e9n\u00e9ficier des meilleures performance de votre ordinateur portable, il vous faut vous assurer que les composants soient correctement ventil\u00e9s. C'est la raison d'\u00eatre du SV-28 parfaitement adapt\u00e9 au PC avec des \u00e9crans de 13 \u00e0 15 pouces. Aliment\u00e9 par USB sa prise gigogne permet de lib\u00e9rer un USB pour connecter d'autres appareils.","og_url":"https:\/\/onlan-gaming.com\/product\/sv-28-support-ventile-laptop-13-15\/","og_site_name":"OnLan Gaming","article_modified_time":"2025-09-18T23:36:20+00:00","og_image":[{"width":1024,"height":1024,"url":"https:\/\/onlan-gaming.com\/wp-content\/uploads\/3015220970498_SV-28-1024x1024.png","type":"image\/png"}],"twitter_card":"summary_large_image","schema":{"@context":"https:\/\/schema.org","@graph":[{"@type":"WebPage","@id":"https:\/\/onlan-gaming.com\/product\/sv-28-support-ventile-laptop-13-15\/","url":"https:\/\/onlan-gaming.com\/product\/sv-28-support-ventile-laptop-13-15\/","name":"SV-28 Support Ventil\u00e9 Laptop 13'\/15' - OnLan Gaming","isPartOf":{"@id":"https:\/\/onlan-gaming.com\/#website"},"primaryImageOfPage":{"@id":"https:\/\/onlan-gaming.com\/product\/sv-28-support-ventile-laptop-13-15\/#primaryimage"},"image":{"@id":"https:\/\/onlan-gaming.com\/product\/sv-28-support-ventile-laptop-13-15\/#primaryimage"},"thumbnailUrl":"https:\/\/onlan-gaming.com\/wp-content\/uploads\/3015220970498_SV-28.png","datePublished":"2023-09-21T13:33:29+00:00","dateModified":"2025-09-18T23:36:20+00:00","breadcrumb":{"@id":"https:\/\/onlan-gaming.com\/product\/sv-28-support-ventile-laptop-13-15\/#breadcrumb"},"inLanguage":"en-US","potentialAction":[{"@type":"ReadAction","target":["https:\/\/onlan-gaming.com\/product\/sv-28-support-ventile-laptop-13-15\/"]}]},{"@type":"ImageObject","inLanguage":"en-US","@id":"https:\/\/onlan-gaming.com\/product\/sv-28-support-ventile-laptop-13-15\/#primaryimage","url":"https:\/\/onlan-gaming.com\/wp-content\/uploads\/3015220970498_SV-28.png","contentUrl":"https:\/\/onlan-gaming.com\/wp-content\/uploads\/3015220970498_SV-28.png","width":5575,"height":5575},{"@type":"BreadcrumbList","@id":"https:\/\/onlan-gaming.com\/product\/sv-28-support-ventile-laptop-13-15\/#breadcrumb","itemListElement":[{"@type":"ListItem","position":1,"name":"Shop","item":"https:\/\/onlan-gaming.com\/en\/shop-2\/"},{"@type":"ListItem","position":2,"name":"SV-28 Support Ventil\u00e9 Laptop 13&#8217;\/15&#8242;"}]},{"@type":"WebSite","@id":"https:\/\/onlan-gaming.com\/#website","url":"https:\/\/onlan-gaming.com\/","name":"OnLan Gaming","description":"","potentialAction":[{"@type":"SearchAction","target":{"@type":"EntryPoint","urlTemplate":"https:\/\/onlan-gaming.com\/?s={search_term_string}"},"query-input":{"@type":"PropertyValueSpecification","valueRequired":true,"valueName":"search_term_string"}}],"inLanguage":"en-US"}]}},"_links":{"self":[{"href":"https:\/\/onlan-gaming.com\/en\/wp-json\/wp\/v2\/product\/16769","targetHints":{"allow":["GET"]}}],"collection":[{"href":"https:\/\/onlan-gaming.com\/en\/wp-json\/wp\/v2\/product"}],"about":[{"href":"https:\/\/onlan-gaming.com\/en\/wp-json\/wp\/v2\/types\/product"}],"version-history":[{"count":2,"href":"https:\/\/onlan-gaming.com\/en\/wp-json\/wp\/v2\/product\/16769\/revisions"}],"predecessor-version":[{"id":17321,"href":"https:\/\/onlan-gaming.com\/en\/wp-json\/wp\/v2\/product\/16769\/revisions\/17321"}],"wp:featuredmedia":[{"embeddable":true,"href":"https:\/\/onlan-gaming.com\/en\/wp-json\/wp\/v2\/media\/16887"}],"wp:attachment":[{"href":"https:\/\/onlan-gaming.com\/en\/wp-json\/wp\/v2\/media?parent=16769"}],"wp:term":[{"taxonomy":"product_brand","embeddable":true,"href":"https:\/\/onlan-gaming.com\/en\/wp-json\/wp\/v2\/product_brand?post=16769"},{"taxonomy":"product_cat","embeddable":true,"href":"https:\/\/onlan-gaming.com\/en\/wp-json\/wp\/v2\/product_cat?post=16769"},{"taxonomy":"product_tag","embeddable":true,"href":"https:\/\/onlan-gaming.com\/en\/wp-json\/wp\/v2\/product_tag?post=16769"}],"curies":[{"name":"wp","href":"https:\/\/api.w.org\/{rel}","templated":true}]}}