{"id":16757,"date":"2023-09-21T15:33:24","date_gmt":"2023-09-21T13:33:24","guid":{"rendered":"https:\/\/onlan-gaming.com\/?post_type=product&#038;p=16757"},"modified":"2025-09-19T01:36:18","modified_gmt":"2025-09-18T23:36:18","slug":"so-320-souris-gaming-fps-blanche-rgb","status":"publish","type":"product","link":"https:\/\/onlan-gaming.com\/en\/product\/so-320-souris-gaming-fps-blanche-rgb\/","title":{"rendered":"SO-320 Souris Gaming FPS Blanche RGB"},"content":{"rendered":"<ul>\n<li>6200 DPI Max<\/li>\n<li>Full RGB<\/li>\n<li>Taux de fr\u00e9quence : 125 &#8211; 1000Hz<\/li>\n<li>Cordon USB 1,7m<\/li>\n<li>Accel\u00e9ration : 30G<\/li>\n<\/ul>\n","protected":false},"excerpt":{"rendered":"<p>La souris SO-320 est une souris Gaming confortable et pr\u00e9cise. Jouez \u00e0 votre mani\u00e8re gr\u00e2ce \u00e0 ses diff\u00e9rentes sensibilit\u00e9s DPI de 800 \u00e0 6200 et affichez votre style avec ses 11 diff\u00e9rents modes RGB param\u00e9trables. R\u00e9activit\u00e9, acc\u00e9l\u00e9ration, pr\u00e9cision, autant de domaine dans lesquelles la SO-320 excelle pour faire de vous un joueur aguerri.<\/p>\n","protected":false},"featured_media":16824,"template":"","meta":{"_acf_changed":false,"footnotes":""},"product_brand":[],"product_cat":[522],"product_tag":[507],"class_list":{"0":"post-16757","1":"product","2":"type-product","3":"status-publish","4":"has-post-thumbnail","6":"product_cat-souris","7":"product_tag-onlan","9":"first","10":"instock","11":"shipping-taxable","12":"purchasable","13":"product-type-simple"},"acf":[],"yoast_head":"<!-- This site is optimized with the Yoast SEO plugin v25.7 - https:\/\/yoast.com\/wordpress\/plugins\/seo\/ -->\n<title>SO-320 Souris Gaming FPS Blanche RGB - OnLan Gaming<\/title>\n<meta name=\"robots\" content=\"index, follow, max-snippet:-1, max-image-preview:large, max-video-preview:-1\" \/>\n<link rel=\"canonical\" href=\"https:\/\/onlan-gaming.com\/product\/so-320-souris-gaming-fps-blanche-rgb\/\" \/>\n<meta property=\"og:locale\" content=\"en_US\" \/>\n<meta property=\"og:type\" content=\"article\" \/>\n<meta property=\"og:title\" content=\"SO-320 Souris Gaming FPS Blanche RGB - OnLan Gaming\" \/>\n<meta property=\"og:description\" content=\"La souris SO-320 est une souris Gaming confortable et pr\u00e9cise. Jouez \u00e0 votre mani\u00e8re gr\u00e2ce \u00e0 ses diff\u00e9rentes sensibilit\u00e9s DPI de 800 \u00e0 6200 et affichez votre style avec ses 11 diff\u00e9rents modes RGB param\u00e9trables. R\u00e9activit\u00e9, acc\u00e9l\u00e9ration, pr\u00e9cision, autant de domaine dans lesquelles la SO-320 excelle pour faire de vous un joueur aguerri.\" \/>\n<meta property=\"og:url\" content=\"https:\/\/onlan-gaming.com\/product\/so-320-souris-gaming-fps-blanche-rgb\/\" \/>\n<meta property=\"og:site_name\" content=\"OnLan Gaming\" \/>\n<meta property=\"article:modified_time\" content=\"2025-09-18T23:36:18+00:00\" \/>\n<meta property=\"og:image\" content=\"https:\/\/onlan-gaming.com\/wp-content\/uploads\/3015220967696_2-copie-1024x1024.png\" \/>\n\t<meta property=\"og:image:width\" content=\"1024\" \/>\n\t<meta property=\"og:image:height\" content=\"1024\" \/>\n\t<meta property=\"og:image:type\" content=\"image\/png\" \/>\n<meta name=\"twitter:card\" content=\"summary_large_image\" \/>\n<script type=\"application\/ld+json\" class=\"yoast-schema-graph\">{\"@context\":\"https:\/\/schema.org\",\"@graph\":[{\"@type\":\"WebPage\",\"@id\":\"https:\/\/onlan-gaming.com\/product\/so-320-souris-gaming-fps-blanche-rgb\/\",\"url\":\"https:\/\/onlan-gaming.com\/product\/so-320-souris-gaming-fps-blanche-rgb\/\",\"name\":\"SO-320 Souris Gaming FPS Blanche RGB - OnLan Gaming\",\"isPartOf\":{\"@id\":\"https:\/\/onlan-gaming.com\/#website\"},\"primaryImageOfPage\":{\"@id\":\"https:\/\/onlan-gaming.com\/product\/so-320-souris-gaming-fps-blanche-rgb\/#primaryimage\"},\"image\":{\"@id\":\"https:\/\/onlan-gaming.com\/product\/so-320-souris-gaming-fps-blanche-rgb\/#primaryimage\"},\"thumbnailUrl\":\"https:\/\/onlan-gaming.com\/wp-content\/uploads\/3015220967696_2-copie.png\",\"datePublished\":\"2023-09-21T13:33:24+00:00\",\"dateModified\":\"2025-09-18T23:36:18+00:00\",\"breadcrumb\":{\"@id\":\"https:\/\/onlan-gaming.com\/product\/so-320-souris-gaming-fps-blanche-rgb\/#breadcrumb\"},\"inLanguage\":\"en-US\",\"potentialAction\":[{\"@type\":\"ReadAction\",\"target\":[\"https:\/\/onlan-gaming.com\/product\/so-320-souris-gaming-fps-blanche-rgb\/\"]}]},{\"@type\":\"ImageObject\",\"inLanguage\":\"en-US\",\"@id\":\"https:\/\/onlan-gaming.com\/product\/so-320-souris-gaming-fps-blanche-rgb\/#primaryimage\",\"url\":\"https:\/\/onlan-gaming.com\/wp-content\/uploads\/3015220967696_2-copie.png\",\"contentUrl\":\"https:\/\/onlan-gaming.com\/wp-content\/uploads\/3015220967696_2-copie.png\",\"width\":3029,\"height\":3029},{\"@type\":\"BreadcrumbList\",\"@id\":\"https:\/\/onlan-gaming.com\/product\/so-320-souris-gaming-fps-blanche-rgb\/#breadcrumb\",\"itemListElement\":[{\"@type\":\"ListItem\",\"position\":1,\"name\":\"Shop\",\"item\":\"https:\/\/onlan-gaming.com\/en\/shop-2\/\"},{\"@type\":\"ListItem\",\"position\":2,\"name\":\"SO-320 Souris Gaming FPS Blanche RGB\"}]},{\"@type\":\"WebSite\",\"@id\":\"https:\/\/onlan-gaming.com\/#website\",\"url\":\"https:\/\/onlan-gaming.com\/\",\"name\":\"OnLan Gaming\",\"description\":\"\",\"potentialAction\":[{\"@type\":\"SearchAction\",\"target\":{\"@type\":\"EntryPoint\",\"urlTemplate\":\"https:\/\/onlan-gaming.com\/?s={search_term_string}\"},\"query-input\":{\"@type\":\"PropertyValueSpecification\",\"valueRequired\":true,\"valueName\":\"search_term_string\"}}],\"inLanguage\":\"en-US\"}]}<\/script>\n<!-- \/ Yoast SEO plugin. -->","yoast_head_json":{"title":"SO-320 Souris Gaming FPS Blanche RGB - OnLan Gaming","robots":{"index":"index","follow":"follow","max-snippet":"max-snippet:-1","max-image-preview":"max-image-preview:large","max-video-preview":"max-video-preview:-1"},"canonical":"https:\/\/onlan-gaming.com\/product\/so-320-souris-gaming-fps-blanche-rgb\/","og_locale":"en_US","og_type":"article","og_title":"SO-320 Souris Gaming FPS Blanche RGB - OnLan Gaming","og_description":"La souris SO-320 est une souris Gaming confortable et pr\u00e9cise. Jouez \u00e0 votre mani\u00e8re gr\u00e2ce \u00e0 ses diff\u00e9rentes sensibilit\u00e9s DPI de 800 \u00e0 6200 et affichez votre style avec ses 11 diff\u00e9rents modes RGB param\u00e9trables. R\u00e9activit\u00e9, acc\u00e9l\u00e9ration, pr\u00e9cision, autant de domaine dans lesquelles la SO-320 excelle pour faire de vous un joueur aguerri.","og_url":"https:\/\/onlan-gaming.com\/product\/so-320-souris-gaming-fps-blanche-rgb\/","og_site_name":"OnLan Gaming","article_modified_time":"2025-09-18T23:36:18+00:00","og_image":[{"width":1024,"height":1024,"url":"https:\/\/onlan-gaming.com\/wp-content\/uploads\/3015220967696_2-copie-1024x1024.png","type":"image\/png"}],"twitter_card":"summary_large_image","schema":{"@context":"https:\/\/schema.org","@graph":[{"@type":"WebPage","@id":"https:\/\/onlan-gaming.com\/product\/so-320-souris-gaming-fps-blanche-rgb\/","url":"https:\/\/onlan-gaming.com\/product\/so-320-souris-gaming-fps-blanche-rgb\/","name":"SO-320 Souris Gaming FPS Blanche RGB - OnLan Gaming","isPartOf":{"@id":"https:\/\/onlan-gaming.com\/#website"},"primaryImageOfPage":{"@id":"https:\/\/onlan-gaming.com\/product\/so-320-souris-gaming-fps-blanche-rgb\/#primaryimage"},"image":{"@id":"https:\/\/onlan-gaming.com\/product\/so-320-souris-gaming-fps-blanche-rgb\/#primaryimage"},"thumbnailUrl":"https:\/\/onlan-gaming.com\/wp-content\/uploads\/3015220967696_2-copie.png","datePublished":"2023-09-21T13:33:24+00:00","dateModified":"2025-09-18T23:36:18+00:00","breadcrumb":{"@id":"https:\/\/onlan-gaming.com\/product\/so-320-souris-gaming-fps-blanche-rgb\/#breadcrumb"},"inLanguage":"en-US","potentialAction":[{"@type":"ReadAction","target":["https:\/\/onlan-gaming.com\/product\/so-320-souris-gaming-fps-blanche-rgb\/"]}]},{"@type":"ImageObject","inLanguage":"en-US","@id":"https:\/\/onlan-gaming.com\/product\/so-320-souris-gaming-fps-blanche-rgb\/#primaryimage","url":"https:\/\/onlan-gaming.com\/wp-content\/uploads\/3015220967696_2-copie.png","contentUrl":"https:\/\/onlan-gaming.com\/wp-content\/uploads\/3015220967696_2-copie.png","width":3029,"height":3029},{"@type":"BreadcrumbList","@id":"https:\/\/onlan-gaming.com\/product\/so-320-souris-gaming-fps-blanche-rgb\/#breadcrumb","itemListElement":[{"@type":"ListItem","position":1,"name":"Shop","item":"https:\/\/onlan-gaming.com\/en\/shop-2\/"},{"@type":"ListItem","position":2,"name":"SO-320 Souris Gaming FPS Blanche RGB"}]},{"@type":"WebSite","@id":"https:\/\/onlan-gaming.com\/#website","url":"https:\/\/onlan-gaming.com\/","name":"OnLan Gaming","description":"","potentialAction":[{"@type":"SearchAction","target":{"@type":"EntryPoint","urlTemplate":"https:\/\/onlan-gaming.com\/?s={search_term_string}"},"query-input":{"@type":"PropertyValueSpecification","valueRequired":true,"valueName":"search_term_string"}}],"inLanguage":"en-US"}]}},"_links":{"self":[{"href":"https:\/\/onlan-gaming.com\/en\/wp-json\/wp\/v2\/product\/16757","targetHints":{"allow":["GET"]}}],"collection":[{"href":"https:\/\/onlan-gaming.com\/en\/wp-json\/wp\/v2\/product"}],"about":[{"href":"https:\/\/onlan-gaming.com\/en\/wp-json\/wp\/v2\/types\/product"}],"version-history":[{"count":4,"href":"https:\/\/onlan-gaming.com\/en\/wp-json\/wp\/v2\/product\/16757\/revisions"}],"predecessor-version":[{"id":16850,"href":"https:\/\/onlan-gaming.com\/en\/wp-json\/wp\/v2\/product\/16757\/revisions\/16850"}],"wp:featuredmedia":[{"embeddable":true,"href":"https:\/\/onlan-gaming.com\/en\/wp-json\/wp\/v2\/media\/16824"}],"wp:attachment":[{"href":"https:\/\/onlan-gaming.com\/en\/wp-json\/wp\/v2\/media?parent=16757"}],"wp:term":[{"taxonomy":"product_brand","embeddable":true,"href":"https:\/\/onlan-gaming.com\/en\/wp-json\/wp\/v2\/product_brand?post=16757"},{"taxonomy":"product_cat","embeddable":true,"href":"https:\/\/onlan-gaming.com\/en\/wp-json\/wp\/v2\/product_cat?post=16757"},{"taxonomy":"product_tag","embeddable":true,"href":"https:\/\/onlan-gaming.com\/en\/wp-json\/wp\/v2\/product_tag?post=16757"}],"curies":[{"name":"wp","href":"https:\/\/api.w.org\/{rel}","templated":true}]}}