{"id":16751,"date":"2023-09-21T15:33:21","date_gmt":"2023-09-21T13:33:21","guid":{"rendered":"https:\/\/onlan-gaming.com\/?post_type=product&#038;p=16751"},"modified":"2025-09-18T01:36:18","modified_gmt":"2025-09-17T23:36:18","slug":"as-210-nebula-tapis-de-souris-xl-90x30","status":"publish","type":"product","link":"https:\/\/onlan-gaming.com\/en\/product\/as-210-nebula-tapis-de-souris-xl-90x30\/","title":{"rendered":"AS-210 NEBULA Tapis de Souris XL 90&#215;30"},"content":{"rendered":"<ul>\n<li>30cm x 90cm<\/li>\n<li>Surface de haute pr\u00e9cision<\/li>\n<li>Lavable en machine<\/li>\n<\/ul>\n","protected":false},"excerpt":{"rendered":"<p>Le Tapis AS-210 vous garantit les meilleures performances gr\u00e2ce \u00e0 sa mati\u00e8re adapt\u00e9e au glissement et \u00e0 la lecture optiques. Sa surface inf\u00e9rieure assure un bon maintient.<\/p>\n","protected":false},"featured_media":16963,"template":"","meta":{"_acf_changed":false,"footnotes":""},"product_brand":[],"product_cat":[524],"product_tag":[507],"class_list":{"0":"post-16751","1":"product","2":"type-product","3":"status-publish","4":"has-post-thumbnail","6":"product_cat-tapis-de-souris","7":"product_tag-onlan","9":"first","10":"instock","11":"shipping-taxable","12":"purchasable","13":"product-type-simple"},"acf":[],"yoast_head":"<!-- This site is optimized with the Yoast SEO plugin v25.7 - https:\/\/yoast.com\/wordpress\/plugins\/seo\/ -->\n<title>AS-210 NEBULA Tapis de Souris XL 90x30 - OnLan Gaming<\/title>\n<meta name=\"robots\" content=\"index, follow, max-snippet:-1, max-image-preview:large, max-video-preview:-1\" \/>\n<link rel=\"canonical\" href=\"https:\/\/onlan-gaming.com\/product\/as-210-nebula-tapis-de-souris-xl-90x30\/\" \/>\n<meta property=\"og:locale\" content=\"en_US\" \/>\n<meta property=\"og:type\" content=\"article\" \/>\n<meta property=\"og:title\" content=\"AS-210 NEBULA Tapis de Souris XL 90x30 - OnLan Gaming\" \/>\n<meta property=\"og:description\" content=\"Le Tapis AS-210 vous garantit les meilleures performances gr\u00e2ce \u00e0 sa mati\u00e8re adapt\u00e9e au glissement et \u00e0 la lecture optiques. Sa surface inf\u00e9rieure assure un bon maintient.\" \/>\n<meta property=\"og:url\" content=\"https:\/\/onlan-gaming.com\/product\/as-210-nebula-tapis-de-souris-xl-90x30\/\" \/>\n<meta property=\"og:site_name\" content=\"OnLan Gaming\" \/>\n<meta property=\"article:modified_time\" content=\"2025-09-17T23:36:18+00:00\" \/>\n<meta property=\"og:image\" content=\"https:\/\/onlan-gaming.com\/wp-content\/uploads\/3015220957390_AS-210_Nebula.png\" \/>\n\t<meta property=\"og:image:width\" content=\"1949\" \/>\n\t<meta property=\"og:image:height\" content=\"1948\" \/>\n\t<meta property=\"og:image:type\" content=\"image\/png\" \/>\n<meta name=\"twitter:card\" content=\"summary_large_image\" \/>\n<script type=\"application\/ld+json\" class=\"yoast-schema-graph\">{\"@context\":\"https:\/\/schema.org\",\"@graph\":[{\"@type\":\"WebPage\",\"@id\":\"https:\/\/onlan-gaming.com\/product\/as-210-nebula-tapis-de-souris-xl-90x30\/\",\"url\":\"https:\/\/onlan-gaming.com\/product\/as-210-nebula-tapis-de-souris-xl-90x30\/\",\"name\":\"AS-210 NEBULA Tapis de Souris XL 90x30 - OnLan Gaming\",\"isPartOf\":{\"@id\":\"https:\/\/onlan-gaming.com\/#website\"},\"primaryImageOfPage\":{\"@id\":\"https:\/\/onlan-gaming.com\/product\/as-210-nebula-tapis-de-souris-xl-90x30\/#primaryimage\"},\"image\":{\"@id\":\"https:\/\/onlan-gaming.com\/product\/as-210-nebula-tapis-de-souris-xl-90x30\/#primaryimage\"},\"thumbnailUrl\":\"https:\/\/onlan-gaming.com\/wp-content\/uploads\/3015220957390_AS-210_Nebula.png\",\"datePublished\":\"2023-09-21T13:33:21+00:00\",\"dateModified\":\"2025-09-17T23:36:18+00:00\",\"breadcrumb\":{\"@id\":\"https:\/\/onlan-gaming.com\/product\/as-210-nebula-tapis-de-souris-xl-90x30\/#breadcrumb\"},\"inLanguage\":\"en-US\",\"potentialAction\":[{\"@type\":\"ReadAction\",\"target\":[\"https:\/\/onlan-gaming.com\/product\/as-210-nebula-tapis-de-souris-xl-90x30\/\"]}]},{\"@type\":\"ImageObject\",\"inLanguage\":\"en-US\",\"@id\":\"https:\/\/onlan-gaming.com\/product\/as-210-nebula-tapis-de-souris-xl-90x30\/#primaryimage\",\"url\":\"https:\/\/onlan-gaming.com\/wp-content\/uploads\/3015220957390_AS-210_Nebula.png\",\"contentUrl\":\"https:\/\/onlan-gaming.com\/wp-content\/uploads\/3015220957390_AS-210_Nebula.png\",\"width\":1949,\"height\":1948},{\"@type\":\"BreadcrumbList\",\"@id\":\"https:\/\/onlan-gaming.com\/product\/as-210-nebula-tapis-de-souris-xl-90x30\/#breadcrumb\",\"itemListElement\":[{\"@type\":\"ListItem\",\"position\":1,\"name\":\"Shop\",\"item\":\"https:\/\/onlan-gaming.com\/en\/shop-2\/\"},{\"@type\":\"ListItem\",\"position\":2,\"name\":\"AS-210 NEBULA Tapis de Souris XL 90&#215;30\"}]},{\"@type\":\"WebSite\",\"@id\":\"https:\/\/onlan-gaming.com\/#website\",\"url\":\"https:\/\/onlan-gaming.com\/\",\"name\":\"OnLan Gaming\",\"description\":\"\",\"potentialAction\":[{\"@type\":\"SearchAction\",\"target\":{\"@type\":\"EntryPoint\",\"urlTemplate\":\"https:\/\/onlan-gaming.com\/?s={search_term_string}\"},\"query-input\":{\"@type\":\"PropertyValueSpecification\",\"valueRequired\":true,\"valueName\":\"search_term_string\"}}],\"inLanguage\":\"en-US\"}]}<\/script>\n<!-- \/ Yoast SEO plugin. -->","yoast_head_json":{"title":"AS-210 NEBULA Tapis de Souris XL 90x30 - OnLan Gaming","robots":{"index":"index","follow":"follow","max-snippet":"max-snippet:-1","max-image-preview":"max-image-preview:large","max-video-preview":"max-video-preview:-1"},"canonical":"https:\/\/onlan-gaming.com\/product\/as-210-nebula-tapis-de-souris-xl-90x30\/","og_locale":"en_US","og_type":"article","og_title":"AS-210 NEBULA Tapis de Souris XL 90x30 - OnLan Gaming","og_description":"Le Tapis AS-210 vous garantit les meilleures performances gr\u00e2ce \u00e0 sa mati\u00e8re adapt\u00e9e au glissement et \u00e0 la lecture optiques. Sa surface inf\u00e9rieure assure un bon maintient.","og_url":"https:\/\/onlan-gaming.com\/product\/as-210-nebula-tapis-de-souris-xl-90x30\/","og_site_name":"OnLan Gaming","article_modified_time":"2025-09-17T23:36:18+00:00","og_image":[{"width":1949,"height":1948,"url":"https:\/\/onlan-gaming.com\/wp-content\/uploads\/3015220957390_AS-210_Nebula.png","type":"image\/png"}],"twitter_card":"summary_large_image","schema":{"@context":"https:\/\/schema.org","@graph":[{"@type":"WebPage","@id":"https:\/\/onlan-gaming.com\/product\/as-210-nebula-tapis-de-souris-xl-90x30\/","url":"https:\/\/onlan-gaming.com\/product\/as-210-nebula-tapis-de-souris-xl-90x30\/","name":"AS-210 NEBULA Tapis de Souris XL 90x30 - OnLan Gaming","isPartOf":{"@id":"https:\/\/onlan-gaming.com\/#website"},"primaryImageOfPage":{"@id":"https:\/\/onlan-gaming.com\/product\/as-210-nebula-tapis-de-souris-xl-90x30\/#primaryimage"},"image":{"@id":"https:\/\/onlan-gaming.com\/product\/as-210-nebula-tapis-de-souris-xl-90x30\/#primaryimage"},"thumbnailUrl":"https:\/\/onlan-gaming.com\/wp-content\/uploads\/3015220957390_AS-210_Nebula.png","datePublished":"2023-09-21T13:33:21+00:00","dateModified":"2025-09-17T23:36:18+00:00","breadcrumb":{"@id":"https:\/\/onlan-gaming.com\/product\/as-210-nebula-tapis-de-souris-xl-90x30\/#breadcrumb"},"inLanguage":"en-US","potentialAction":[{"@type":"ReadAction","target":["https:\/\/onlan-gaming.com\/product\/as-210-nebula-tapis-de-souris-xl-90x30\/"]}]},{"@type":"ImageObject","inLanguage":"en-US","@id":"https:\/\/onlan-gaming.com\/product\/as-210-nebula-tapis-de-souris-xl-90x30\/#primaryimage","url":"https:\/\/onlan-gaming.com\/wp-content\/uploads\/3015220957390_AS-210_Nebula.png","contentUrl":"https:\/\/onlan-gaming.com\/wp-content\/uploads\/3015220957390_AS-210_Nebula.png","width":1949,"height":1948},{"@type":"BreadcrumbList","@id":"https:\/\/onlan-gaming.com\/product\/as-210-nebula-tapis-de-souris-xl-90x30\/#breadcrumb","itemListElement":[{"@type":"ListItem","position":1,"name":"Shop","item":"https:\/\/onlan-gaming.com\/en\/shop-2\/"},{"@type":"ListItem","position":2,"name":"AS-210 NEBULA Tapis de Souris XL 90&#215;30"}]},{"@type":"WebSite","@id":"https:\/\/onlan-gaming.com\/#website","url":"https:\/\/onlan-gaming.com\/","name":"OnLan Gaming","description":"","potentialAction":[{"@type":"SearchAction","target":{"@type":"EntryPoint","urlTemplate":"https:\/\/onlan-gaming.com\/?s={search_term_string}"},"query-input":{"@type":"PropertyValueSpecification","valueRequired":true,"valueName":"search_term_string"}}],"inLanguage":"en-US"}]}},"_links":{"self":[{"href":"https:\/\/onlan-gaming.com\/en\/wp-json\/wp\/v2\/product\/16751","targetHints":{"allow":["GET"]}}],"collection":[{"href":"https:\/\/onlan-gaming.com\/en\/wp-json\/wp\/v2\/product"}],"about":[{"href":"https:\/\/onlan-gaming.com\/en\/wp-json\/wp\/v2\/types\/product"}],"version-history":[{"count":2,"href":"https:\/\/onlan-gaming.com\/en\/wp-json\/wp\/v2\/product\/16751\/revisions"}],"predecessor-version":[{"id":16966,"href":"https:\/\/onlan-gaming.com\/en\/wp-json\/wp\/v2\/product\/16751\/revisions\/16966"}],"wp:featuredmedia":[{"embeddable":true,"href":"https:\/\/onlan-gaming.com\/en\/wp-json\/wp\/v2\/media\/16963"}],"wp:attachment":[{"href":"https:\/\/onlan-gaming.com\/en\/wp-json\/wp\/v2\/media?parent=16751"}],"wp:term":[{"taxonomy":"product_brand","embeddable":true,"href":"https:\/\/onlan-gaming.com\/en\/wp-json\/wp\/v2\/product_brand?post=16751"},{"taxonomy":"product_cat","embeddable":true,"href":"https:\/\/onlan-gaming.com\/en\/wp-json\/wp\/v2\/product_cat?post=16751"},{"taxonomy":"product_tag","embeddable":true,"href":"https:\/\/onlan-gaming.com\/en\/wp-json\/wp\/v2\/product_tag?post=16751"}],"curies":[{"name":"wp","href":"https:\/\/api.w.org\/{rel}","templated":true}]}}