{"id":16743,"date":"2023-09-21T15:33:17","date_gmt":"2023-09-21T13:33:17","guid":{"rendered":"https:\/\/onlan-gaming.com\/?post_type=product&#038;p=16743"},"modified":"2025-07-24T01:36:10","modified_gmt":"2025-07-23T23:36:10","slug":"so-3-souris-gaming-filaire","status":"publish","type":"product","link":"https:\/\/onlan-gaming.com\/en\/product\/so-3-souris-gaming-filaire\/","title":{"rendered":"SO-3 Souris Gaming Filaire"},"content":{"rendered":"<ul>\n<li>6400 DPI Max<\/li>\n<li>Design ergonomique<\/li>\n<li>R\u00e9tro-\u00e9clairage couleurs mixtes<\/li>\n<li>Taux de fr\u00e9quence 125 Hz<\/li>\n<li>Cordon tress\u00e9 1,8m<\/li>\n<li>Acc\u00e9l\u00e9ration : 12G<\/li>\n<\/ul>\n","protected":false},"excerpt":{"rendered":"<p>Son design nerveux et futuriste font de la SO-3 la souris id\u00e9ale pour commencer \u00e0 jouer s\u00e9rieusement. Son repose pouce r\u00e9duit les frottements lors de mouvements vifs et augmente votre r\u00e9activit\u00e9 tout en vous assurant une bonne prise en main.<\/p>\n","protected":false},"featured_media":16820,"template":"","meta":{"_acf_changed":false,"footnotes":""},"product_brand":[],"product_cat":[522],"product_tag":[507],"class_list":{"0":"post-16743","1":"product","2":"type-product","3":"status-publish","4":"has-post-thumbnail","6":"product_cat-souris","7":"product_tag-onlan","9":"first","10":"outofstock","11":"shipping-taxable","12":"purchasable","13":"product-type-simple"},"acf":[],"yoast_head":"<!-- This site is optimized with the Yoast SEO plugin v25.7 - https:\/\/yoast.com\/wordpress\/plugins\/seo\/ -->\n<title>SO-3 Souris Gaming Filaire - OnLan Gaming<\/title>\n<meta name=\"robots\" content=\"index, follow, max-snippet:-1, max-image-preview:large, max-video-preview:-1\" \/>\n<link rel=\"canonical\" href=\"https:\/\/onlan-gaming.com\/product\/so-3-souris-gaming-filaire\/\" \/>\n<meta property=\"og:locale\" content=\"en_US\" \/>\n<meta property=\"og:type\" content=\"article\" \/>\n<meta property=\"og:title\" content=\"SO-3 Souris Gaming Filaire - OnLan Gaming\" \/>\n<meta property=\"og:description\" content=\"Son design nerveux et futuriste font de la SO-3 la souris id\u00e9ale pour commencer \u00e0 jouer s\u00e9rieusement. Son repose pouce r\u00e9duit les frottements lors de mouvements vifs et augmente votre r\u00e9activit\u00e9 tout en vous assurant une bonne prise en main.\" \/>\n<meta property=\"og:url\" content=\"https:\/\/onlan-gaming.com\/product\/so-3-souris-gaming-filaire\/\" \/>\n<meta property=\"og:site_name\" content=\"OnLan Gaming\" \/>\n<meta property=\"article:modified_time\" content=\"2025-07-23T23:36:10+00:00\" \/>\n<meta property=\"og:image\" content=\"https:\/\/onlan-gaming.com\/wp-content\/uploads\/souris-12.99-vlight-1024x1024.png\" \/>\n\t<meta property=\"og:image:width\" content=\"1024\" \/>\n\t<meta property=\"og:image:height\" content=\"1024\" \/>\n\t<meta property=\"og:image:type\" content=\"image\/png\" \/>\n<meta name=\"twitter:card\" content=\"summary_large_image\" \/>\n<script type=\"application\/ld+json\" class=\"yoast-schema-graph\">{\"@context\":\"https:\/\/schema.org\",\"@graph\":[{\"@type\":\"WebPage\",\"@id\":\"https:\/\/onlan-gaming.com\/product\/so-3-souris-gaming-filaire\/\",\"url\":\"https:\/\/onlan-gaming.com\/product\/so-3-souris-gaming-filaire\/\",\"name\":\"SO-3 Souris Gaming Filaire - OnLan Gaming\",\"isPartOf\":{\"@id\":\"https:\/\/onlan-gaming.com\/#website\"},\"primaryImageOfPage\":{\"@id\":\"https:\/\/onlan-gaming.com\/product\/so-3-souris-gaming-filaire\/#primaryimage\"},\"image\":{\"@id\":\"https:\/\/onlan-gaming.com\/product\/so-3-souris-gaming-filaire\/#primaryimage\"},\"thumbnailUrl\":\"https:\/\/onlan-gaming.com\/wp-content\/uploads\/souris-12.99-vlight.png\",\"datePublished\":\"2023-09-21T13:33:17+00:00\",\"dateModified\":\"2025-07-23T23:36:10+00:00\",\"breadcrumb\":{\"@id\":\"https:\/\/onlan-gaming.com\/product\/so-3-souris-gaming-filaire\/#breadcrumb\"},\"inLanguage\":\"en-US\",\"potentialAction\":[{\"@type\":\"ReadAction\",\"target\":[\"https:\/\/onlan-gaming.com\/product\/so-3-souris-gaming-filaire\/\"]}]},{\"@type\":\"ImageObject\",\"inLanguage\":\"en-US\",\"@id\":\"https:\/\/onlan-gaming.com\/product\/so-3-souris-gaming-filaire\/#primaryimage\",\"url\":\"https:\/\/onlan-gaming.com\/wp-content\/uploads\/souris-12.99-vlight.png\",\"contentUrl\":\"https:\/\/onlan-gaming.com\/wp-content\/uploads\/souris-12.99-vlight.png\",\"width\":4064,\"height\":4064},{\"@type\":\"BreadcrumbList\",\"@id\":\"https:\/\/onlan-gaming.com\/product\/so-3-souris-gaming-filaire\/#breadcrumb\",\"itemListElement\":[{\"@type\":\"ListItem\",\"position\":1,\"name\":\"Shop\",\"item\":\"https:\/\/onlan-gaming.com\/en\/shop-2\/\"},{\"@type\":\"ListItem\",\"position\":2,\"name\":\"SO-3 Souris Gaming Filaire\"}]},{\"@type\":\"WebSite\",\"@id\":\"https:\/\/onlan-gaming.com\/#website\",\"url\":\"https:\/\/onlan-gaming.com\/\",\"name\":\"OnLan Gaming\",\"description\":\"\",\"potentialAction\":[{\"@type\":\"SearchAction\",\"target\":{\"@type\":\"EntryPoint\",\"urlTemplate\":\"https:\/\/onlan-gaming.com\/?s={search_term_string}\"},\"query-input\":{\"@type\":\"PropertyValueSpecification\",\"valueRequired\":true,\"valueName\":\"search_term_string\"}}],\"inLanguage\":\"en-US\"}]}<\/script>\n<!-- \/ Yoast SEO plugin. -->","yoast_head_json":{"title":"SO-3 Souris Gaming Filaire - OnLan Gaming","robots":{"index":"index","follow":"follow","max-snippet":"max-snippet:-1","max-image-preview":"max-image-preview:large","max-video-preview":"max-video-preview:-1"},"canonical":"https:\/\/onlan-gaming.com\/product\/so-3-souris-gaming-filaire\/","og_locale":"en_US","og_type":"article","og_title":"SO-3 Souris Gaming Filaire - OnLan Gaming","og_description":"Son design nerveux et futuriste font de la SO-3 la souris id\u00e9ale pour commencer \u00e0 jouer s\u00e9rieusement. Son repose pouce r\u00e9duit les frottements lors de mouvements vifs et augmente votre r\u00e9activit\u00e9 tout en vous assurant une bonne prise en main.","og_url":"https:\/\/onlan-gaming.com\/product\/so-3-souris-gaming-filaire\/","og_site_name":"OnLan Gaming","article_modified_time":"2025-07-23T23:36:10+00:00","og_image":[{"width":1024,"height":1024,"url":"https:\/\/onlan-gaming.com\/wp-content\/uploads\/souris-12.99-vlight-1024x1024.png","type":"image\/png"}],"twitter_card":"summary_large_image","schema":{"@context":"https:\/\/schema.org","@graph":[{"@type":"WebPage","@id":"https:\/\/onlan-gaming.com\/product\/so-3-souris-gaming-filaire\/","url":"https:\/\/onlan-gaming.com\/product\/so-3-souris-gaming-filaire\/","name":"SO-3 Souris Gaming Filaire - OnLan Gaming","isPartOf":{"@id":"https:\/\/onlan-gaming.com\/#website"},"primaryImageOfPage":{"@id":"https:\/\/onlan-gaming.com\/product\/so-3-souris-gaming-filaire\/#primaryimage"},"image":{"@id":"https:\/\/onlan-gaming.com\/product\/so-3-souris-gaming-filaire\/#primaryimage"},"thumbnailUrl":"https:\/\/onlan-gaming.com\/wp-content\/uploads\/souris-12.99-vlight.png","datePublished":"2023-09-21T13:33:17+00:00","dateModified":"2025-07-23T23:36:10+00:00","breadcrumb":{"@id":"https:\/\/onlan-gaming.com\/product\/so-3-souris-gaming-filaire\/#breadcrumb"},"inLanguage":"en-US","potentialAction":[{"@type":"ReadAction","target":["https:\/\/onlan-gaming.com\/product\/so-3-souris-gaming-filaire\/"]}]},{"@type":"ImageObject","inLanguage":"en-US","@id":"https:\/\/onlan-gaming.com\/product\/so-3-souris-gaming-filaire\/#primaryimage","url":"https:\/\/onlan-gaming.com\/wp-content\/uploads\/souris-12.99-vlight.png","contentUrl":"https:\/\/onlan-gaming.com\/wp-content\/uploads\/souris-12.99-vlight.png","width":4064,"height":4064},{"@type":"BreadcrumbList","@id":"https:\/\/onlan-gaming.com\/product\/so-3-souris-gaming-filaire\/#breadcrumb","itemListElement":[{"@type":"ListItem","position":1,"name":"Shop","item":"https:\/\/onlan-gaming.com\/en\/shop-2\/"},{"@type":"ListItem","position":2,"name":"SO-3 Souris Gaming Filaire"}]},{"@type":"WebSite","@id":"https:\/\/onlan-gaming.com\/#website","url":"https:\/\/onlan-gaming.com\/","name":"OnLan Gaming","description":"","potentialAction":[{"@type":"SearchAction","target":{"@type":"EntryPoint","urlTemplate":"https:\/\/onlan-gaming.com\/?s={search_term_string}"},"query-input":{"@type":"PropertyValueSpecification","valueRequired":true,"valueName":"search_term_string"}}],"inLanguage":"en-US"}]}},"_links":{"self":[{"href":"https:\/\/onlan-gaming.com\/en\/wp-json\/wp\/v2\/product\/16743","targetHints":{"allow":["GET"]}}],"collection":[{"href":"https:\/\/onlan-gaming.com\/en\/wp-json\/wp\/v2\/product"}],"about":[{"href":"https:\/\/onlan-gaming.com\/en\/wp-json\/wp\/v2\/types\/product"}],"version-history":[{"count":2,"href":"https:\/\/onlan-gaming.com\/en\/wp-json\/wp\/v2\/product\/16743\/revisions"}],"predecessor-version":[{"id":16823,"href":"https:\/\/onlan-gaming.com\/en\/wp-json\/wp\/v2\/product\/16743\/revisions\/16823"}],"wp:featuredmedia":[{"embeddable":true,"href":"https:\/\/onlan-gaming.com\/en\/wp-json\/wp\/v2\/media\/16820"}],"wp:attachment":[{"href":"https:\/\/onlan-gaming.com\/en\/wp-json\/wp\/v2\/media?parent=16743"}],"wp:term":[{"taxonomy":"product_brand","embeddable":true,"href":"https:\/\/onlan-gaming.com\/en\/wp-json\/wp\/v2\/product_brand?post=16743"},{"taxonomy":"product_cat","embeddable":true,"href":"https:\/\/onlan-gaming.com\/en\/wp-json\/wp\/v2\/product_cat?post=16743"},{"taxonomy":"product_tag","embeddable":true,"href":"https:\/\/onlan-gaming.com\/en\/wp-json\/wp\/v2\/product_tag?post=16743"}],"curies":[{"name":"wp","href":"https:\/\/api.w.org\/{rel}","templated":true}]}}