{"id":16741,"date":"2023-09-21T15:33:16","date_gmt":"2023-09-21T13:33:16","guid":{"rendered":"https:\/\/onlan-gaming.com\/?post_type=product&#038;p=16741"},"modified":"2025-09-19T01:36:12","modified_gmt":"2025-09-18T23:36:12","slug":"cs-30-camera-streaming-hd","status":"publish","type":"product","link":"https:\/\/onlan-gaming.com\/en\/product\/cs-30-camera-streaming-hd\/","title":{"rendered":"CS-30 Camera streaming HD"},"content":{"rendered":"<ul>\n<li>Objectif : 1\/3 HD<\/li>\n<li>Full HD 1080<\/li>\n<li>Profondeur de champ : =50mm<\/li>\n<li>Controle du scintillement : 50HZ\/60HZ<\/li>\n<li>Format de sortie : RGB 24bit true color<\/li>\n<li>microphone \u00e0 plage dynamique int\u00e9gr\u00e9e<\/li>\n<li>Cable USB 1.5m<\/li>\n<\/ul>\n","protected":false},"excerpt":{"rendered":"<p>Id\u00e9ale pour d\u00e9buter dans le streaming, la webcam CS-30 vous offre une image full HD ainsi qu&#8217;un micro int\u00e9gr\u00e9. Vous pouvez la clipser sur votre \u00e9cran ou bien la fixer via son pas de vis d\u00e9di\u00e9 comme un appareil photo. Plug and Play, vous pouvez la s\u00e9lectionner facilement parmi vos p\u00e9riph\u00e9riques dans votre logiciel de streaming pr\u00e9f\u00e9r\u00e9. Brancher l\u00e0 et vous pouvez vous lancer!<\/p>\n","protected":false},"featured_media":15724,"template":"","meta":{"_acf_changed":false,"footnotes":""},"product_brand":[],"product_cat":[525],"product_tag":[507],"class_list":{"0":"post-16741","1":"product","2":"type-product","3":"status-publish","4":"has-post-thumbnail","6":"product_cat-webcam","7":"product_tag-onlan","9":"first","10":"instock","11":"shipping-taxable","12":"purchasable","13":"product-type-simple"},"acf":[],"yoast_head":"<!-- This site is optimized with the Yoast SEO plugin v25.7 - https:\/\/yoast.com\/wordpress\/plugins\/seo\/ -->\n<title>CS-30 Camera streaming HD - OnLan Gaming<\/title>\n<meta name=\"robots\" content=\"index, follow, max-snippet:-1, max-image-preview:large, max-video-preview:-1\" \/>\n<link rel=\"canonical\" href=\"https:\/\/onlan-gaming.com\/product\/cs-30-camera-streaming-hd\/\" \/>\n<meta property=\"og:locale\" content=\"en_US\" \/>\n<meta property=\"og:type\" content=\"article\" \/>\n<meta property=\"og:title\" content=\"CS-30 Camera streaming HD - OnLan Gaming\" \/>\n<meta property=\"og:description\" content=\"Id\u00e9ale pour d\u00e9buter dans le streaming, la webcam CS-30 vous offre une image full HD ainsi qu&#039;un micro int\u00e9gr\u00e9. Vous pouvez la clipser sur votre \u00e9cran ou bien la fixer via son pas de vis d\u00e9di\u00e9 comme un appareil photo. Plug and Play, vous pouvez la s\u00e9lectionner facilement parmi vos p\u00e9riph\u00e9riques dans votre logiciel de streaming pr\u00e9f\u00e9r\u00e9. Brancher l\u00e0 et vous pouvez vous lancer!\" \/>\n<meta property=\"og:url\" content=\"https:\/\/onlan-gaming.com\/product\/cs-30-camera-streaming-hd\/\" \/>\n<meta property=\"og:site_name\" content=\"OnLan Gaming\" \/>\n<meta property=\"article:modified_time\" content=\"2025-09-18T23:36:12+00:00\" \/>\n<meta property=\"og:image\" content=\"https:\/\/onlan-gaming.com\/wp-content\/uploads\/ONLAN_3015220943263_1-6-1024x1024.png\" \/>\n\t<meta property=\"og:image:width\" content=\"1024\" \/>\n\t<meta property=\"og:image:height\" content=\"1024\" \/>\n\t<meta property=\"og:image:type\" content=\"image\/png\" \/>\n<meta name=\"twitter:card\" content=\"summary_large_image\" \/>\n<script type=\"application\/ld+json\" class=\"yoast-schema-graph\">{\"@context\":\"https:\/\/schema.org\",\"@graph\":[{\"@type\":\"WebPage\",\"@id\":\"https:\/\/onlan-gaming.com\/product\/cs-30-camera-streaming-hd\/\",\"url\":\"https:\/\/onlan-gaming.com\/product\/cs-30-camera-streaming-hd\/\",\"name\":\"CS-30 Camera streaming HD - OnLan Gaming\",\"isPartOf\":{\"@id\":\"https:\/\/onlan-gaming.com\/#website\"},\"primaryImageOfPage\":{\"@id\":\"https:\/\/onlan-gaming.com\/product\/cs-30-camera-streaming-hd\/#primaryimage\"},\"image\":{\"@id\":\"https:\/\/onlan-gaming.com\/product\/cs-30-camera-streaming-hd\/#primaryimage\"},\"thumbnailUrl\":\"https:\/\/onlan-gaming.com\/wp-content\/uploads\/ONLAN_3015220943263_1-6.png\",\"datePublished\":\"2023-09-21T13:33:16+00:00\",\"dateModified\":\"2025-09-18T23:36:12+00:00\",\"breadcrumb\":{\"@id\":\"https:\/\/onlan-gaming.com\/product\/cs-30-camera-streaming-hd\/#breadcrumb\"},\"inLanguage\":\"en-US\",\"potentialAction\":[{\"@type\":\"ReadAction\",\"target\":[\"https:\/\/onlan-gaming.com\/product\/cs-30-camera-streaming-hd\/\"]}]},{\"@type\":\"ImageObject\",\"inLanguage\":\"en-US\",\"@id\":\"https:\/\/onlan-gaming.com\/product\/cs-30-camera-streaming-hd\/#primaryimage\",\"url\":\"https:\/\/onlan-gaming.com\/wp-content\/uploads\/ONLAN_3015220943263_1-6.png\",\"contentUrl\":\"https:\/\/onlan-gaming.com\/wp-content\/uploads\/ONLAN_3015220943263_1-6.png\",\"width\":1600,\"height\":1600},{\"@type\":\"BreadcrumbList\",\"@id\":\"https:\/\/onlan-gaming.com\/product\/cs-30-camera-streaming-hd\/#breadcrumb\",\"itemListElement\":[{\"@type\":\"ListItem\",\"position\":1,\"name\":\"Shop\",\"item\":\"https:\/\/onlan-gaming.com\/en\/shop-2\/\"},{\"@type\":\"ListItem\",\"position\":2,\"name\":\"CS-30 Camera streaming HD\"}]},{\"@type\":\"WebSite\",\"@id\":\"https:\/\/onlan-gaming.com\/#website\",\"url\":\"https:\/\/onlan-gaming.com\/\",\"name\":\"OnLan Gaming\",\"description\":\"\",\"potentialAction\":[{\"@type\":\"SearchAction\",\"target\":{\"@type\":\"EntryPoint\",\"urlTemplate\":\"https:\/\/onlan-gaming.com\/?s={search_term_string}\"},\"query-input\":{\"@type\":\"PropertyValueSpecification\",\"valueRequired\":true,\"valueName\":\"search_term_string\"}}],\"inLanguage\":\"en-US\"}]}<\/script>\n<!-- \/ Yoast SEO plugin. -->","yoast_head_json":{"title":"CS-30 Camera streaming HD - OnLan Gaming","robots":{"index":"index","follow":"follow","max-snippet":"max-snippet:-1","max-image-preview":"max-image-preview:large","max-video-preview":"max-video-preview:-1"},"canonical":"https:\/\/onlan-gaming.com\/product\/cs-30-camera-streaming-hd\/","og_locale":"en_US","og_type":"article","og_title":"CS-30 Camera streaming HD - OnLan Gaming","og_description":"Id\u00e9ale pour d\u00e9buter dans le streaming, la webcam CS-30 vous offre une image full HD ainsi qu'un micro int\u00e9gr\u00e9. Vous pouvez la clipser sur votre \u00e9cran ou bien la fixer via son pas de vis d\u00e9di\u00e9 comme un appareil photo. Plug and Play, vous pouvez la s\u00e9lectionner facilement parmi vos p\u00e9riph\u00e9riques dans votre logiciel de streaming pr\u00e9f\u00e9r\u00e9. Brancher l\u00e0 et vous pouvez vous lancer!","og_url":"https:\/\/onlan-gaming.com\/product\/cs-30-camera-streaming-hd\/","og_site_name":"OnLan Gaming","article_modified_time":"2025-09-18T23:36:12+00:00","og_image":[{"width":1024,"height":1024,"url":"https:\/\/onlan-gaming.com\/wp-content\/uploads\/ONLAN_3015220943263_1-6-1024x1024.png","type":"image\/png"}],"twitter_card":"summary_large_image","schema":{"@context":"https:\/\/schema.org","@graph":[{"@type":"WebPage","@id":"https:\/\/onlan-gaming.com\/product\/cs-30-camera-streaming-hd\/","url":"https:\/\/onlan-gaming.com\/product\/cs-30-camera-streaming-hd\/","name":"CS-30 Camera streaming HD - OnLan Gaming","isPartOf":{"@id":"https:\/\/onlan-gaming.com\/#website"},"primaryImageOfPage":{"@id":"https:\/\/onlan-gaming.com\/product\/cs-30-camera-streaming-hd\/#primaryimage"},"image":{"@id":"https:\/\/onlan-gaming.com\/product\/cs-30-camera-streaming-hd\/#primaryimage"},"thumbnailUrl":"https:\/\/onlan-gaming.com\/wp-content\/uploads\/ONLAN_3015220943263_1-6.png","datePublished":"2023-09-21T13:33:16+00:00","dateModified":"2025-09-18T23:36:12+00:00","breadcrumb":{"@id":"https:\/\/onlan-gaming.com\/product\/cs-30-camera-streaming-hd\/#breadcrumb"},"inLanguage":"en-US","potentialAction":[{"@type":"ReadAction","target":["https:\/\/onlan-gaming.com\/product\/cs-30-camera-streaming-hd\/"]}]},{"@type":"ImageObject","inLanguage":"en-US","@id":"https:\/\/onlan-gaming.com\/product\/cs-30-camera-streaming-hd\/#primaryimage","url":"https:\/\/onlan-gaming.com\/wp-content\/uploads\/ONLAN_3015220943263_1-6.png","contentUrl":"https:\/\/onlan-gaming.com\/wp-content\/uploads\/ONLAN_3015220943263_1-6.png","width":1600,"height":1600},{"@type":"BreadcrumbList","@id":"https:\/\/onlan-gaming.com\/product\/cs-30-camera-streaming-hd\/#breadcrumb","itemListElement":[{"@type":"ListItem","position":1,"name":"Shop","item":"https:\/\/onlan-gaming.com\/en\/shop-2\/"},{"@type":"ListItem","position":2,"name":"CS-30 Camera streaming HD"}]},{"@type":"WebSite","@id":"https:\/\/onlan-gaming.com\/#website","url":"https:\/\/onlan-gaming.com\/","name":"OnLan Gaming","description":"","potentialAction":[{"@type":"SearchAction","target":{"@type":"EntryPoint","urlTemplate":"https:\/\/onlan-gaming.com\/?s={search_term_string}"},"query-input":{"@type":"PropertyValueSpecification","valueRequired":true,"valueName":"search_term_string"}}],"inLanguage":"en-US"}]}},"_links":{"self":[{"href":"https:\/\/onlan-gaming.com\/en\/wp-json\/wp\/v2\/product\/16741","targetHints":{"allow":["GET"]}}],"collection":[{"href":"https:\/\/onlan-gaming.com\/en\/wp-json\/wp\/v2\/product"}],"about":[{"href":"https:\/\/onlan-gaming.com\/en\/wp-json\/wp\/v2\/types\/product"}],"version-history":[{"count":1,"href":"https:\/\/onlan-gaming.com\/en\/wp-json\/wp\/v2\/product\/16741\/revisions"}],"predecessor-version":[{"id":16742,"href":"https:\/\/onlan-gaming.com\/en\/wp-json\/wp\/v2\/product\/16741\/revisions\/16742"}],"wp:featuredmedia":[{"embeddable":true,"href":"https:\/\/onlan-gaming.com\/en\/wp-json\/wp\/v2\/media\/15724"}],"wp:attachment":[{"href":"https:\/\/onlan-gaming.com\/en\/wp-json\/wp\/v2\/media?parent=16741"}],"wp:term":[{"taxonomy":"product_brand","embeddable":true,"href":"https:\/\/onlan-gaming.com\/en\/wp-json\/wp\/v2\/product_brand?post=16741"},{"taxonomy":"product_cat","embeddable":true,"href":"https:\/\/onlan-gaming.com\/en\/wp-json\/wp\/v2\/product_cat?post=16741"},{"taxonomy":"product_tag","embeddable":true,"href":"https:\/\/onlan-gaming.com\/en\/wp-json\/wp\/v2\/product_tag?post=16741"}],"curies":[{"name":"wp","href":"https:\/\/api.w.org\/{rel}","templated":true}]}}