{"id":16735,"date":"2023-09-21T15:33:12","date_gmt":"2023-09-21T13:33:12","guid":{"rendered":"https:\/\/onlan-gaming.com\/?post_type=product&#038;p=16735"},"modified":"2025-07-26T01:36:09","modified_gmt":"2025-07-25T23:36:09","slug":"mc-100-micro-streaming-pro","status":"publish","type":"product","link":"https:\/\/onlan-gaming.com\/en\/product\/mc-100-micro-streaming-pro\/","title":{"rendered":"MC-100 Micro Streaming Pro"},"content":{"rendered":"<ul>\n<li>Cardioid<\/li>\n<li>R\u00e9ponse de fr\u00e9quence : 20Hz-48kHz <\/li>\n<li>Effet sonore Echo<\/li>\n<li>Fonction muette digital<\/li>\n<li>Sensibilit\u00e9 : -34dB \u00b12 dB <\/li>\n<li>Impedance de sortie : 150 O\u00b1 30%(at 1kHz) <\/li>\n<li>S\/N Ratio: 78 dB <\/li>\n<li>Cordon USB :  1.8m<\/li>\n<li>R\u00e9tro-\u00e9clairage 7 couleurs<\/li>\n<\/ul>\n","protected":false},"excerpt":{"rendered":"<p>Le son est l&#8217;\u00e9l\u00e9ment clef de votre impact sur vos viewers. C&#8217;est votre voix qui, porte votre personnalit\u00e9 \u00e0 votre public.  Le Micro MC-100 vous permet de poser votre voix avec une grande qualit\u00e9 sur vos streams. Son retour de son via sa prise casque vous permet de savoir ce que votre audience entend. Vous pouvez couper votre son facilement avec sa touche tactile ou ajouter un effet d&#8217;\u00e9cho. Son design et son r\u00e9tro\u00e9clairage en font un \u00e9l\u00e9ment \u00e9l\u00e9gant que vous pouvez int\u00e9grer \u00e0 votre stream.<\/p>\n","protected":false},"featured_media":15598,"template":"","meta":{"_acf_changed":false,"footnotes":""},"product_brand":[],"product_cat":[523],"product_tag":[507],"class_list":{"0":"post-16735","1":"product","2":"type-product","3":"status-publish","4":"has-post-thumbnail","6":"product_cat-microphone","7":"product_tag-onlan","9":"first","10":"outofstock","11":"shipping-taxable","12":"purchasable","13":"product-type-simple"},"acf":[],"yoast_head":"<!-- This site is optimized with the Yoast SEO plugin v25.7 - https:\/\/yoast.com\/wordpress\/plugins\/seo\/ -->\n<title>MC-100 Micro Streaming Pro - OnLan Gaming<\/title>\n<meta name=\"robots\" content=\"index, follow, max-snippet:-1, max-image-preview:large, max-video-preview:-1\" \/>\n<link rel=\"canonical\" href=\"https:\/\/onlan-gaming.com\/product\/mc-100-micro-streaming-pro\/\" \/>\n<meta property=\"og:locale\" content=\"en_US\" \/>\n<meta property=\"og:type\" content=\"article\" \/>\n<meta property=\"og:title\" content=\"MC-100 Micro Streaming Pro - OnLan Gaming\" \/>\n<meta property=\"og:description\" content=\"Le son est l&#039;\u00e9l\u00e9ment clef de votre impact sur vos viewers. C&#039;est votre voix qui, porte votre personnalit\u00e9 \u00e0 votre public. Le Micro MC-100 vous permet de poser votre voix avec une grande qualit\u00e9 sur vos streams. Son retour de son via sa prise casque vous permet de savoir ce que votre audience entend. Vous pouvez couper votre son facilement avec sa touche tactile ou ajouter un effet d&#039;\u00e9cho. Son design et son r\u00e9tro\u00e9clairage en font un \u00e9l\u00e9ment \u00e9l\u00e9gant que vous pouvez int\u00e9grer \u00e0 votre stream.\" \/>\n<meta property=\"og:url\" content=\"https:\/\/onlan-gaming.com\/product\/mc-100-micro-streaming-pro\/\" \/>\n<meta property=\"og:site_name\" content=\"OnLan Gaming\" \/>\n<meta property=\"article:modified_time\" content=\"2025-07-25T23:36:09+00:00\" \/>\n<meta property=\"og:image\" content=\"https:\/\/onlan-gaming.com\/wp-content\/uploads\/ONLAN_3015220943232_1-4.png\" \/>\n\t<meta property=\"og:image:width\" content=\"1600\" \/>\n\t<meta property=\"og:image:height\" content=\"1600\" \/>\n\t<meta property=\"og:image:type\" content=\"image\/png\" \/>\n<meta name=\"twitter:card\" content=\"summary_large_image\" \/>\n<script type=\"application\/ld+json\" class=\"yoast-schema-graph\">{\"@context\":\"https:\/\/schema.org\",\"@graph\":[{\"@type\":\"WebPage\",\"@id\":\"https:\/\/onlan-gaming.com\/product\/mc-100-micro-streaming-pro\/\",\"url\":\"https:\/\/onlan-gaming.com\/product\/mc-100-micro-streaming-pro\/\",\"name\":\"MC-100 Micro Streaming Pro - OnLan Gaming\",\"isPartOf\":{\"@id\":\"https:\/\/onlan-gaming.com\/#website\"},\"primaryImageOfPage\":{\"@id\":\"https:\/\/onlan-gaming.com\/product\/mc-100-micro-streaming-pro\/#primaryimage\"},\"image\":{\"@id\":\"https:\/\/onlan-gaming.com\/product\/mc-100-micro-streaming-pro\/#primaryimage\"},\"thumbnailUrl\":\"https:\/\/onlan-gaming.com\/wp-content\/uploads\/ONLAN_3015220943232_1-4.png\",\"datePublished\":\"2023-09-21T13:33:12+00:00\",\"dateModified\":\"2025-07-25T23:36:09+00:00\",\"breadcrumb\":{\"@id\":\"https:\/\/onlan-gaming.com\/product\/mc-100-micro-streaming-pro\/#breadcrumb\"},\"inLanguage\":\"en-US\",\"potentialAction\":[{\"@type\":\"ReadAction\",\"target\":[\"https:\/\/onlan-gaming.com\/product\/mc-100-micro-streaming-pro\/\"]}]},{\"@type\":\"ImageObject\",\"inLanguage\":\"en-US\",\"@id\":\"https:\/\/onlan-gaming.com\/product\/mc-100-micro-streaming-pro\/#primaryimage\",\"url\":\"https:\/\/onlan-gaming.com\/wp-content\/uploads\/ONLAN_3015220943232_1-4.png\",\"contentUrl\":\"https:\/\/onlan-gaming.com\/wp-content\/uploads\/ONLAN_3015220943232_1-4.png\",\"width\":1600,\"height\":1600},{\"@type\":\"BreadcrumbList\",\"@id\":\"https:\/\/onlan-gaming.com\/product\/mc-100-micro-streaming-pro\/#breadcrumb\",\"itemListElement\":[{\"@type\":\"ListItem\",\"position\":1,\"name\":\"Shop\",\"item\":\"https:\/\/onlan-gaming.com\/en\/shop-2\/\"},{\"@type\":\"ListItem\",\"position\":2,\"name\":\"MC-100 Micro Streaming Pro\"}]},{\"@type\":\"WebSite\",\"@id\":\"https:\/\/onlan-gaming.com\/#website\",\"url\":\"https:\/\/onlan-gaming.com\/\",\"name\":\"OnLan Gaming\",\"description\":\"\",\"potentialAction\":[{\"@type\":\"SearchAction\",\"target\":{\"@type\":\"EntryPoint\",\"urlTemplate\":\"https:\/\/onlan-gaming.com\/?s={search_term_string}\"},\"query-input\":{\"@type\":\"PropertyValueSpecification\",\"valueRequired\":true,\"valueName\":\"search_term_string\"}}],\"inLanguage\":\"en-US\"}]}<\/script>\n<!-- \/ Yoast SEO plugin. -->","yoast_head_json":{"title":"MC-100 Micro Streaming Pro - OnLan Gaming","robots":{"index":"index","follow":"follow","max-snippet":"max-snippet:-1","max-image-preview":"max-image-preview:large","max-video-preview":"max-video-preview:-1"},"canonical":"https:\/\/onlan-gaming.com\/product\/mc-100-micro-streaming-pro\/","og_locale":"en_US","og_type":"article","og_title":"MC-100 Micro Streaming Pro - OnLan Gaming","og_description":"Le son est l'\u00e9l\u00e9ment clef de votre impact sur vos viewers. C'est votre voix qui, porte votre personnalit\u00e9 \u00e0 votre public. Le Micro MC-100 vous permet de poser votre voix avec une grande qualit\u00e9 sur vos streams. Son retour de son via sa prise casque vous permet de savoir ce que votre audience entend. Vous pouvez couper votre son facilement avec sa touche tactile ou ajouter un effet d'\u00e9cho. Son design et son r\u00e9tro\u00e9clairage en font un \u00e9l\u00e9ment \u00e9l\u00e9gant que vous pouvez int\u00e9grer \u00e0 votre stream.","og_url":"https:\/\/onlan-gaming.com\/product\/mc-100-micro-streaming-pro\/","og_site_name":"OnLan Gaming","article_modified_time":"2025-07-25T23:36:09+00:00","og_image":[{"width":1600,"height":1600,"url":"https:\/\/onlan-gaming.com\/wp-content\/uploads\/ONLAN_3015220943232_1-4.png","type":"image\/png"}],"twitter_card":"summary_large_image","schema":{"@context":"https:\/\/schema.org","@graph":[{"@type":"WebPage","@id":"https:\/\/onlan-gaming.com\/product\/mc-100-micro-streaming-pro\/","url":"https:\/\/onlan-gaming.com\/product\/mc-100-micro-streaming-pro\/","name":"MC-100 Micro Streaming Pro - OnLan Gaming","isPartOf":{"@id":"https:\/\/onlan-gaming.com\/#website"},"primaryImageOfPage":{"@id":"https:\/\/onlan-gaming.com\/product\/mc-100-micro-streaming-pro\/#primaryimage"},"image":{"@id":"https:\/\/onlan-gaming.com\/product\/mc-100-micro-streaming-pro\/#primaryimage"},"thumbnailUrl":"https:\/\/onlan-gaming.com\/wp-content\/uploads\/ONLAN_3015220943232_1-4.png","datePublished":"2023-09-21T13:33:12+00:00","dateModified":"2025-07-25T23:36:09+00:00","breadcrumb":{"@id":"https:\/\/onlan-gaming.com\/product\/mc-100-micro-streaming-pro\/#breadcrumb"},"inLanguage":"en-US","potentialAction":[{"@type":"ReadAction","target":["https:\/\/onlan-gaming.com\/product\/mc-100-micro-streaming-pro\/"]}]},{"@type":"ImageObject","inLanguage":"en-US","@id":"https:\/\/onlan-gaming.com\/product\/mc-100-micro-streaming-pro\/#primaryimage","url":"https:\/\/onlan-gaming.com\/wp-content\/uploads\/ONLAN_3015220943232_1-4.png","contentUrl":"https:\/\/onlan-gaming.com\/wp-content\/uploads\/ONLAN_3015220943232_1-4.png","width":1600,"height":1600},{"@type":"BreadcrumbList","@id":"https:\/\/onlan-gaming.com\/product\/mc-100-micro-streaming-pro\/#breadcrumb","itemListElement":[{"@type":"ListItem","position":1,"name":"Shop","item":"https:\/\/onlan-gaming.com\/en\/shop-2\/"},{"@type":"ListItem","position":2,"name":"MC-100 Micro Streaming Pro"}]},{"@type":"WebSite","@id":"https:\/\/onlan-gaming.com\/#website","url":"https:\/\/onlan-gaming.com\/","name":"OnLan Gaming","description":"","potentialAction":[{"@type":"SearchAction","target":{"@type":"EntryPoint","urlTemplate":"https:\/\/onlan-gaming.com\/?s={search_term_string}"},"query-input":{"@type":"PropertyValueSpecification","valueRequired":true,"valueName":"search_term_string"}}],"inLanguage":"en-US"}]}},"_links":{"self":[{"href":"https:\/\/onlan-gaming.com\/en\/wp-json\/wp\/v2\/product\/16735","targetHints":{"allow":["GET"]}}],"collection":[{"href":"https:\/\/onlan-gaming.com\/en\/wp-json\/wp\/v2\/product"}],"about":[{"href":"https:\/\/onlan-gaming.com\/en\/wp-json\/wp\/v2\/types\/product"}],"version-history":[{"count":2,"href":"https:\/\/onlan-gaming.com\/en\/wp-json\/wp\/v2\/product\/16735\/revisions"}],"predecessor-version":[{"id":17222,"href":"https:\/\/onlan-gaming.com\/en\/wp-json\/wp\/v2\/product\/16735\/revisions\/17222"}],"wp:featuredmedia":[{"embeddable":true,"href":"https:\/\/onlan-gaming.com\/en\/wp-json\/wp\/v2\/media\/15598"}],"wp:attachment":[{"href":"https:\/\/onlan-gaming.com\/en\/wp-json\/wp\/v2\/media?parent=16735"}],"wp:term":[{"taxonomy":"product_brand","embeddable":true,"href":"https:\/\/onlan-gaming.com\/en\/wp-json\/wp\/v2\/product_brand?post=16735"},{"taxonomy":"product_cat","embeddable":true,"href":"https:\/\/onlan-gaming.com\/en\/wp-json\/wp\/v2\/product_cat?post=16735"},{"taxonomy":"product_tag","embeddable":true,"href":"https:\/\/onlan-gaming.com\/en\/wp-json\/wp\/v2\/product_tag?post=16735"}],"curies":[{"name":"wp","href":"https:\/\/api.w.org\/{rel}","templated":true}]}}