{"id":16727,"date":"2023-09-21T15:33:08","date_gmt":"2023-09-21T13:33:08","guid":{"rendered":"https:\/\/onlan-gaming.com\/?post_type=product&#038;p=16727"},"modified":"2025-04-13T02:28:06","modified_gmt":"2025-04-13T00:28:06","slug":"ca-50-clavier-gaming-tkl","status":"publish","type":"product","link":"https:\/\/onlan-gaming.com\/en\/product\/ca-50-clavier-gaming-tkl\/","title":{"rendered":"CA-50 Clavier Gaming TKL"},"content":{"rendered":"<ul>\n<li>Clavier compact TKL<\/li>\n<li>64 touches<\/li>\n<li>Anti-ghosting 19 touches<\/li>\n<li>Molette multim\u00e9dia<\/li>\n<li>Pieds ajustables anti-glisse<\/li>\n<li>R\u00e9tro-\u00e9clairage violet<\/li>\n<\/ul>\n","protected":false},"excerpt":{"rendered":"<p>L&#8217;essentiel du gaming dans un clavier compact. Gagnez en agilit\u00e9 grace au clavier CA-50 et son profil TKL qui vous offre un espace de jeux optimis\u00e9 m\u00eame sur une petite surface. Les touches d\u00e9di\u00e9 au gaming b\u00e9n\u00e9ficient de l&#8217;anti ghosting et une molette multim\u00e9dia vous permet de g\u00e9rer le son et l&#8217;\u00e9clairage aux couleurs du streaming.<\/p>\n","protected":false},"featured_media":15504,"template":"","meta":{"_acf_changed":false,"footnotes":""},"product_brand":[],"product_cat":[521],"product_tag":[507],"class_list":{"0":"post-16727","1":"product","2":"type-product","3":"status-publish","4":"has-post-thumbnail","6":"product_cat-clavier","7":"product_tag-onlan","9":"first","10":"outofstock","11":"shipping-taxable","12":"purchasable","13":"product-type-simple"},"acf":[],"yoast_head":"<!-- This site is optimized with the Yoast SEO plugin v25.7 - https:\/\/yoast.com\/wordpress\/plugins\/seo\/ -->\n<title>CA-50 Clavier Gaming TKL - OnLan Gaming<\/title>\n<meta name=\"robots\" content=\"index, follow, max-snippet:-1, max-image-preview:large, max-video-preview:-1\" \/>\n<link rel=\"canonical\" href=\"https:\/\/onlan-gaming.com\/product\/ca-50-clavier-gaming-tkl\/\" \/>\n<meta property=\"og:locale\" content=\"en_US\" \/>\n<meta property=\"og:type\" content=\"article\" \/>\n<meta property=\"og:title\" content=\"CA-50 Clavier Gaming TKL - OnLan Gaming\" \/>\n<meta property=\"og:description\" content=\"L&#039;essentiel du gaming dans un clavier compact. Gagnez en agilit\u00e9 grace au clavier CA-50 et son profil TKL qui vous offre un espace de jeux optimis\u00e9 m\u00eame sur une petite surface. Les touches d\u00e9di\u00e9 au gaming b\u00e9n\u00e9ficient de l&#039;anti ghosting et une molette multim\u00e9dia vous permet de g\u00e9rer le son et l&#039;\u00e9clairage aux couleurs du streaming.\" \/>\n<meta property=\"og:url\" content=\"https:\/\/onlan-gaming.com\/product\/ca-50-clavier-gaming-tkl\/\" \/>\n<meta property=\"og:site_name\" content=\"OnLan Gaming\" \/>\n<meta property=\"article:modified_time\" content=\"2025-04-13T00:28:06+00:00\" \/>\n<meta property=\"og:image\" content=\"https:\/\/onlan-gaming.com\/wp-content\/uploads\/ONLAN_3015220943195_1-3.png\" \/>\n\t<meta property=\"og:image:width\" content=\"1600\" \/>\n\t<meta property=\"og:image:height\" content=\"1600\" \/>\n\t<meta property=\"og:image:type\" content=\"image\/png\" \/>\n<meta name=\"twitter:card\" content=\"summary_large_image\" \/>\n<script type=\"application\/ld+json\" class=\"yoast-schema-graph\">{\"@context\":\"https:\/\/schema.org\",\"@graph\":[{\"@type\":\"WebPage\",\"@id\":\"https:\/\/onlan-gaming.com\/product\/ca-50-clavier-gaming-tkl\/\",\"url\":\"https:\/\/onlan-gaming.com\/product\/ca-50-clavier-gaming-tkl\/\",\"name\":\"CA-50 Clavier Gaming TKL - OnLan Gaming\",\"isPartOf\":{\"@id\":\"https:\/\/onlan-gaming.com\/#website\"},\"primaryImageOfPage\":{\"@id\":\"https:\/\/onlan-gaming.com\/product\/ca-50-clavier-gaming-tkl\/#primaryimage\"},\"image\":{\"@id\":\"https:\/\/onlan-gaming.com\/product\/ca-50-clavier-gaming-tkl\/#primaryimage\"},\"thumbnailUrl\":\"https:\/\/onlan-gaming.com\/wp-content\/uploads\/ONLAN_3015220943195_1-3.png\",\"datePublished\":\"2023-09-21T13:33:08+00:00\",\"dateModified\":\"2025-04-13T00:28:06+00:00\",\"breadcrumb\":{\"@id\":\"https:\/\/onlan-gaming.com\/product\/ca-50-clavier-gaming-tkl\/#breadcrumb\"},\"inLanguage\":\"en-US\",\"potentialAction\":[{\"@type\":\"ReadAction\",\"target\":[\"https:\/\/onlan-gaming.com\/product\/ca-50-clavier-gaming-tkl\/\"]}]},{\"@type\":\"ImageObject\",\"inLanguage\":\"en-US\",\"@id\":\"https:\/\/onlan-gaming.com\/product\/ca-50-clavier-gaming-tkl\/#primaryimage\",\"url\":\"https:\/\/onlan-gaming.com\/wp-content\/uploads\/ONLAN_3015220943195_1-3.png\",\"contentUrl\":\"https:\/\/onlan-gaming.com\/wp-content\/uploads\/ONLAN_3015220943195_1-3.png\",\"width\":1600,\"height\":1600},{\"@type\":\"BreadcrumbList\",\"@id\":\"https:\/\/onlan-gaming.com\/product\/ca-50-clavier-gaming-tkl\/#breadcrumb\",\"itemListElement\":[{\"@type\":\"ListItem\",\"position\":1,\"name\":\"Shop\",\"item\":\"https:\/\/onlan-gaming.com\/en\/shop-2\/\"},{\"@type\":\"ListItem\",\"position\":2,\"name\":\"CA-50 Clavier Gaming TKL\"}]},{\"@type\":\"WebSite\",\"@id\":\"https:\/\/onlan-gaming.com\/#website\",\"url\":\"https:\/\/onlan-gaming.com\/\",\"name\":\"OnLan Gaming\",\"description\":\"\",\"potentialAction\":[{\"@type\":\"SearchAction\",\"target\":{\"@type\":\"EntryPoint\",\"urlTemplate\":\"https:\/\/onlan-gaming.com\/?s={search_term_string}\"},\"query-input\":{\"@type\":\"PropertyValueSpecification\",\"valueRequired\":true,\"valueName\":\"search_term_string\"}}],\"inLanguage\":\"en-US\"}]}<\/script>\n<!-- \/ Yoast SEO plugin. -->","yoast_head_json":{"title":"CA-50 Clavier Gaming TKL - OnLan Gaming","robots":{"index":"index","follow":"follow","max-snippet":"max-snippet:-1","max-image-preview":"max-image-preview:large","max-video-preview":"max-video-preview:-1"},"canonical":"https:\/\/onlan-gaming.com\/product\/ca-50-clavier-gaming-tkl\/","og_locale":"en_US","og_type":"article","og_title":"CA-50 Clavier Gaming TKL - OnLan Gaming","og_description":"L'essentiel du gaming dans un clavier compact. Gagnez en agilit\u00e9 grace au clavier CA-50 et son profil TKL qui vous offre un espace de jeux optimis\u00e9 m\u00eame sur une petite surface. Les touches d\u00e9di\u00e9 au gaming b\u00e9n\u00e9ficient de l'anti ghosting et une molette multim\u00e9dia vous permet de g\u00e9rer le son et l'\u00e9clairage aux couleurs du streaming.","og_url":"https:\/\/onlan-gaming.com\/product\/ca-50-clavier-gaming-tkl\/","og_site_name":"OnLan Gaming","article_modified_time":"2025-04-13T00:28:06+00:00","og_image":[{"width":1600,"height":1600,"url":"https:\/\/onlan-gaming.com\/wp-content\/uploads\/ONLAN_3015220943195_1-3.png","type":"image\/png"}],"twitter_card":"summary_large_image","schema":{"@context":"https:\/\/schema.org","@graph":[{"@type":"WebPage","@id":"https:\/\/onlan-gaming.com\/product\/ca-50-clavier-gaming-tkl\/","url":"https:\/\/onlan-gaming.com\/product\/ca-50-clavier-gaming-tkl\/","name":"CA-50 Clavier Gaming TKL - OnLan Gaming","isPartOf":{"@id":"https:\/\/onlan-gaming.com\/#website"},"primaryImageOfPage":{"@id":"https:\/\/onlan-gaming.com\/product\/ca-50-clavier-gaming-tkl\/#primaryimage"},"image":{"@id":"https:\/\/onlan-gaming.com\/product\/ca-50-clavier-gaming-tkl\/#primaryimage"},"thumbnailUrl":"https:\/\/onlan-gaming.com\/wp-content\/uploads\/ONLAN_3015220943195_1-3.png","datePublished":"2023-09-21T13:33:08+00:00","dateModified":"2025-04-13T00:28:06+00:00","breadcrumb":{"@id":"https:\/\/onlan-gaming.com\/product\/ca-50-clavier-gaming-tkl\/#breadcrumb"},"inLanguage":"en-US","potentialAction":[{"@type":"ReadAction","target":["https:\/\/onlan-gaming.com\/product\/ca-50-clavier-gaming-tkl\/"]}]},{"@type":"ImageObject","inLanguage":"en-US","@id":"https:\/\/onlan-gaming.com\/product\/ca-50-clavier-gaming-tkl\/#primaryimage","url":"https:\/\/onlan-gaming.com\/wp-content\/uploads\/ONLAN_3015220943195_1-3.png","contentUrl":"https:\/\/onlan-gaming.com\/wp-content\/uploads\/ONLAN_3015220943195_1-3.png","width":1600,"height":1600},{"@type":"BreadcrumbList","@id":"https:\/\/onlan-gaming.com\/product\/ca-50-clavier-gaming-tkl\/#breadcrumb","itemListElement":[{"@type":"ListItem","position":1,"name":"Shop","item":"https:\/\/onlan-gaming.com\/en\/shop-2\/"},{"@type":"ListItem","position":2,"name":"CA-50 Clavier Gaming TKL"}]},{"@type":"WebSite","@id":"https:\/\/onlan-gaming.com\/#website","url":"https:\/\/onlan-gaming.com\/","name":"OnLan Gaming","description":"","potentialAction":[{"@type":"SearchAction","target":{"@type":"EntryPoint","urlTemplate":"https:\/\/onlan-gaming.com\/?s={search_term_string}"},"query-input":{"@type":"PropertyValueSpecification","valueRequired":true,"valueName":"search_term_string"}}],"inLanguage":"en-US"}]}},"_links":{"self":[{"href":"https:\/\/onlan-gaming.com\/en\/wp-json\/wp\/v2\/product\/16727","targetHints":{"allow":["GET"]}}],"collection":[{"href":"https:\/\/onlan-gaming.com\/en\/wp-json\/wp\/v2\/product"}],"about":[{"href":"https:\/\/onlan-gaming.com\/en\/wp-json\/wp\/v2\/types\/product"}],"version-history":[{"count":3,"href":"https:\/\/onlan-gaming.com\/en\/wp-json\/wp\/v2\/product\/16727\/revisions"}],"predecessor-version":[{"id":17172,"href":"https:\/\/onlan-gaming.com\/en\/wp-json\/wp\/v2\/product\/16727\/revisions\/17172"}],"wp:featuredmedia":[{"embeddable":true,"href":"https:\/\/onlan-gaming.com\/en\/wp-json\/wp\/v2\/media\/15504"}],"wp:attachment":[{"href":"https:\/\/onlan-gaming.com\/en\/wp-json\/wp\/v2\/media?parent=16727"}],"wp:term":[{"taxonomy":"product_brand","embeddable":true,"href":"https:\/\/onlan-gaming.com\/en\/wp-json\/wp\/v2\/product_brand?post=16727"},{"taxonomy":"product_cat","embeddable":true,"href":"https:\/\/onlan-gaming.com\/en\/wp-json\/wp\/v2\/product_cat?post=16727"},{"taxonomy":"product_tag","embeddable":true,"href":"https:\/\/onlan-gaming.com\/en\/wp-json\/wp\/v2\/product_tag?post=16727"}],"curies":[{"name":"wp","href":"https:\/\/api.w.org\/{rel}","templated":true}]}}