{"id":16725,"date":"2023-09-21T15:33:06","date_gmt":"2023-09-21T13:33:06","guid":{"rendered":"https:\/\/onlan-gaming.com\/?post_type=product&#038;p=16725"},"modified":"2025-07-23T01:36:10","modified_gmt":"2025-07-22T23:36:10","slug":"ca-100-clavier-mecanique-tkl","status":"publish","type":"product","link":"https:\/\/onlan-gaming.com\/en\/product\/ca-100-clavier-mecanique-tkl\/","title":{"rendered":"CA-100 Clavier M\u00e9canique 60%"},"content":{"rendered":"<ul>\n<li>Clavier compact m\u00e9canique TKL<\/li>\n<li>64 touches<\/li>\n<li>Anti-ghosting total avec N-Key rollover<\/li>\n<li>Switchs rouge haute performance<\/li>\n<li>Fonction blocage de la touche Windows<\/li>\n<li>C\u00e2ble USB-C d\u00e9tachable<\/li>\n<li>R\u00e9tro-\u00e9clairage violet<\/li>\n<\/ul>\n","protected":false},"excerpt":{"rendered":"<p>Compact, le clavier m\u00e9canique CA-100 cumule l&#8217;essentiel des fonctionnalit\u00e9 indispensables d&#8217;un clavier gamer pro : des switchs enti\u00e8rement m\u00e9caniques rouges hautes performances, un anti ghosting complet, blocage de la touche Windows. Son format TKL, vous permettra d&#8217;occuper un espace minimum sur votre bureau mais aussi de l&#8217;emporter partout gr\u00e2ce \u00e0 son c\u00e2ble USB-C amovible. Son r\u00e9tro\u00e9clairage aux couleur du stream vous plongera instantan\u00e9ment dans l&#8217;ambiance.<\/p>\n","protected":false},"featured_media":15480,"template":"","meta":{"_acf_changed":false,"footnotes":""},"product_brand":[],"product_cat":[521],"product_tag":[507],"class_list":{"0":"post-16725","1":"product","2":"type-product","3":"status-publish","4":"has-post-thumbnail","6":"product_cat-clavier","7":"product_tag-onlan","9":"first","10":"outofstock","11":"shipping-taxable","12":"purchasable","13":"product-type-simple"},"acf":[],"yoast_head":"<!-- This site is optimized with the Yoast SEO plugin v25.7 - https:\/\/yoast.com\/wordpress\/plugins\/seo\/ -->\n<title>CA-100 Clavier M\u00e9canique 60% - OnLan Gaming<\/title>\n<meta name=\"robots\" content=\"index, follow, max-snippet:-1, max-image-preview:large, max-video-preview:-1\" \/>\n<link rel=\"canonical\" href=\"https:\/\/onlan-gaming.com\/product\/ca-100-clavier-mecanique-tkl\/\" \/>\n<meta property=\"og:locale\" content=\"en_US\" \/>\n<meta property=\"og:type\" content=\"article\" \/>\n<meta property=\"og:title\" content=\"CA-100 Clavier M\u00e9canique 60% - OnLan Gaming\" \/>\n<meta property=\"og:description\" content=\"Compact, le clavier m\u00e9canique CA-100 cumule l&#039;essentiel des fonctionnalit\u00e9 indispensables d&#039;un clavier gamer pro : des switchs enti\u00e8rement m\u00e9caniques rouges hautes performances, un anti ghosting complet, blocage de la touche Windows. Son format TKL, vous permettra d&#039;occuper un espace minimum sur votre bureau mais aussi de l&#039;emporter partout gr\u00e2ce \u00e0 son c\u00e2ble USB-C amovible. Son r\u00e9tro\u00e9clairage aux couleur du stream vous plongera instantan\u00e9ment dans l&#039;ambiance.\" \/>\n<meta property=\"og:url\" content=\"https:\/\/onlan-gaming.com\/product\/ca-100-clavier-mecanique-tkl\/\" \/>\n<meta property=\"og:site_name\" content=\"OnLan Gaming\" \/>\n<meta property=\"article:modified_time\" content=\"2025-07-22T23:36:10+00:00\" \/>\n<meta property=\"og:image\" content=\"https:\/\/onlan-gaming.com\/wp-content\/uploads\/ONLAN_3015220943188_1-2.png\" \/>\n\t<meta property=\"og:image:width\" content=\"1600\" \/>\n\t<meta property=\"og:image:height\" content=\"1600\" \/>\n\t<meta property=\"og:image:type\" content=\"image\/png\" \/>\n<meta name=\"twitter:card\" content=\"summary_large_image\" \/>\n<script type=\"application\/ld+json\" class=\"yoast-schema-graph\">{\"@context\":\"https:\/\/schema.org\",\"@graph\":[{\"@type\":\"WebPage\",\"@id\":\"https:\/\/onlan-gaming.com\/product\/ca-100-clavier-mecanique-tkl\/\",\"url\":\"https:\/\/onlan-gaming.com\/product\/ca-100-clavier-mecanique-tkl\/\",\"name\":\"CA-100 Clavier M\u00e9canique 60% - OnLan Gaming\",\"isPartOf\":{\"@id\":\"https:\/\/onlan-gaming.com\/#website\"},\"primaryImageOfPage\":{\"@id\":\"https:\/\/onlan-gaming.com\/product\/ca-100-clavier-mecanique-tkl\/#primaryimage\"},\"image\":{\"@id\":\"https:\/\/onlan-gaming.com\/product\/ca-100-clavier-mecanique-tkl\/#primaryimage\"},\"thumbnailUrl\":\"https:\/\/onlan-gaming.com\/wp-content\/uploads\/ONLAN_3015220943188_1-2.png\",\"datePublished\":\"2023-09-21T13:33:06+00:00\",\"dateModified\":\"2025-07-22T23:36:10+00:00\",\"breadcrumb\":{\"@id\":\"https:\/\/onlan-gaming.com\/product\/ca-100-clavier-mecanique-tkl\/#breadcrumb\"},\"inLanguage\":\"en-US\",\"potentialAction\":[{\"@type\":\"ReadAction\",\"target\":[\"https:\/\/onlan-gaming.com\/product\/ca-100-clavier-mecanique-tkl\/\"]}]},{\"@type\":\"ImageObject\",\"inLanguage\":\"en-US\",\"@id\":\"https:\/\/onlan-gaming.com\/product\/ca-100-clavier-mecanique-tkl\/#primaryimage\",\"url\":\"https:\/\/onlan-gaming.com\/wp-content\/uploads\/ONLAN_3015220943188_1-2.png\",\"contentUrl\":\"https:\/\/onlan-gaming.com\/wp-content\/uploads\/ONLAN_3015220943188_1-2.png\",\"width\":1600,\"height\":1600},{\"@type\":\"BreadcrumbList\",\"@id\":\"https:\/\/onlan-gaming.com\/product\/ca-100-clavier-mecanique-tkl\/#breadcrumb\",\"itemListElement\":[{\"@type\":\"ListItem\",\"position\":1,\"name\":\"Shop\",\"item\":\"https:\/\/onlan-gaming.com\/en\/shop-2\/\"},{\"@type\":\"ListItem\",\"position\":2,\"name\":\"CA-100 Clavier M\u00e9canique 60%\"}]},{\"@type\":\"WebSite\",\"@id\":\"https:\/\/onlan-gaming.com\/#website\",\"url\":\"https:\/\/onlan-gaming.com\/\",\"name\":\"OnLan Gaming\",\"description\":\"\",\"potentialAction\":[{\"@type\":\"SearchAction\",\"target\":{\"@type\":\"EntryPoint\",\"urlTemplate\":\"https:\/\/onlan-gaming.com\/?s={search_term_string}\"},\"query-input\":{\"@type\":\"PropertyValueSpecification\",\"valueRequired\":true,\"valueName\":\"search_term_string\"}}],\"inLanguage\":\"en-US\"}]}<\/script>\n<!-- \/ Yoast SEO plugin. -->","yoast_head_json":{"title":"CA-100 Clavier M\u00e9canique 60% - OnLan Gaming","robots":{"index":"index","follow":"follow","max-snippet":"max-snippet:-1","max-image-preview":"max-image-preview:large","max-video-preview":"max-video-preview:-1"},"canonical":"https:\/\/onlan-gaming.com\/product\/ca-100-clavier-mecanique-tkl\/","og_locale":"en_US","og_type":"article","og_title":"CA-100 Clavier M\u00e9canique 60% - OnLan Gaming","og_description":"Compact, le clavier m\u00e9canique CA-100 cumule l'essentiel des fonctionnalit\u00e9 indispensables d'un clavier gamer pro : des switchs enti\u00e8rement m\u00e9caniques rouges hautes performances, un anti ghosting complet, blocage de la touche Windows. Son format TKL, vous permettra d'occuper un espace minimum sur votre bureau mais aussi de l'emporter partout gr\u00e2ce \u00e0 son c\u00e2ble USB-C amovible. Son r\u00e9tro\u00e9clairage aux couleur du stream vous plongera instantan\u00e9ment dans l'ambiance.","og_url":"https:\/\/onlan-gaming.com\/product\/ca-100-clavier-mecanique-tkl\/","og_site_name":"OnLan Gaming","article_modified_time":"2025-07-22T23:36:10+00:00","og_image":[{"width":1600,"height":1600,"url":"https:\/\/onlan-gaming.com\/wp-content\/uploads\/ONLAN_3015220943188_1-2.png","type":"image\/png"}],"twitter_card":"summary_large_image","schema":{"@context":"https:\/\/schema.org","@graph":[{"@type":"WebPage","@id":"https:\/\/onlan-gaming.com\/product\/ca-100-clavier-mecanique-tkl\/","url":"https:\/\/onlan-gaming.com\/product\/ca-100-clavier-mecanique-tkl\/","name":"CA-100 Clavier M\u00e9canique 60% - OnLan Gaming","isPartOf":{"@id":"https:\/\/onlan-gaming.com\/#website"},"primaryImageOfPage":{"@id":"https:\/\/onlan-gaming.com\/product\/ca-100-clavier-mecanique-tkl\/#primaryimage"},"image":{"@id":"https:\/\/onlan-gaming.com\/product\/ca-100-clavier-mecanique-tkl\/#primaryimage"},"thumbnailUrl":"https:\/\/onlan-gaming.com\/wp-content\/uploads\/ONLAN_3015220943188_1-2.png","datePublished":"2023-09-21T13:33:06+00:00","dateModified":"2025-07-22T23:36:10+00:00","breadcrumb":{"@id":"https:\/\/onlan-gaming.com\/product\/ca-100-clavier-mecanique-tkl\/#breadcrumb"},"inLanguage":"en-US","potentialAction":[{"@type":"ReadAction","target":["https:\/\/onlan-gaming.com\/product\/ca-100-clavier-mecanique-tkl\/"]}]},{"@type":"ImageObject","inLanguage":"en-US","@id":"https:\/\/onlan-gaming.com\/product\/ca-100-clavier-mecanique-tkl\/#primaryimage","url":"https:\/\/onlan-gaming.com\/wp-content\/uploads\/ONLAN_3015220943188_1-2.png","contentUrl":"https:\/\/onlan-gaming.com\/wp-content\/uploads\/ONLAN_3015220943188_1-2.png","width":1600,"height":1600},{"@type":"BreadcrumbList","@id":"https:\/\/onlan-gaming.com\/product\/ca-100-clavier-mecanique-tkl\/#breadcrumb","itemListElement":[{"@type":"ListItem","position":1,"name":"Shop","item":"https:\/\/onlan-gaming.com\/en\/shop-2\/"},{"@type":"ListItem","position":2,"name":"CA-100 Clavier M\u00e9canique 60%"}]},{"@type":"WebSite","@id":"https:\/\/onlan-gaming.com\/#website","url":"https:\/\/onlan-gaming.com\/","name":"OnLan Gaming","description":"","potentialAction":[{"@type":"SearchAction","target":{"@type":"EntryPoint","urlTemplate":"https:\/\/onlan-gaming.com\/?s={search_term_string}"},"query-input":{"@type":"PropertyValueSpecification","valueRequired":true,"valueName":"search_term_string"}}],"inLanguage":"en-US"}]}},"_links":{"self":[{"href":"https:\/\/onlan-gaming.com\/en\/wp-json\/wp\/v2\/product\/16725","targetHints":{"allow":["GET"]}}],"collection":[{"href":"https:\/\/onlan-gaming.com\/en\/wp-json\/wp\/v2\/product"}],"about":[{"href":"https:\/\/onlan-gaming.com\/en\/wp-json\/wp\/v2\/types\/product"}],"version-history":[{"count":2,"href":"https:\/\/onlan-gaming.com\/en\/wp-json\/wp\/v2\/product\/16725\/revisions"}],"predecessor-version":[{"id":17315,"href":"https:\/\/onlan-gaming.com\/en\/wp-json\/wp\/v2\/product\/16725\/revisions\/17315"}],"wp:featuredmedia":[{"embeddable":true,"href":"https:\/\/onlan-gaming.com\/en\/wp-json\/wp\/v2\/media\/15480"}],"wp:attachment":[{"href":"https:\/\/onlan-gaming.com\/en\/wp-json\/wp\/v2\/media?parent=16725"}],"wp:term":[{"taxonomy":"product_brand","embeddable":true,"href":"https:\/\/onlan-gaming.com\/en\/wp-json\/wp\/v2\/product_brand?post=16725"},{"taxonomy":"product_cat","embeddable":true,"href":"https:\/\/onlan-gaming.com\/en\/wp-json\/wp\/v2\/product_cat?post=16725"},{"taxonomy":"product_tag","embeddable":true,"href":"https:\/\/onlan-gaming.com\/en\/wp-json\/wp\/v2\/product_tag?post=16725"}],"curies":[{"name":"wp","href":"https:\/\/api.w.org\/{rel}","templated":true}]}}