{"id":15367,"date":"2023-06-17T06:06:19","date_gmt":"2023-06-17T04:06:19","guid":{"rendered":"https:\/\/onlan-gaming.com\/?post_type=product&#038;p=15367"},"modified":"2025-09-18T01:36:11","modified_gmt":"2025-09-17T23:36:11","slug":"ae-30-lampe-streaming","status":"publish","type":"product","link":"https:\/\/onlan-gaming.com\/en\/product\/ae-30-lampe-streaming\/","title":{"rendered":"AE-30 LAMPE STREAMING Lampe Streaming"},"content":{"rendered":"<ul>\n<li>Parfait pour la vid\u00e9o<\/li>\n<li>Diam\u00e8tre : 11 pouces (28cm)<\/li>\n<li>120 LEDs<\/li>\n<li>Type de LED : SMD<\/li>\n<li>11W (equivalent 75W)<\/li>\n<li>Temperature de couleur adjustable : 3200-6500 Kelvin<\/li>\n<li>Support jusqu&#8217;\u00e0 1.55m<\/li>\n<li>Alimentation par USB<\/li>\n<\/ul>\n","protected":false},"excerpt":{"rendered":"<p>Pour assurer la qualit\u00e9 de vos images lors de vos streams il est important d&#8217;apporter de la lumi\u00e8re. L&#8217;anneau de lumi\u00e8re AE-30 vous permet d&#8217;ajuster la quantit\u00e9 de lumi\u00e8re sur votre visage ainsi que la temp\u00e9rature de couleur. Obtenez le bon tein qui vous caract\u00e9rise en ajustant l&#8217;\u00e9clairage \u00e0 vos condition de tournage : chaud, moyen ou froid. en outre, la particularit\u00e9 de l&#8217;anneau donnera \u00e0 votre regard une force suppl\u00e9mentaire avec ses reflets percants.<\/p>\n","protected":false},"featured_media":15811,"template":"","meta":{"_acf_changed":false,"footnotes":""},"product_brand":[],"product_cat":[526],"product_tag":[507],"class_list":{"0":"post-15367","1":"product","2":"type-product","3":"status-publish","4":"has-post-thumbnail","6":"product_cat-lumiere","7":"product_tag-onlan","9":"first","10":"instock","11":"shipping-taxable","12":"purchasable","13":"product-type-simple"},"acf":[],"yoast_head":"<!-- This site is optimized with the Yoast SEO plugin v25.7 - https:\/\/yoast.com\/wordpress\/plugins\/seo\/ -->\n<title>AE-30 LAMPE STREAMING Lampe Streaming - OnLan Gaming<\/title>\n<meta name=\"robots\" content=\"index, follow, max-snippet:-1, max-image-preview:large, max-video-preview:-1\" \/>\n<link rel=\"canonical\" href=\"https:\/\/onlan-gaming.com\/product\/ae-30-lampe-streaming\/\" \/>\n<meta property=\"og:locale\" content=\"en_US\" \/>\n<meta property=\"og:type\" content=\"article\" \/>\n<meta property=\"og:title\" content=\"AE-30 LAMPE STREAMING Lampe Streaming - OnLan Gaming\" \/>\n<meta property=\"og:description\" content=\"Pour assurer la qualit\u00e9 de vos images lors de vos streams il est important d&#039;apporter de la lumi\u00e8re. L&#039;anneau de lumi\u00e8re AE-30 vous permet d&#039;ajuster la quantit\u00e9 de lumi\u00e8re sur votre visage ainsi que la temp\u00e9rature de couleur. Obtenez le bon tein qui vous caract\u00e9rise en ajustant l&#039;\u00e9clairage \u00e0 vos condition de tournage : chaud, moyen ou froid. en outre, la particularit\u00e9 de l&#039;anneau donnera \u00e0 votre regard une force suppl\u00e9mentaire avec ses reflets percants.\" \/>\n<meta property=\"og:url\" content=\"https:\/\/onlan-gaming.com\/product\/ae-30-lampe-streaming\/\" \/>\n<meta property=\"og:site_name\" content=\"OnLan Gaming\" \/>\n<meta property=\"article:modified_time\" content=\"2025-09-17T23:36:11+00:00\" \/>\n<meta property=\"og:image\" content=\"https:\/\/onlan-gaming.com\/wp-content\/uploads\/ONLAN_3015220943270_1-5.png\" \/>\n\t<meta property=\"og:image:width\" content=\"1600\" \/>\n\t<meta property=\"og:image:height\" content=\"1600\" \/>\n\t<meta property=\"og:image:type\" content=\"image\/png\" \/>\n<meta name=\"twitter:card\" content=\"summary_large_image\" \/>\n<script type=\"application\/ld+json\" class=\"yoast-schema-graph\">{\"@context\":\"https:\/\/schema.org\",\"@graph\":[{\"@type\":\"WebPage\",\"@id\":\"https:\/\/onlan-gaming.com\/product\/ae-30-lampe-streaming\/\",\"url\":\"https:\/\/onlan-gaming.com\/product\/ae-30-lampe-streaming\/\",\"name\":\"AE-30 LAMPE STREAMING Lampe Streaming - OnLan Gaming\",\"isPartOf\":{\"@id\":\"https:\/\/onlan-gaming.com\/#website\"},\"primaryImageOfPage\":{\"@id\":\"https:\/\/onlan-gaming.com\/product\/ae-30-lampe-streaming\/#primaryimage\"},\"image\":{\"@id\":\"https:\/\/onlan-gaming.com\/product\/ae-30-lampe-streaming\/#primaryimage\"},\"thumbnailUrl\":\"https:\/\/onlan-gaming.com\/wp-content\/uploads\/ONLAN_3015220943270_1-5.png\",\"datePublished\":\"2023-06-17T04:06:19+00:00\",\"dateModified\":\"2025-09-17T23:36:11+00:00\",\"breadcrumb\":{\"@id\":\"https:\/\/onlan-gaming.com\/product\/ae-30-lampe-streaming\/#breadcrumb\"},\"inLanguage\":\"en-US\",\"potentialAction\":[{\"@type\":\"ReadAction\",\"target\":[\"https:\/\/onlan-gaming.com\/product\/ae-30-lampe-streaming\/\"]}]},{\"@type\":\"ImageObject\",\"inLanguage\":\"en-US\",\"@id\":\"https:\/\/onlan-gaming.com\/product\/ae-30-lampe-streaming\/#primaryimage\",\"url\":\"https:\/\/onlan-gaming.com\/wp-content\/uploads\/ONLAN_3015220943270_1-5.png\",\"contentUrl\":\"https:\/\/onlan-gaming.com\/wp-content\/uploads\/ONLAN_3015220943270_1-5.png\",\"width\":1600,\"height\":1600},{\"@type\":\"BreadcrumbList\",\"@id\":\"https:\/\/onlan-gaming.com\/product\/ae-30-lampe-streaming\/#breadcrumb\",\"itemListElement\":[{\"@type\":\"ListItem\",\"position\":1,\"name\":\"Shop\",\"item\":\"https:\/\/onlan-gaming.com\/en\/shop-2\/\"},{\"@type\":\"ListItem\",\"position\":2,\"name\":\"AE-30 LAMPE STREAMING Lampe Streaming\"}]},{\"@type\":\"WebSite\",\"@id\":\"https:\/\/onlan-gaming.com\/#website\",\"url\":\"https:\/\/onlan-gaming.com\/\",\"name\":\"OnLan Gaming\",\"description\":\"\",\"potentialAction\":[{\"@type\":\"SearchAction\",\"target\":{\"@type\":\"EntryPoint\",\"urlTemplate\":\"https:\/\/onlan-gaming.com\/?s={search_term_string}\"},\"query-input\":{\"@type\":\"PropertyValueSpecification\",\"valueRequired\":true,\"valueName\":\"search_term_string\"}}],\"inLanguage\":\"en-US\"}]}<\/script>\n<!-- \/ Yoast SEO plugin. -->","yoast_head_json":{"title":"AE-30 LAMPE STREAMING Lampe Streaming - OnLan Gaming","robots":{"index":"index","follow":"follow","max-snippet":"max-snippet:-1","max-image-preview":"max-image-preview:large","max-video-preview":"max-video-preview:-1"},"canonical":"https:\/\/onlan-gaming.com\/product\/ae-30-lampe-streaming\/","og_locale":"en_US","og_type":"article","og_title":"AE-30 LAMPE STREAMING Lampe Streaming - OnLan Gaming","og_description":"Pour assurer la qualit\u00e9 de vos images lors de vos streams il est important d'apporter de la lumi\u00e8re. L'anneau de lumi\u00e8re AE-30 vous permet d'ajuster la quantit\u00e9 de lumi\u00e8re sur votre visage ainsi que la temp\u00e9rature de couleur. Obtenez le bon tein qui vous caract\u00e9rise en ajustant l'\u00e9clairage \u00e0 vos condition de tournage : chaud, moyen ou froid. en outre, la particularit\u00e9 de l'anneau donnera \u00e0 votre regard une force suppl\u00e9mentaire avec ses reflets percants.","og_url":"https:\/\/onlan-gaming.com\/product\/ae-30-lampe-streaming\/","og_site_name":"OnLan Gaming","article_modified_time":"2025-09-17T23:36:11+00:00","og_image":[{"width":1600,"height":1600,"url":"https:\/\/onlan-gaming.com\/wp-content\/uploads\/ONLAN_3015220943270_1-5.png","type":"image\/png"}],"twitter_card":"summary_large_image","schema":{"@context":"https:\/\/schema.org","@graph":[{"@type":"WebPage","@id":"https:\/\/onlan-gaming.com\/product\/ae-30-lampe-streaming\/","url":"https:\/\/onlan-gaming.com\/product\/ae-30-lampe-streaming\/","name":"AE-30 LAMPE STREAMING Lampe Streaming - OnLan Gaming","isPartOf":{"@id":"https:\/\/onlan-gaming.com\/#website"},"primaryImageOfPage":{"@id":"https:\/\/onlan-gaming.com\/product\/ae-30-lampe-streaming\/#primaryimage"},"image":{"@id":"https:\/\/onlan-gaming.com\/product\/ae-30-lampe-streaming\/#primaryimage"},"thumbnailUrl":"https:\/\/onlan-gaming.com\/wp-content\/uploads\/ONLAN_3015220943270_1-5.png","datePublished":"2023-06-17T04:06:19+00:00","dateModified":"2025-09-17T23:36:11+00:00","breadcrumb":{"@id":"https:\/\/onlan-gaming.com\/product\/ae-30-lampe-streaming\/#breadcrumb"},"inLanguage":"en-US","potentialAction":[{"@type":"ReadAction","target":["https:\/\/onlan-gaming.com\/product\/ae-30-lampe-streaming\/"]}]},{"@type":"ImageObject","inLanguage":"en-US","@id":"https:\/\/onlan-gaming.com\/product\/ae-30-lampe-streaming\/#primaryimage","url":"https:\/\/onlan-gaming.com\/wp-content\/uploads\/ONLAN_3015220943270_1-5.png","contentUrl":"https:\/\/onlan-gaming.com\/wp-content\/uploads\/ONLAN_3015220943270_1-5.png","width":1600,"height":1600},{"@type":"BreadcrumbList","@id":"https:\/\/onlan-gaming.com\/product\/ae-30-lampe-streaming\/#breadcrumb","itemListElement":[{"@type":"ListItem","position":1,"name":"Shop","item":"https:\/\/onlan-gaming.com\/en\/shop-2\/"},{"@type":"ListItem","position":2,"name":"AE-30 LAMPE STREAMING Lampe Streaming"}]},{"@type":"WebSite","@id":"https:\/\/onlan-gaming.com\/#website","url":"https:\/\/onlan-gaming.com\/","name":"OnLan Gaming","description":"","potentialAction":[{"@type":"SearchAction","target":{"@type":"EntryPoint","urlTemplate":"https:\/\/onlan-gaming.com\/?s={search_term_string}"},"query-input":{"@type":"PropertyValueSpecification","valueRequired":true,"valueName":"search_term_string"}}],"inLanguage":"en-US"}]}},"_links":{"self":[{"href":"https:\/\/onlan-gaming.com\/en\/wp-json\/wp\/v2\/product\/15367","targetHints":{"allow":["GET"]}}],"collection":[{"href":"https:\/\/onlan-gaming.com\/en\/wp-json\/wp\/v2\/product"}],"about":[{"href":"https:\/\/onlan-gaming.com\/en\/wp-json\/wp\/v2\/types\/product"}],"version-history":[{"count":4,"href":"https:\/\/onlan-gaming.com\/en\/wp-json\/wp\/v2\/product\/15367\/revisions"}],"predecessor-version":[{"id":17146,"href":"https:\/\/onlan-gaming.com\/en\/wp-json\/wp\/v2\/product\/15367\/revisions\/17146"}],"wp:featuredmedia":[{"embeddable":true,"href":"https:\/\/onlan-gaming.com\/en\/wp-json\/wp\/v2\/media\/15811"}],"wp:attachment":[{"href":"https:\/\/onlan-gaming.com\/en\/wp-json\/wp\/v2\/media?parent=15367"}],"wp:term":[{"taxonomy":"product_brand","embeddable":true,"href":"https:\/\/onlan-gaming.com\/en\/wp-json\/wp\/v2\/product_brand?post=15367"},{"taxonomy":"product_cat","embeddable":true,"href":"https:\/\/onlan-gaming.com\/en\/wp-json\/wp\/v2\/product_cat?post=15367"},{"taxonomy":"product_tag","embeddable":true,"href":"https:\/\/onlan-gaming.com\/en\/wp-json\/wp\/v2\/product_tag?post=15367"}],"curies":[{"name":"wp","href":"https:\/\/api.w.org\/{rel}","templated":true}]}}