{"id":14841,"date":"2022-11-02T15:36:49","date_gmt":"2022-11-02T14:36:49","guid":{"rendered":"https:\/\/onlan-gaming.com\/?post_type=product&#038;p=14841"},"modified":"2025-09-18T01:36:14","modified_gmt":"2025-09-17T23:36:14","slug":"ps-50-pack-streaming","status":"publish","type":"product","link":"https:\/\/onlan-gaming.com\/en\/product\/ps-50-pack-streaming\/","title":{"rendered":"PS-50 PACK STREAMING Pack Streaming"},"content":{"rendered":"<ul>\n<li>Tr\u00e9pied\/Poign\u00e9e<\/li>\n<li>Pince Smartphone<\/li>\n<li>36 LEDs<\/li>\n<li>Lampe video rechargeable (6500K)<\/li>\n<li>Micro card\u00efoide avec reduction du bruit<\/li>\n<li>D\u00e9clencheur sans-fil<\/li>\n<\/ul>\n","protected":false},"excerpt":{"rendered":"<p>Le set d&#8217;accessoires PS-50 vous offre les \u00e9l\u00e9ments basiques pour d\u00e9buter dans le streaming ou le vlogging. Munis de votre smartphone ou de votre appareil photo, vous pouvez vous connecter \u00e0 votre PC ou vous enregistrer. Streamez d&#8217;o\u00f9 vous voulez gr\u00e2ce \u00e0 son tr\u00e9pied (utilisable en poign\u00e9e), sa lampe Led autonome, son micro et son clip pour smartphone. Vous pouvez m\u00eame lancer vos enregistrement avec son d\u00e9clencheur sans fil. Chaque \u00e9l\u00e9ment \u00e9tant s\u00e9par\u00e9, l&#8217;ensemble est totalement modulaire.<\/p>\n","protected":false},"featured_media":15976,"template":"","meta":{"_acf_changed":false,"footnotes":""},"product_brand":[],"product_cat":[528],"product_tag":[507],"class_list":{"0":"post-14841","1":"product","2":"type-product","3":"status-publish","4":"has-post-thumbnail","6":"product_cat-support","7":"product_tag-onlan","9":"first","10":"instock","11":"shipping-taxable","12":"purchasable","13":"product-type-simple"},"acf":[],"yoast_head":"<!-- This site is optimized with the Yoast SEO plugin v25.7 - https:\/\/yoast.com\/wordpress\/plugins\/seo\/ -->\n<title>PS-50 PACK STREAMING Pack Streaming - OnLan Gaming<\/title>\n<meta name=\"robots\" content=\"index, follow, max-snippet:-1, max-image-preview:large, max-video-preview:-1\" \/>\n<link rel=\"canonical\" href=\"https:\/\/onlan-gaming.com\/product\/ps-50-pack-streaming\/\" \/>\n<meta property=\"og:locale\" content=\"en_US\" \/>\n<meta property=\"og:type\" content=\"article\" \/>\n<meta property=\"og:title\" content=\"PS-50 PACK STREAMING Pack Streaming - OnLan Gaming\" \/>\n<meta property=\"og:description\" content=\"Le set d&#039;accessoires PS-50 vous offre les \u00e9l\u00e9ments basiques pour d\u00e9buter dans le streaming ou le vlogging. Munis de votre smartphone ou de votre appareil photo, vous pouvez vous connecter \u00e0 votre PC ou vous enregistrer. Streamez d&#039;o\u00f9 vous voulez gr\u00e2ce \u00e0 son tr\u00e9pied (utilisable en poign\u00e9e), sa lampe Led autonome, son micro et son clip pour smartphone. Vous pouvez m\u00eame lancer vos enregistrement avec son d\u00e9clencheur sans fil. Chaque \u00e9l\u00e9ment \u00e9tant s\u00e9par\u00e9, l&#039;ensemble est totalement modulaire.\" \/>\n<meta property=\"og:url\" content=\"https:\/\/onlan-gaming.com\/product\/ps-50-pack-streaming\/\" \/>\n<meta property=\"og:site_name\" content=\"OnLan Gaming\" \/>\n<meta property=\"article:modified_time\" content=\"2025-09-17T23:36:14+00:00\" \/>\n<meta property=\"og:image\" content=\"https:\/\/onlan-gaming.com\/wp-content\/uploads\/ONLAN_3015220943294_1-8.png\" \/>\n\t<meta property=\"og:image:width\" content=\"1600\" \/>\n\t<meta property=\"og:image:height\" content=\"1600\" \/>\n\t<meta property=\"og:image:type\" content=\"image\/png\" \/>\n<meta name=\"twitter:card\" content=\"summary_large_image\" \/>\n<script type=\"application\/ld+json\" class=\"yoast-schema-graph\">{\"@context\":\"https:\/\/schema.org\",\"@graph\":[{\"@type\":\"WebPage\",\"@id\":\"https:\/\/onlan-gaming.com\/product\/ps-50-pack-streaming\/\",\"url\":\"https:\/\/onlan-gaming.com\/product\/ps-50-pack-streaming\/\",\"name\":\"PS-50 PACK STREAMING Pack Streaming - OnLan Gaming\",\"isPartOf\":{\"@id\":\"https:\/\/onlan-gaming.com\/#website\"},\"primaryImageOfPage\":{\"@id\":\"https:\/\/onlan-gaming.com\/product\/ps-50-pack-streaming\/#primaryimage\"},\"image\":{\"@id\":\"https:\/\/onlan-gaming.com\/product\/ps-50-pack-streaming\/#primaryimage\"},\"thumbnailUrl\":\"https:\/\/onlan-gaming.com\/wp-content\/uploads\/ONLAN_3015220943294_1-8.png\",\"datePublished\":\"2022-11-02T14:36:49+00:00\",\"dateModified\":\"2025-09-17T23:36:14+00:00\",\"breadcrumb\":{\"@id\":\"https:\/\/onlan-gaming.com\/product\/ps-50-pack-streaming\/#breadcrumb\"},\"inLanguage\":\"en-US\",\"potentialAction\":[{\"@type\":\"ReadAction\",\"target\":[\"https:\/\/onlan-gaming.com\/product\/ps-50-pack-streaming\/\"]}]},{\"@type\":\"ImageObject\",\"inLanguage\":\"en-US\",\"@id\":\"https:\/\/onlan-gaming.com\/product\/ps-50-pack-streaming\/#primaryimage\",\"url\":\"https:\/\/onlan-gaming.com\/wp-content\/uploads\/ONLAN_3015220943294_1-8.png\",\"contentUrl\":\"https:\/\/onlan-gaming.com\/wp-content\/uploads\/ONLAN_3015220943294_1-8.png\",\"width\":1600,\"height\":1600},{\"@type\":\"BreadcrumbList\",\"@id\":\"https:\/\/onlan-gaming.com\/product\/ps-50-pack-streaming\/#breadcrumb\",\"itemListElement\":[{\"@type\":\"ListItem\",\"position\":1,\"name\":\"Shop\",\"item\":\"https:\/\/onlan-gaming.com\/en\/shop-2\/\"},{\"@type\":\"ListItem\",\"position\":2,\"name\":\"PS-50 PACK STREAMING Pack Streaming\"}]},{\"@type\":\"WebSite\",\"@id\":\"https:\/\/onlan-gaming.com\/#website\",\"url\":\"https:\/\/onlan-gaming.com\/\",\"name\":\"OnLan Gaming\",\"description\":\"\",\"potentialAction\":[{\"@type\":\"SearchAction\",\"target\":{\"@type\":\"EntryPoint\",\"urlTemplate\":\"https:\/\/onlan-gaming.com\/?s={search_term_string}\"},\"query-input\":{\"@type\":\"PropertyValueSpecification\",\"valueRequired\":true,\"valueName\":\"search_term_string\"}}],\"inLanguage\":\"en-US\"}]}<\/script>\n<!-- \/ Yoast SEO plugin. -->","yoast_head_json":{"title":"PS-50 PACK STREAMING Pack Streaming - OnLan Gaming","robots":{"index":"index","follow":"follow","max-snippet":"max-snippet:-1","max-image-preview":"max-image-preview:large","max-video-preview":"max-video-preview:-1"},"canonical":"https:\/\/onlan-gaming.com\/product\/ps-50-pack-streaming\/","og_locale":"en_US","og_type":"article","og_title":"PS-50 PACK STREAMING Pack Streaming - OnLan Gaming","og_description":"Le set d'accessoires PS-50 vous offre les \u00e9l\u00e9ments basiques pour d\u00e9buter dans le streaming ou le vlogging. Munis de votre smartphone ou de votre appareil photo, vous pouvez vous connecter \u00e0 votre PC ou vous enregistrer. Streamez d'o\u00f9 vous voulez gr\u00e2ce \u00e0 son tr\u00e9pied (utilisable en poign\u00e9e), sa lampe Led autonome, son micro et son clip pour smartphone. Vous pouvez m\u00eame lancer vos enregistrement avec son d\u00e9clencheur sans fil. Chaque \u00e9l\u00e9ment \u00e9tant s\u00e9par\u00e9, l'ensemble est totalement modulaire.","og_url":"https:\/\/onlan-gaming.com\/product\/ps-50-pack-streaming\/","og_site_name":"OnLan Gaming","article_modified_time":"2025-09-17T23:36:14+00:00","og_image":[{"width":1600,"height":1600,"url":"https:\/\/onlan-gaming.com\/wp-content\/uploads\/ONLAN_3015220943294_1-8.png","type":"image\/png"}],"twitter_card":"summary_large_image","schema":{"@context":"https:\/\/schema.org","@graph":[{"@type":"WebPage","@id":"https:\/\/onlan-gaming.com\/product\/ps-50-pack-streaming\/","url":"https:\/\/onlan-gaming.com\/product\/ps-50-pack-streaming\/","name":"PS-50 PACK STREAMING Pack Streaming - OnLan Gaming","isPartOf":{"@id":"https:\/\/onlan-gaming.com\/#website"},"primaryImageOfPage":{"@id":"https:\/\/onlan-gaming.com\/product\/ps-50-pack-streaming\/#primaryimage"},"image":{"@id":"https:\/\/onlan-gaming.com\/product\/ps-50-pack-streaming\/#primaryimage"},"thumbnailUrl":"https:\/\/onlan-gaming.com\/wp-content\/uploads\/ONLAN_3015220943294_1-8.png","datePublished":"2022-11-02T14:36:49+00:00","dateModified":"2025-09-17T23:36:14+00:00","breadcrumb":{"@id":"https:\/\/onlan-gaming.com\/product\/ps-50-pack-streaming\/#breadcrumb"},"inLanguage":"en-US","potentialAction":[{"@type":"ReadAction","target":["https:\/\/onlan-gaming.com\/product\/ps-50-pack-streaming\/"]}]},{"@type":"ImageObject","inLanguage":"en-US","@id":"https:\/\/onlan-gaming.com\/product\/ps-50-pack-streaming\/#primaryimage","url":"https:\/\/onlan-gaming.com\/wp-content\/uploads\/ONLAN_3015220943294_1-8.png","contentUrl":"https:\/\/onlan-gaming.com\/wp-content\/uploads\/ONLAN_3015220943294_1-8.png","width":1600,"height":1600},{"@type":"BreadcrumbList","@id":"https:\/\/onlan-gaming.com\/product\/ps-50-pack-streaming\/#breadcrumb","itemListElement":[{"@type":"ListItem","position":1,"name":"Shop","item":"https:\/\/onlan-gaming.com\/en\/shop-2\/"},{"@type":"ListItem","position":2,"name":"PS-50 PACK STREAMING Pack Streaming"}]},{"@type":"WebSite","@id":"https:\/\/onlan-gaming.com\/#website","url":"https:\/\/onlan-gaming.com\/","name":"OnLan Gaming","description":"","potentialAction":[{"@type":"SearchAction","target":{"@type":"EntryPoint","urlTemplate":"https:\/\/onlan-gaming.com\/?s={search_term_string}"},"query-input":{"@type":"PropertyValueSpecification","valueRequired":true,"valueName":"search_term_string"}}],"inLanguage":"en-US"}]}},"_links":{"self":[{"href":"https:\/\/onlan-gaming.com\/en\/wp-json\/wp\/v2\/product\/14841","targetHints":{"allow":["GET"]}}],"collection":[{"href":"https:\/\/onlan-gaming.com\/en\/wp-json\/wp\/v2\/product"}],"about":[{"href":"https:\/\/onlan-gaming.com\/en\/wp-json\/wp\/v2\/types\/product"}],"version-history":[{"count":2,"href":"https:\/\/onlan-gaming.com\/en\/wp-json\/wp\/v2\/product\/14841\/revisions"}],"predecessor-version":[{"id":17143,"href":"https:\/\/onlan-gaming.com\/en\/wp-json\/wp\/v2\/product\/14841\/revisions\/17143"}],"wp:featuredmedia":[{"embeddable":true,"href":"https:\/\/onlan-gaming.com\/en\/wp-json\/wp\/v2\/media\/15976"}],"wp:attachment":[{"href":"https:\/\/onlan-gaming.com\/en\/wp-json\/wp\/v2\/media?parent=14841"}],"wp:term":[{"taxonomy":"product_brand","embeddable":true,"href":"https:\/\/onlan-gaming.com\/en\/wp-json\/wp\/v2\/product_brand?post=14841"},{"taxonomy":"product_cat","embeddable":true,"href":"https:\/\/onlan-gaming.com\/en\/wp-json\/wp\/v2\/product_cat?post=14841"},{"taxonomy":"product_tag","embeddable":true,"href":"https:\/\/onlan-gaming.com\/en\/wp-json\/wp\/v2\/product_tag?post=14841"}],"curies":[{"name":"wp","href":"https:\/\/api.w.org\/{rel}","templated":true}]}}